{"id":24565,"date":"2021-10-31T04:32:52","date_gmt":"2021-10-31T03:32:52","guid":{"rendered":"https:\/\/hempmont.pl\/?page_id=24565"},"modified":"2023-04-13T18:37:13","modified_gmt":"2023-04-13T16:37:13","slug":"hurt-cbd","status":"publish","type":"page","link":"https:\/\/hempmont.pl\/en\/wholesale-cbd\/","title":{"rendered":"Wholesale"},"content":{"rendered":"<div data-elementor-type=\"wp-page\" data-elementor-id=\"24565\" class=\"elementor elementor-24565\">\n\t\t\t\t\t\t<section class=\"elementor-section elementor-top-section elementor-element elementor-element-4b2e8b6 elementor-section-boxed elementor-section-height-default elementor-section-height-default\" data-id=\"4b2e8b6\" data-element_type=\"section\">\n\t\t\t\t\t\t<div class=\"elementor-container elementor-column-gap-default\">\n\t\t\t\t\t<div class=\"elementor-column elementor-col-100 elementor-top-column elementor-element elementor-element-063214c\" data-id=\"063214c\" data-element_type=\"column\">\n\t\t\t<div class=\"elementor-widget-wrap elementor-element-populated\">\n\t\t\t\t\t\t<div class=\"elementor-element elementor-element-0adf30a lte-heading-style-header-subheader-dash elementor-widget elementor-widget-lte-header\" data-id=\"0adf30a\" data-element_type=\"widget\" data-widget_type=\"lte-header.default\">\n\t\t\t\t<div class=\"elementor-widget-container\">\n\t\t\t\t\t<div class=\"lte-heading lte-style-header-subheader-dash lte-subcolor-main has-subheader heading-tag-h3 heading-subtag-h6\"><div class=\"lte-heading-content\"><h6 class=\"lte-subheader\">Business 2 Business<\/h6><h3 class=\"lte-header\">Wholesale CBD<\/h3><\/div><\/div>\t\t\t\t<\/div>\n\t\t\t\t<\/div>\n\t\t\t\t<div class=\"elementor-element elementor-element-38f24d1 elementor-widget elementor-widget-text-editor\" data-id=\"38f24d1\" data-element_type=\"widget\" data-widget_type=\"text-editor.default\">\n\t\t\t\t<div class=\"elementor-widget-container\">\n\t\t\t\t\t\t\t\t\t<p style=\"text-align: justify;\">Are you interested in the CBD business? Have you thought about how to open a hemp shop? Or maybe you just want to expand the range in your current outlet? Do you run a herbal shop, hemp shop, pub or service establishment where you think our products would work perfectly? Or maybe you would like to receive an offer for wholesale purchases or a production offer\u00a0<strong>white label?<\/strong><\/p>\n<p style=\"text-align: justify;\">If you are planning to introduce CBD hemp oils into your range then you have come to the right place. Contact our team at pomoc@hempmont.pl and find out how we can start working together. We offer wholesale of CBD products. The terms of cooperation we offer are very beneficial and our approach to each customer is individual.<\/p>\t\t\t\t\t\t\t\t<\/div>\n\t\t\t\t<\/div>\n\t\t\t\t\t<\/div>\n\t\t<\/div>\n\t\t\t\t\t<\/div>\n\t\t<\/section>\n\t\t\t\t<section class=\"elementor-section elementor-top-section elementor-element elementor-element-69f76b8 elementor-section-boxed elementor-section-height-default elementor-section-height-default\" data-id=\"69f76b8\" data-element_type=\"section\">\n\t\t\t\t\t\t<div class=\"elementor-container elementor-column-gap-default\">\n\t\t\t\t\t<div class=\"elementor-column elementor-col-100 elementor-top-column elementor-element elementor-element-c76abc8\" data-id=\"c76abc8\" data-element_type=\"column\">\n\t\t\t<div class=\"elementor-widget-wrap elementor-element-populated\">\n\t\t\t\t\t\t<div class=\"elementor-element elementor-element-1947334 elementor-widget elementor-widget-spacer\" data-id=\"1947334\" data-element_type=\"widget\" data-widget_type=\"spacer.default\">\n\t\t\t\t<div class=\"elementor-widget-container\">\n\t\t\t\t\t\t\t<div class=\"elementor-spacer\">\n\t\t\t<div class=\"elementor-spacer-inner\"><\/div>\n\t\t<\/div>\n\t\t\t\t\t\t<\/div>\n\t\t\t\t<\/div>\n\t\t\t\t\t<\/div>\n\t\t<\/div>\n\t\t\t\t\t<\/div>\n\t\t<\/section>\n\t\t\t\t<section class=\"elementor-section elementor-top-section elementor-element elementor-element-4e529dc elementor-section-boxed elementor-section-height-default elementor-section-height-default\" data-id=\"4e529dc\" data-element_type=\"section\">\n\t\t\t\t\t\t<div class=\"elementor-container elementor-column-gap-default\">\n\t\t\t\t\t<div class=\"elementor-column elementor-col-100 elementor-top-column elementor-element elementor-element-51b3501\" data-id=\"51b3501\" data-element_type=\"column\">\n\t\t\t<div class=\"elementor-widget-wrap elementor-element-populated\">\n\t\t\t\t\t\t<div class=\"elementor-element elementor-element-2f8081d elementor-widget-divider--view-line elementor-widget elementor-widget-divider\" data-id=\"2f8081d\" data-element_type=\"widget\" data-widget_type=\"divider.default\">\n\t\t\t\t<div class=\"elementor-widget-container\">\n\t\t\t\t\t\t\t<div class=\"elementor-divider\">\n\t\t\t<span class=\"elementor-divider-separator\">\n\t\t\t\t\t\t<\/span>\n\t\t<\/div>\n\t\t\t\t\t\t<\/div>\n\t\t\t\t<\/div>\n\t\t\t\t\t<\/div>\n\t\t<\/div>\n\t\t\t\t\t<\/div>\n\t\t<\/section>\n\t\t\t\t<section class=\"elementor-section elementor-top-section elementor-element elementor-element-13aa594 elementor-section-boxed elementor-section-height-default elementor-section-height-default\" data-id=\"13aa594\" data-element_type=\"section\">\n\t\t\t\t\t\t<div class=\"elementor-container elementor-column-gap-default\">\n\t\t\t\t\t<div class=\"elementor-column elementor-col-33 elementor-top-column elementor-element elementor-element-7563711\" data-id=\"7563711\" data-element_type=\"column\">\n\t\t\t<div class=\"elementor-widget-wrap elementor-element-populated\">\n\t\t\t\t\t\t<div class=\"elementor-element elementor-element-acc8612 lte-heading-style-header-subheader elementor-widget elementor-widget-lte-header\" data-id=\"acc8612\" data-element_type=\"widget\" data-widget_type=\"lte-header.default\">\n\t\t\t\t<div class=\"elementor-widget-container\">\n\t\t\t\t\t<div class=\"lte-heading lte-style-header-subheader lte-subcolor-main has-subheader heading-tag-h3 heading-subtag-h6\"><div class=\"lte-heading-content\"><h6 class=\"lte-subheader\">Sales shelf<\/h6><h3 class=\"lte-header\">Already have a shop?<\/h3><\/div><\/div>\t\t\t\t<\/div>\n\t\t\t\t<\/div>\n\t\t\t\t\t<\/div>\n\t\t<\/div>\n\t\t\t\t<div class=\"elementor-column elementor-col-66 elementor-top-column elementor-element elementor-element-86316ae\" data-id=\"86316ae\" data-element_type=\"column\">\n\t\t\t<div class=\"elementor-widget-wrap elementor-element-populated\">\n\t\t\t\t\t\t<div class=\"elementor-element elementor-element-256b301 elementor-widget elementor-widget-text-editor\" data-id=\"256b301\" data-element_type=\"widget\" data-widget_type=\"text-editor.default\">\n\t\t\t\t<div class=\"elementor-widget-container\">\n\t\t\t\t\t\t\t\t\t<div><div><div><div><div data-id=\"86502a4\" data-element_type=\"widget\" data-widget_type=\"heading.default\"><div><section data-id=\"3c90cd0\" data-element_type=\"section\"><div><div><div data-id=\"93787c8\" data-element_type=\"column\"><div><div><div data-id=\"409a85f\" data-element_type=\"widget\" data-widget_type=\"heading.default\"><div><p style=\"text-align: left;\"><strong>Requirements:<\/strong> having any point of sale.<\/p><p style=\"text-align: left;\">We provide materials, merchandising and displays.<\/p><p style=\"text-align: left;\">The average mark-up on the wholesale price compared to the retail price is: 70% to 120%<\/p><p style=\"text-align: left;\">Trade credit or deferred payment invoice for the first order.\u00a0<\/p><\/div><\/div><\/div><\/div><\/div><\/div><\/div><\/section><\/div><\/div><\/div><\/div><\/div><\/div><div><div><div style=\"text-align: left;\"><div>\u00a0<\/div><\/div><div><div><div data-id=\"86502a4\" data-element_type=\"widget\" data-widget_type=\"heading.default\"><div><section data-id=\"3c90cd0\" data-element_type=\"section\"><div><div><div data-id=\"93787c8\" data-element_type=\"column\"><div><div><div data-id=\"409a85f\" data-element_type=\"widget\" data-widget_type=\"heading.default\"><div style=\"text-align: left;\">\u00a0<\/div><\/div><\/div><\/div><\/div><\/div><\/div><\/section><\/div><\/div><\/div><\/div><\/div><\/div>\t\t\t\t\t\t\t\t<\/div>\n\t\t\t\t<\/div>\n\t\t\t\t\t<\/div>\n\t\t<\/div>\n\t\t\t\t\t<\/div>\n\t\t<\/section>\n\t\t\t\t<section class=\"elementor-section elementor-top-section elementor-element elementor-element-5a27322 elementor-section-boxed elementor-section-height-default elementor-section-height-default\" data-id=\"5a27322\" data-element_type=\"section\">\n\t\t\t\t\t\t<div class=\"elementor-container elementor-column-gap-default\">\n\t\t\t\t\t<div class=\"elementor-column elementor-col-33 elementor-top-column elementor-element elementor-element-8693927\" data-id=\"8693927\" data-element_type=\"column\">\n\t\t\t<div class=\"elementor-widget-wrap elementor-element-populated\">\n\t\t\t\t\t\t<div class=\"elementor-element elementor-element-e6dc5a4 lte-heading-style-header-subheader elementor-widget elementor-widget-lte-header\" data-id=\"e6dc5a4\" data-element_type=\"widget\" data-widget_type=\"lte-header.default\">\n\t\t\t\t<div class=\"elementor-widget-container\">\n\t\t\t\t\t<div class=\"lte-heading lte-style-header-subheader lte-subcolor-main has-subheader heading-tag-h3 heading-subtag-h6\"><div class=\"lte-heading-content\"><h6 class=\"lte-subheader\">Shopping at wholesale prices<\/h6><h3 class=\"lte-header\">Wholesale purchases<\/h3><\/div><\/div>\t\t\t\t<\/div>\n\t\t\t\t<\/div>\n\t\t\t\t\t<\/div>\n\t\t<\/div>\n\t\t\t\t<div class=\"elementor-column elementor-col-66 elementor-top-column elementor-element elementor-element-35fce72\" data-id=\"35fce72\" data-element_type=\"column\">\n\t\t\t<div class=\"elementor-widget-wrap elementor-element-populated\">\n\t\t\t\t\t\t<div class=\"elementor-element elementor-element-d5cab3c elementor-widget elementor-widget-text-editor\" data-id=\"d5cab3c\" data-element_type=\"widget\" data-widget_type=\"text-editor.default\">\n\t\t\t\t<div class=\"elementor-widget-container\">\n\t\t\t\t\t\t\t\t\t<div data-id=\"86502a4\" data-element_type=\"widget\" data-widget_type=\"heading.default\"><section data-id=\"3c90cd0\" data-element_type=\"section\"><div data-id=\"93787c8\" data-element_type=\"column\"><div data-id=\"409a85f\" data-element_type=\"widget\" data-widget_type=\"heading.default\"><p style=\"text-align: left;\"><b>Requirements:<\/b> having a Company* account on the Hempmont B2B platform<\/p><p style=\"text-align: left;\">The average mark-up on the wholesale price compared to the retail price is: 70% to 120%<\/p><p style=\"text-align: left;\">Register at b2b.hempmont.co.uk by clicking on the button below<\/p><p style=\"text-align: left;\">Fill in the form with details such as your company's VAT number, name and email.<\/p><p style=\"text-align: left;\">3. you will be given access to the wholesale panel within 24 hours.\u00a0<\/p><\/div><\/div><\/section><\/div>\t\t\t\t\t\t\t\t<\/div>\n\t\t\t\t<\/div>\n\t\t\t\t<div class=\"elementor-element elementor-element-20866ce elementor-widget elementor-widget-lte-button\" data-id=\"20866ce\" data-element_type=\"widget\" data-widget_type=\"lte-button.default\">\n\t\t\t\t<div class=\"elementor-widget-container\">\n\t\t\t\t\t<div class=\"lte-btn-wrap\">\r\n\t<a href=\"https:\/\/b2b.hempmont.pl\"  target=\"_blank\"  class=\"lte-btn btn-lg color-hover-second\"><span class=\"lte-btn-inner\"><span class=\"lte-btn-before\"><\/span>B2B panel<span class=\"lte-btn-after\"><\/span><\/span><\/a><\/div>\t\t\t\t<\/div>\n\t\t\t\t<\/div>\n\t\t\t\t\t<\/div>\n\t\t<\/div>\n\t\t\t\t\t<\/div>\n\t\t<\/section>\n\t\t\t\t<section class=\"elementor-section elementor-top-section elementor-element elementor-element-d9b77f6 elementor-section-boxed elementor-section-height-default elementor-section-height-default\" data-id=\"d9b77f6\" data-element_type=\"section\">\n\t\t\t\t\t\t<div class=\"elementor-container elementor-column-gap-wide\">\n\t\t\t\t\t<div class=\"elementor-column elementor-col-100 elementor-top-column elementor-element elementor-element-f4ffc07\" data-id=\"f4ffc07\" data-element_type=\"column\">\n\t\t\t<div class=\"elementor-widget-wrap\">\n\t\t\t\t\t\t\t<\/div>\n\t\t<\/div>\n\t\t\t\t\t<\/div>\n\t\t<\/section>\n\t\t\t\t<\/div>","protected":false},"excerpt":{"rendered":"<p>Business 2 Business Wholesale CBD Are you interested in the CBD business? Have you thought about how to open a hemp shop? Or maybe you just want to expand the range of products in your current outlet? Do you run a herbal shop, hemp shop, pub or service establishment where you think our products would work perfectly? Or maybe you would like an offer for wholesale purchases or a white label production offer? [...]<\/p>","protected":false},"author":1,"featured_media":0,"parent":0,"menu_order":0,"comment_status":"closed","ping_status":"closed","template":"","meta":{"footnotes":""},"class_list":["post-24565","page","type-page","status-publish","hentry"],"yoast_head":"<!-- This site is optimized with the Yoast SEO plugin v24.3 - https:\/\/yoast.com\/wordpress\/plugins\/seo\/ -->\n<title>Sprzeda\u017c hurtowa - Hempmont<\/title>\n<meta name=\"robots\" content=\"index, follow, max-snippet:-1, max-image-preview:large, max-video-preview:-1\" \/>\n<link rel=\"canonical\" href=\"https:\/\/hempmont.pl\/en\/wholesale-cbd\/\" \/>\n<meta property=\"og:locale\" content=\"en_GB\" \/>\n<meta property=\"og:type\" content=\"article\" \/>\n<meta property=\"og:title\" content=\"Sprzeda\u017c hurtowa - Hempmont\" \/>\n<meta property=\"og:description\" content=\"Business 2 Business Hurt CBD Interesuje Ci\u0119 biznes CBD? My\u015bla\u0142e\u015b nad tym jak otworzy\u0107 sklep konopny? a mo\u017ce zwyczajnie chcesz poszerzy\u0107 asortyment w obecnie prowadzonym punkcie sprzeda\u017cy? Prowadzisz sklep zielarski, konopny, pub lub zak\u0142ad us\u0142ugowy\u00a0w kt\u00f3rym my\u015blisz, \u017ce nasze produkty doskonale by si\u0119 sprawdzi\u0142y? A mo\u017ce chcesz otrzyma\u0107 ofert\u0119 dla zakup\u00f3w\u00a0hurtowych lub ofert\u0119 produkcji\u00a0white label? [&hellip;]\" \/>\n<meta property=\"og:url\" content=\"https:\/\/hempmont.pl\/en\/wholesale-cbd\/\" \/>\n<meta property=\"og:site_name\" content=\"Hempmont\" \/>\n<meta property=\"article:modified_time\" content=\"2023-04-13T16:37:13+00:00\" \/>\n<meta name=\"twitter:card\" content=\"summary_large_image\" \/>\n<meta name=\"twitter:label1\" content=\"Estimated reading time\" \/>\n\t<meta name=\"twitter:data1\" content=\"2 minutes\" \/>\n<script type=\"application\/ld+json\" class=\"yoast-schema-graph\">{\"@context\":\"https:\/\/schema.org\",\"@graph\":[{\"@type\":\"WebPage\",\"@id\":\"https:\/\/hempmont.pl\/hurt-cbd\/\",\"url\":\"https:\/\/hempmont.pl\/hurt-cbd\/\",\"name\":\"Sprzeda\u017c hurtowa - Hempmont\",\"isPartOf\":{\"@id\":\"https:\/\/hempmont.pl\/#website\"},\"datePublished\":\"2021-10-31T03:32:52+00:00\",\"dateModified\":\"2023-04-13T16:37:13+00:00\",\"breadcrumb\":{\"@id\":\"https:\/\/hempmont.pl\/hurt-cbd\/#breadcrumb\"},\"inLanguage\":\"en-GB\",\"potentialAction\":[{\"@type\":\"ReadAction\",\"target\":[\"https:\/\/hempmont.pl\/hurt-cbd\/\"]}]},{\"@type\":\"BreadcrumbList\",\"@id\":\"https:\/\/hempmont.pl\/hurt-cbd\/#breadcrumb\",\"itemListElement\":[{\"@type\":\"ListItem\",\"position\":1,\"name\":\"Strona g\u0142\u00f3wna\",\"item\":\"https:\/\/hempmont.pl\/\"},{\"@type\":\"ListItem\",\"position\":2,\"name\":\"Sprzeda\u017c hurtowa\"}]},{\"@type\":\"WebSite\",\"@id\":\"https:\/\/hempmont.pl\/#website\",\"url\":\"https:\/\/hempmont.pl\/\",\"name\":\"Hempmont\",\"description\":\"\",\"potentialAction\":[{\"@type\":\"SearchAction\",\"target\":{\"@type\":\"EntryPoint\",\"urlTemplate\":\"https:\/\/hempmont.pl\/?s={search_term_string}\"},\"query-input\":{\"@type\":\"PropertyValueSpecification\",\"valueRequired\":true,\"valueName\":\"search_term_string\"}}],\"inLanguage\":\"en-GB\"}]}<\/script>\n<!-- \/ Yoast SEO plugin. -->","yoast_head_json":{"title":"Sprzeda\u017c hurtowa - Hempmont","robots":{"index":"index","follow":"follow","max-snippet":"max-snippet:-1","max-image-preview":"max-image-preview:large","max-video-preview":"max-video-preview:-1"},"canonical":"https:\/\/hempmont.pl\/en\/wholesale-cbd\/","og_locale":"en_GB","og_type":"article","og_title":"Sprzeda\u017c hurtowa - Hempmont","og_description":"Business 2 Business Hurt CBD Interesuje Ci\u0119 biznes CBD? My\u015bla\u0142e\u015b nad tym jak otworzy\u0107 sklep konopny? a mo\u017ce zwyczajnie chcesz poszerzy\u0107 asortyment w obecnie prowadzonym punkcie sprzeda\u017cy? Prowadzisz sklep zielarski, konopny, pub lub zak\u0142ad us\u0142ugowy\u00a0w kt\u00f3rym my\u015blisz, \u017ce nasze produkty doskonale by si\u0119 sprawdzi\u0142y? A mo\u017ce chcesz otrzyma\u0107 ofert\u0119 dla zakup\u00f3w\u00a0hurtowych lub ofert\u0119 produkcji\u00a0white label? [&hellip;]","og_url":"https:\/\/hempmont.pl\/en\/wholesale-cbd\/","og_site_name":"Hempmont","article_modified_time":"2023-04-13T16:37:13+00:00","twitter_card":"summary_large_image","twitter_misc":{"Estimated reading time":"2 minutes"},"schema":{"@context":"https:\/\/schema.org","@graph":[{"@type":"WebPage","@id":"https:\/\/hempmont.pl\/hurt-cbd\/","url":"https:\/\/hempmont.pl\/hurt-cbd\/","name":"Sprzeda\u017c hurtowa - Hempmont","isPartOf":{"@id":"https:\/\/hempmont.pl\/#website"},"datePublished":"2021-10-31T03:32:52+00:00","dateModified":"2023-04-13T16:37:13+00:00","breadcrumb":{"@id":"https:\/\/hempmont.pl\/hurt-cbd\/#breadcrumb"},"inLanguage":"en-GB","potentialAction":[{"@type":"ReadAction","target":["https:\/\/hempmont.pl\/hurt-cbd\/"]}]},{"@type":"BreadcrumbList","@id":"https:\/\/hempmont.pl\/hurt-cbd\/#breadcrumb","itemListElement":[{"@type":"ListItem","position":1,"name":"Strona g\u0142\u00f3wna","item":"https:\/\/hempmont.pl\/"},{"@type":"ListItem","position":2,"name":"Sprzeda\u017c hurtowa"}]},{"@type":"WebSite","@id":"https:\/\/hempmont.pl\/#website","url":"https:\/\/hempmont.pl\/","name":"Hempmont","description":"","potentialAction":[{"@type":"SearchAction","target":{"@type":"EntryPoint","urlTemplate":"https:\/\/hempmont.pl\/?s={search_term_string}"},"query-input":{"@type":"PropertyValueSpecification","valueRequired":true,"valueName":"search_term_string"}}],"inLanguage":"en-GB"}]}},"_links":{"self":[{"href":"https:\/\/hempmont.pl\/en\/wp-json\/wp\/v2\/pages\/24565","targetHints":{"allow":["GET"]}}],"collection":[{"href":"https:\/\/hempmont.pl\/en\/wp-json\/wp\/v2\/pages"}],"about":[{"href":"https:\/\/hempmont.pl\/en\/wp-json\/wp\/v2\/types\/page"}],"author":[{"embeddable":true,"href":"https:\/\/hempmont.pl\/en\/wp-json\/wp\/v2\/users\/1"}],"replies":[{"embeddable":true,"href":"https:\/\/hempmont.pl\/en\/wp-json\/wp\/v2\/comments?post=24565"}],"version-history":[{"count":3,"href":"https:\/\/hempmont.pl\/en\/wp-json\/wp\/v2\/pages\/24565\/revisions"}],"predecessor-version":[{"id":32838,"href":"https:\/\/hempmont.pl\/en\/wp-json\/wp\/v2\/pages\/24565\/revisions\/32838"}],"wp:attachment":[{"href":"https:\/\/hempmont.pl\/en\/wp-json\/wp\/v2\/media?parent=24565"}],"curies":[{"name":"wp","href":"https:\/\/api.w.org\/{rel}","templated":true}]}}