{"id":24152,"date":"2021-10-26T04:34:53","date_gmt":"2021-10-26T02:34:53","guid":{"rendered":"https:\/\/hempmont.pl\/?page_id=24152"},"modified":"2022-03-27T15:08:31","modified_gmt":"2022-03-27T13:08:31","slug":"probki-olejkow-cbd","status":"publish","type":"page","link":"https:\/\/hempmont.pl\/en\/samples-oil-cbd\/","title":{"rendered":"CBD oil samples"},"content":{"rendered":"<div data-elementor-type=\"wp-page\" data-elementor-id=\"24152\" class=\"elementor elementor-24152\">\n\t\t\t\t\t\t<section class=\"elementor-section elementor-top-section elementor-element elementor-element-6b26571 elementor-section-boxed elementor-section-height-default elementor-section-height-default\" data-id=\"6b26571\" data-element_type=\"section\">\n\t\t\t\t\t\t<div class=\"elementor-container elementor-column-gap-extended\">\n\t\t\t\t\t<div class=\"elementor-column elementor-col-50 elementor-top-column elementor-element elementor-element-ab584be\" data-id=\"ab584be\" data-element_type=\"column\">\n\t\t\t<div class=\"elementor-widget-wrap elementor-element-populated\">\n\t\t\t\t\t\t<div class=\"elementor-element elementor-element-f0892b4 elementor-widget elementor-widget-spacer\" data-id=\"f0892b4\" data-element_type=\"widget\" data-widget_type=\"spacer.default\">\n\t\t\t\t<div class=\"elementor-widget-container\">\n\t\t\t\t\t\t\t<div class=\"elementor-spacer\">\n\t\t\t<div class=\"elementor-spacer-inner\"><\/div>\n\t\t<\/div>\n\t\t\t\t\t\t<\/div>\n\t\t\t\t<\/div>\n\t\t\t\t<div class=\"elementor-element elementor-element-0adf30a lte-heading-style-header-subheader-dash elementor-widget elementor-widget-lte-header\" data-id=\"0adf30a\" data-element_type=\"widget\" data-widget_type=\"lte-header.default\">\n\t\t\t\t<div class=\"elementor-widget-container\">\n\t\t\t\t\t<div class=\"lte-heading lte-style-header-subheader-dash lte-subcolor-main has-subheader heading-tag-h3 heading-subtag-h6\"><div class=\"lte-heading-content\"><h6 class=\"lte-subheader\">Test Hempmont<\/h6><h3 class=\"lte-header\">What CBD oil samples can you get?<br \/>\n<\/h3><\/div><\/div>\t\t\t\t<\/div>\n\t\t\t\t<\/div>\n\t\t\t\t<div class=\"elementor-element elementor-element-38f24d1 elementor-widget elementor-widget-text-editor\" data-id=\"38f24d1\" data-element_type=\"widget\" data-widget_type=\"text-editor.default\">\n\t\t\t\t<div class=\"elementor-widget-container\">\n\t\t\t\t\t\t\t\t\t<p style=\"text-align: justify;\">Below you will find samples of our products available for order. Please note that you can only purchase one item of a kind. If you would like to receive a sample at a discount of -80%, please sign up for our newsletter and you will receive a discount code to your email address to order samples.<\/p>\t\t\t\t\t\t\t\t<\/div>\n\t\t\t\t<\/div>\n\t\t\t\t<div class=\"elementor-element elementor-element-02bb2d8 elementor-widget elementor-widget-spacer\" data-id=\"02bb2d8\" data-element_type=\"widget\" data-widget_type=\"spacer.default\">\n\t\t\t\t<div class=\"elementor-widget-container\">\n\t\t\t\t\t\t\t<div class=\"elementor-spacer\">\n\t\t\t<div class=\"elementor-spacer-inner\"><\/div>\n\t\t<\/div>\n\t\t\t\t\t\t<\/div>\n\t\t\t\t<\/div>\n\t\t\t\t<div class=\"elementor-element elementor-element-4832ccf elementor-widget elementor-widget-spacer\" data-id=\"4832ccf\" data-element_type=\"widget\" data-widget_type=\"spacer.default\">\n\t\t\t\t<div class=\"elementor-widget-container\">\n\t\t\t\t\t\t\t<div class=\"elementor-spacer\">\n\t\t\t<div class=\"elementor-spacer-inner\"><\/div>\n\t\t<\/div>\n\t\t\t\t\t\t<\/div>\n\t\t\t\t<\/div>\n\t\t\t\t\t<\/div>\n\t\t<\/div>\n\t\t\t\t<div class=\"elementor-column elementor-col-50 elementor-top-column elementor-element elementor-element-08de7a4\" data-id=\"08de7a4\" data-element_type=\"column\">\n\t\t\t<div class=\"elementor-widget-wrap elementor-element-populated\">\n\t\t\t\t\t\t<div class=\"elementor-element elementor-element-993f747 elementor-widget elementor-widget-spacer\" data-id=\"993f747\" data-element_type=\"widget\" data-widget_type=\"spacer.default\">\n\t\t\t\t<div class=\"elementor-widget-container\">\n\t\t\t\t\t\t\t<div class=\"elementor-spacer\">\n\t\t\t<div class=\"elementor-spacer-inner\"><\/div>\n\t\t<\/div>\n\t\t\t\t\t\t<\/div>\n\t\t\t\t<\/div>\n\t\t\t\t<div class=\"elementor-element elementor-element-5f27f79 lte-heading-style-header-subheader-dash elementor-widget elementor-widget-lte-header\" data-id=\"5f27f79\" data-element_type=\"widget\" data-widget_type=\"lte-header.default\">\n\t\t\t\t<div class=\"elementor-widget-container\">\n\t\t\t\t\t<div class=\"lte-heading lte-style-header-subheader-dash lte-subcolor-main has-subheader heading-tag-h3 heading-subtag-h6\"><div class=\"lte-heading-content\"><h6 class=\"lte-subheader\">Sustainable development<\/h6><h3 class=\"lte-header\">Quality and trust<\/h3><\/div><\/div>\t\t\t\t<\/div>\n\t\t\t\t<\/div>\n\t\t\t\t<div class=\"elementor-element elementor-element-ace6ca6 elementor-widget elementor-widget-text-editor\" data-id=\"ace6ca6\" data-element_type=\"widget\" data-widget_type=\"text-editor.default\">\n\t\t\t\t<div class=\"elementor-widget-container\">\n\t\t\t\t\t\t\t\t\t<p style=\"text-align: justify;\">As a company, our aim from the beginning has been to provide high quality products at affordable prices. All the products we offer are sustainably produced and safe for the consumer to use.\u00a0<\/p>\t\t\t\t\t\t\t\t<\/div>\n\t\t\t\t<\/div>\n\t\t\t\t<section class=\"elementor-section elementor-inner-section elementor-element elementor-element-bd6ab59 elementor-section-boxed elementor-section-height-default elementor-section-height-default\" data-id=\"bd6ab59\" data-element_type=\"section\">\n\t\t\t\t\t\t<div class=\"elementor-container elementor-column-gap-no\">\n\t\t\t\t\t<div class=\"elementor-column elementor-col-33 elementor-inner-column elementor-element elementor-element-8fa6fe6\" data-id=\"8fa6fe6\" data-element_type=\"column\">\n\t\t\t<div class=\"elementor-widget-wrap elementor-element-populated\">\n\t\t\t\t\t\t<div class=\"elementor-element elementor-element-3aea268 elementor-widget elementor-widget-image\" data-id=\"3aea268\" data-element_type=\"widget\" data-widget_type=\"image.default\">\n\t\t\t\t<div class=\"elementor-widget-container\">\n\t\t\t\t\t\t\t\t\t\t\t\t\t\t\t<img decoding=\"async\" width=\"100\" height=\"69\" src=\"https:\/\/hempmont.pl\/wp-content\/uploads\/2021\/10\/xeu.png.pagespeed.ic_.YI_1jn-XoD.png\" class=\"attachment-woocommerce_gallery_thumbnail size-woocommerce_gallery_thumbnail wp-image-24217\" alt=\"Organic certification\" srcset=\"https:\/\/hempmont.pl\/wp-content\/uploads\/2021\/10\/xeu.png.pagespeed.ic_.YI_1jn-XoD.png 100w, https:\/\/hempmont.pl\/wp-content\/uploads\/2021\/10\/xeu.png.pagespeed.ic_.YI_1jn-XoD-18x12.png 18w\" sizes=\"(max-width: 100px) 100vw, 100px\" \/>\t\t\t\t\t\t\t\t\t\t\t\t\t\t\t<\/div>\n\t\t\t\t<\/div>\n\t\t\t\t\t<\/div>\n\t\t<\/div>\n\t\t\t\t<div class=\"elementor-column elementor-col-66 elementor-inner-column elementor-element elementor-element-06a9443\" data-id=\"06a9443\" data-element_type=\"column\">\n\t\t\t<div class=\"elementor-widget-wrap elementor-element-populated\">\n\t\t\t\t\t\t<div class=\"elementor-element elementor-element-67faafd elementor-widget elementor-widget-image\" data-id=\"67faafd\" data-element_type=\"widget\" data-widget_type=\"image.default\">\n\t\t\t\t<div class=\"elementor-widget-container\">\n\t\t\t\t\t\t\t\t\t\t\t\t\t\t\t<img decoding=\"async\" src=\"https:\/\/hempmont.pl\/wp-content\/uploads\/elementor\/thumbs\/Bio-Siegel-EG-Oko-VO-Deutschland.svg-pf5mz13qgg5wz6wcsxbxkw4kws5ijumdolub62qgjg.png\" title=\"Bio-Siegel-EG-\u00d6ko-VO-Deutschland.svg\" alt=\"Bio-Siegel-EG-\u00d6ko-VO-Deutschland.svg\" loading=\"lazy\" \/>\t\t\t\t\t\t\t\t\t\t\t\t\t\t\t<\/div>\n\t\t\t\t<\/div>\n\t\t\t\t\t<\/div>\n\t\t<\/div>\n\t\t\t\t\t<\/div>\n\t\t<\/section>\n\t\t\t\t<div class=\"elementor-element elementor-element-7aed09e elementor-widget elementor-widget-spacer\" data-id=\"7aed09e\" data-element_type=\"widget\" data-widget_type=\"spacer.default\">\n\t\t\t\t<div class=\"elementor-widget-container\">\n\t\t\t\t\t\t\t<div class=\"elementor-spacer\">\n\t\t\t<div class=\"elementor-spacer-inner\"><\/div>\n\t\t<\/div>\n\t\t\t\t\t\t<\/div>\n\t\t\t\t<\/div>\n\t\t\t\t\t<\/div>\n\t\t<\/div>\n\t\t\t\t\t<\/div>\n\t\t<\/section>\n\t\t\t\t<section class=\"elementor-section elementor-top-section elementor-element elementor-element-69f76b8 elementor-section-boxed elementor-section-height-default elementor-section-height-default\" data-id=\"69f76b8\" data-element_type=\"section\">\n\t\t\t\t\t\t<div class=\"elementor-container elementor-column-gap-default\">\n\t\t\t\t\t<div class=\"elementor-column elementor-col-100 elementor-top-column elementor-element elementor-element-c76abc8\" data-id=\"c76abc8\" data-element_type=\"column\">\n\t\t\t<div class=\"elementor-widget-wrap elementor-element-populated\">\n\t\t\t\t\t\t<div class=\"elementor-element elementor-element-1947334 elementor-widget elementor-widget-spacer\" data-id=\"1947334\" data-element_type=\"widget\" data-widget_type=\"spacer.default\">\n\t\t\t\t<div class=\"elementor-widget-container\">\n\t\t\t\t\t\t\t<div class=\"elementor-spacer\">\n\t\t\t<div class=\"elementor-spacer-inner\"><\/div>\n\t\t<\/div>\n\t\t\t\t\t\t<\/div>\n\t\t\t\t<\/div>\n\t\t\t\t\t<\/div>\n\t\t<\/div>\n\t\t\t\t\t<\/div>\n\t\t<\/section>\n\t\t\t\t<section class=\"elementor-section elementor-top-section elementor-element elementor-element-2bbfa2c elementor-section-boxed elementor-section-height-default elementor-section-height-default\" data-id=\"2bbfa2c\" data-element_type=\"section\">\n\t\t\t\t\t\t<div class=\"elementor-container elementor-column-gap-default\">\n\t\t\t\t\t<div class=\"elementor-column elementor-col-50 elementor-top-column elementor-element elementor-element-169ed6a\" data-id=\"169ed6a\" data-element_type=\"column\">\n\t\t\t<div class=\"elementor-widget-wrap elementor-element-populated\">\n\t\t\t\t\t\t<div class=\"elementor-element elementor-element-34dfb34 elementor-widget elementor-widget-spacer\" data-id=\"34dfb34\" data-element_type=\"widget\" data-widget_type=\"spacer.default\">\n\t\t\t\t<div class=\"elementor-widget-container\">\n\t\t\t\t\t\t\t<div class=\"elementor-spacer\">\n\t\t\t<div class=\"elementor-spacer-inner\"><\/div>\n\t\t<\/div>\n\t\t\t\t\t\t<\/div>\n\t\t\t\t<\/div>\n\t\t\t\t<div class=\"elementor-element elementor-element-3046f14 elementor-widget elementor-widget-heading\" data-id=\"3046f14\" data-element_type=\"widget\" data-widget_type=\"heading.default\">\n\t\t\t\t<div class=\"elementor-widget-container\">\n\t\t\t\t\t<h2 class=\"elementor-heading-title elementor-size-default\">Hempmont RAW 20% CBD<\/h2>\t\t\t\t<\/div>\n\t\t\t\t<\/div>\n\t\t\t\t<div class=\"elementor-element elementor-element-add4c43 elementor-widget elementor-widget-text-editor\" data-id=\"add4c43\" data-element_type=\"widget\" data-widget_type=\"text-editor.default\">\n\t\t\t\t<div class=\"elementor-widget-container\">\n\t\t\t\t\t\t\t\t\t<p>This is the most natural concentration among our hemp oils with a full spectrum of phytosubstances. One drop contains 10 mg of CBD and other full spectrum hemp compounds! RAW oil is a completely raw product, unfiltered and has chlorophylls and waxes. There are approximately 40 drops of oil in a 2 ml bottle.<\/p>\n<p>Each customer is entitled to purchase one sample and the discount code cannot be combined with other codes.<\/p>\n<p>Check out the analysis of Hempmont RAW 20% CBD!<\/p>\t\t\t\t\t\t\t\t<\/div>\n\t\t\t\t<\/div>\n\t\t\t\t\t<\/div>\n\t\t<\/div>\n\t\t\t\t<div class=\"elementor-column elementor-col-50 elementor-top-column elementor-element elementor-element-6a27b7b\" data-id=\"6a27b7b\" data-element_type=\"column\">\n\t\t\t<div class=\"elementor-widget-wrap elementor-element-populated\">\n\t\t\t\t\t\t<div class=\"elementor-element elementor-element-acb73e7 elementor-widget elementor-widget-lte-products\" data-id=\"acb73e7\" data-element_type=\"widget\" data-widget_type=\"lte-products.default\">\n\t\t\t\t<div class=\"elementor-widget-container\">\n\t\t\t\t\t<div class=\"lte-cols-xl-1 lte-cols-lg-1 lte-cols-md-1 lte-cols-sm-1 lte-cols-ms-1 lte-cols-xs-1 lte-padding-no woocommerce lte-products-sc lte-product-style-default lte-wc-wrapper\"><ul class=\"products columns-128 lte-products-sc lte-products-sc-simple\">\t\t\t<li class=\"product post-24624 type-product status-publish has-post-thumbnail product_cat-probki product_cat-seria-raw first instock sold-individually taxable shipping-taxable purchasable product-type-simple\">\r\n\t\t\t\t<div class=\"lte-item\"><div class=\"lte-image\"><a href=\"?add-to-cart=24624\" aria-describedby=\"woocommerce_loop_add_to_cart_link_describedby_24624\" data-quantity=\"1\" class=\"lte-btn btn-xs btn-second product_type_simple add_to_cart_button ajax_add_to_cart\" data-product_id=\"24624\" data-product_sku=\"RAW_SAMP\" aria-label=\"Add to basket: \u201cPr\u00f3bka - olejek konopny CBD 20%, Hempmont RAW, 2 ml\u201d\" rel=\"nofollow\" data-success_message=\"\u201cPr\u00f3bka - olejek konopny CBD 20%, Hempmont RAW, 2 ml\u201d has been added to your cart\" data-no-translation-aria-label=\"\" data-no-translation-data-success_message=\"\"><span class=\"lte-btn-inner\"><span class=\"lte-btn-before\"><\/span>Add to cart<span class=\"lte-btn-after\"><\/span><\/span><\/a>\t<span id=\"woocommerce_loop_add_to_cart_link_describedby_24624\" class=\"screen-reader-text\"><span class=\"lte-btn-inner\"><span class=\"lte-btn-before\"><\/span>\n\t\t\t<\/span>\n<a href=\"https:\/\/hempmont.pl\/en\/product\/sample-hemp-oil-cbd-20-hempmont-raw-2-ml\/\" class=\"woocommerce-LoopProduct-link woocommerce-loop-product__link\"><img fetchpriority=\"high\" decoding=\"async\" width=\"480\" height=\"480\" src=\"https:\/\/hempmont.pl\/wp-content\/uploads\/2021\/11\/sample-raw-min-2-480x480.jpg\" class=\"attachment-woocommerce_thumbnail size-woocommerce_thumbnail\" alt=\"Sample Hempmont RAW 20%\" srcset=\"https:\/\/hempmont.pl\/wp-content\/uploads\/2021\/11\/sample-raw-min-2-480x480.jpg 480w, https:\/\/hempmont.pl\/wp-content\/uploads\/2021\/11\/sample-raw-min-2-300x300.jpg 300w, https:\/\/hempmont.pl\/wp-content\/uploads\/2021\/11\/sample-raw-min-2-150x150.jpg 150w, https:\/\/hempmont.pl\/wp-content\/uploads\/2021\/11\/sample-raw-min-2-768x768.jpg 768w, https:\/\/hempmont.pl\/wp-content\/uploads\/2021\/11\/sample-raw-min-2-12x12.jpg 12w, https:\/\/hempmont.pl\/wp-content\/uploads\/2021\/11\/sample-raw-min-2-140x140.jpg 140w, https:\/\/hempmont.pl\/wp-content\/uploads\/2021\/11\/sample-raw-min-2-110x110.jpg 110w, https:\/\/hempmont.pl\/wp-content\/uploads\/2021\/11\/sample-raw-min-2-100x100.jpg 100w, https:\/\/hempmont.pl\/wp-content\/uploads\/2021\/11\/sample-raw-min-2-360x360.jpg 360w, https:\/\/hempmont.pl\/wp-content\/uploads\/2021\/11\/sample-raw-min-2-800x800.jpg 800w, https:\/\/hempmont.pl\/wp-content\/uploads\/2021\/11\/sample-raw-min-2-600x600.jpg 600w, https:\/\/hempmont.pl\/wp-content\/uploads\/2021\/11\/sample-raw-min-2.jpg 1000w\" sizes=\"(max-width: 480px) 100vw, 480px\" \/><\/a><\/div><div class=\"lte-item-descr\"><a href=\"https:\/\/hempmont.pl\/en\/product\/sample-hemp-oil-cbd-20-hempmont-raw-2-ml\/\" class=\"woocommerce-LoopProduct-link woocommerce-loop-product__link\"><h2 class=\"woocommerce-loop-product__title\">Sample - CBD hemp oil 20%, Hempmont RAW, 2 ml<\/h2><\/a>\n\t<span class=\"price\"><span class=\"woocs_price_code\" data-currency=\"\" data-redraw-id=\"69e6f3bc2c305\"  data-product-id=\"24624\"><span class=\"woocommerce-Price-amount amount\"><bdi>19.90&nbsp;<span class=\"woocommerce-Price-currencySymbol\">PLN<\/span><\/bdi><\/span><\/span><\/span>\n<span class=\"gtm4wp_productdata\" style=\"display:none; visibility:hidden;\" data-gtm4wp_product_data=\"{&quot;internal_id&quot;:24624,&quot;item_id&quot;:24624,&quot;item_name&quot;:&quot;Pr\\u00f3bka - olejek konopny CBD 20%, Hempmont RAW, 2 ml&quot;,&quot;sku&quot;:&quot;RAW_SAMP&quot;,&quot;price&quot;:19.9,&quot;stocklevel&quot;:null,&quot;stockstatus&quot;:&quot;instock&quot;,&quot;google_business_vertical&quot;:&quot;retail&quot;,&quot;item_category&quot;:&quot;Seria RAW&quot;,&quot;id&quot;:24624,&quot;productlink&quot;:&quot;https:\\\/\\\/hempmont.pl\\\/en\\\/product\\\/sample-hemp-oil-cbd-20-hempmont-raw-2-ml\\\/&quot;,&quot;item_list_name&quot;:&quot;General Product List&quot;,&quot;index&quot;:1,&quot;product_type&quot;:&quot;simple&quot;,&quot;item_brand&quot;:&quot;&quot;}\"><\/span><a href=\"?add-to-cart=24624\" aria-describedby=\"woocommerce_loop_add_to_cart_link_describedby_24624\" data-quantity=\"1\" class=\"lte-btn btn-xs btn-second product_type_simple add_to_cart_button ajax_add_to_cart\" data-product_id=\"24624\" data-product_sku=\"RAW_SAMP\" aria-label=\"Add to basket: \u201cPr\u00f3bka - olejek konopny CBD 20%, Hempmont RAW, 2 ml\u201d\" rel=\"nofollow\" data-success_message=\"\u201cPr\u00f3bka - olejek konopny CBD 20%, Hempmont RAW, 2 ml\u201d has been added to your cart\" data-no-translation-aria-label=\"\" data-no-translation-data-success_message=\"\"><span class=\"lte-btn-inner\"><span class=\"lte-btn-before\"><\/span>Add to cart<span class=\"lte-btn-after\"><\/span><\/span><\/a>\t<span id=\"woocommerce_loop_add_to_cart_link_describedby_24624\" class=\"screen-reader-text\"><span class=\"lte-btn-inner\"><span class=\"lte-btn-before\"><\/span>\n\t\t\t<\/span>\n<\/div>\r\n\t\t<\/div>\t\t\t<\/li>\r\n\t\t\t\t\t<\/ul><\/div>\t\t\t\t<\/div>\n\t\t\t\t<\/div>\n\t\t\t\t\t<\/div>\n\t\t<\/div>\n\t\t\t\t\t<\/div>\n\t\t<\/section>\n\t\t\t\t<\/div>","protected":false},"excerpt":{"rendered":"<p>Test Hempmont What CBD oil samples can you get? Below you will find samples of our products available to order. Please note that you can only purchase one item of a kind. If you would like to receive a sample at a discount of -80%, sign up for our newsletter and you will receive a discount code to the email provided, for ordering samples. Sustainability Quality and trust Our premise as a company, [...]<\/p>","protected":false},"author":1,"featured_media":0,"parent":0,"menu_order":0,"comment_status":"closed","ping_status":"closed","template":"","meta":{"footnotes":""},"class_list":["post-24152","page","type-page","status-publish","hentry","has-post-thumbnail"],"yoast_head":"<!-- This site is optimized with the Yoast SEO plugin v24.3 - https:\/\/yoast.com\/wordpress\/plugins\/seo\/ -->\n<title>Pr\u00f3bki olejk\u00f3w CBD - Hempmont<\/title>\n<meta name=\"robots\" content=\"index, follow, max-snippet:-1, max-image-preview:large, max-video-preview:-1\" \/>\n<link rel=\"canonical\" href=\"https:\/\/hempmont.pl\/en\/samples-oil-cbd\/\" \/>\n<meta property=\"og:locale\" content=\"en_GB\" \/>\n<meta property=\"og:type\" content=\"article\" \/>\n<meta property=\"og:title\" content=\"Pr\u00f3bki olejk\u00f3w CBD - Hempmont\" \/>\n<meta property=\"og:description\" content=\"Przetestuj Hempmont Jakie pr\u00f3bki olejk\u00f3w CBD mo\u017cesz otrzyma\u0107? Poni\u017cej znajdziesz dost\u0119pne do zam\u00f3wienia pr\u00f3bki naszych produkt\u00f3w. Pami\u0119taj \u017ce mo\u017cesz zakupi\u0107 jedynie jedn\u0105 sztuk\u0119 z rodzaju. Je\u015bli chcesz otrzyma\u0107 pr\u00f3bk\u0119 z rabatem -80%, zapisz si\u0119 do newslettera, a otrzymasz kod rabatowy na podany mail, na zam\u00f3wienie pr\u00f3bek. Zr\u00f3wnowa\u017cony rozw\u00f3j Jako\u015b\u0107 i zaufanie Naszym za\u0142o\u017ceniem jako przedsi\u0119biorstwa, [&hellip;]\" \/>\n<meta property=\"og:url\" content=\"https:\/\/hempmont.pl\/en\/samples-oil-cbd\/\" \/>\n<meta property=\"og:site_name\" content=\"Hempmont\" \/>\n<meta property=\"article:modified_time\" content=\"2022-03-27T13:08:31+00:00\" \/>\n<meta property=\"og:image\" content=\"https:\/\/hempmont.pl\/wp-content\/uploads\/2021\/10\/xeu.png.pagespeed.ic_.YI_1jn-XoD.png\" \/>\n<meta name=\"twitter:card\" content=\"summary_large_image\" \/>\n<meta name=\"twitter:label1\" content=\"Estimated reading time\" \/>\n\t<meta name=\"twitter:data1\" content=\"2 minutes\" \/>\n<script type=\"application\/ld+json\" class=\"yoast-schema-graph\">{\"@context\":\"https:\/\/schema.org\",\"@graph\":[{\"@type\":\"WebPage\",\"@id\":\"https:\/\/hempmont.pl\/probki-olejkow-cbd\/\",\"url\":\"https:\/\/hempmont.pl\/probki-olejkow-cbd\/\",\"name\":\"Pr\u00f3bki olejk\u00f3w CBD - Hempmont\",\"isPartOf\":{\"@id\":\"https:\/\/hempmont.pl\/#website\"},\"primaryImageOfPage\":{\"@id\":\"https:\/\/hempmont.pl\/probki-olejkow-cbd\/#primaryimage\"},\"image\":{\"@id\":\"https:\/\/hempmont.pl\/probki-olejkow-cbd\/#primaryimage\"},\"thumbnailUrl\":\"https:\/\/hempmont.pl\/wp-content\/uploads\/2021\/10\/xeu.png.pagespeed.ic_.YI_1jn-XoD.png\",\"datePublished\":\"2021-10-26T02:34:53+00:00\",\"dateModified\":\"2022-03-27T13:08:31+00:00\",\"breadcrumb\":{\"@id\":\"https:\/\/hempmont.pl\/probki-olejkow-cbd\/#breadcrumb\"},\"inLanguage\":\"en-GB\",\"potentialAction\":[{\"@type\":\"ReadAction\",\"target\":[\"https:\/\/hempmont.pl\/probki-olejkow-cbd\/\"]}]},{\"@type\":\"ImageObject\",\"inLanguage\":\"en-GB\",\"@id\":\"https:\/\/hempmont.pl\/probki-olejkow-cbd\/#primaryimage\",\"url\":\"https:\/\/hempmont.pl\/wp-content\/uploads\/2021\/10\/xeu.png.pagespeed.ic_.YI_1jn-XoD.png\",\"contentUrl\":\"https:\/\/hempmont.pl\/wp-content\/uploads\/2021\/10\/xeu.png.pagespeed.ic_.YI_1jn-XoD.png\"},{\"@type\":\"BreadcrumbList\",\"@id\":\"https:\/\/hempmont.pl\/probki-olejkow-cbd\/#breadcrumb\",\"itemListElement\":[{\"@type\":\"ListItem\",\"position\":1,\"name\":\"Strona g\u0142\u00f3wna\",\"item\":\"https:\/\/hempmont.pl\/\"},{\"@type\":\"ListItem\",\"position\":2,\"name\":\"Pr\u00f3bki olejk\u00f3w CBD\"}]},{\"@type\":\"WebSite\",\"@id\":\"https:\/\/hempmont.pl\/#website\",\"url\":\"https:\/\/hempmont.pl\/\",\"name\":\"Hempmont\",\"description\":\"\",\"potentialAction\":[{\"@type\":\"SearchAction\",\"target\":{\"@type\":\"EntryPoint\",\"urlTemplate\":\"https:\/\/hempmont.pl\/?s={search_term_string}\"},\"query-input\":{\"@type\":\"PropertyValueSpecification\",\"valueRequired\":true,\"valueName\":\"search_term_string\"}}],\"inLanguage\":\"en-GB\"}]}<\/script>\n<!-- \/ Yoast SEO plugin. -->","yoast_head_json":{"title":"Pr\u00f3bki olejk\u00f3w CBD - Hempmont","robots":{"index":"index","follow":"follow","max-snippet":"max-snippet:-1","max-image-preview":"max-image-preview:large","max-video-preview":"max-video-preview:-1"},"canonical":"https:\/\/hempmont.pl\/en\/samples-oil-cbd\/","og_locale":"en_GB","og_type":"article","og_title":"Pr\u00f3bki olejk\u00f3w CBD - Hempmont","og_description":"Przetestuj Hempmont Jakie pr\u00f3bki olejk\u00f3w CBD mo\u017cesz otrzyma\u0107? Poni\u017cej znajdziesz dost\u0119pne do zam\u00f3wienia pr\u00f3bki naszych produkt\u00f3w. Pami\u0119taj \u017ce mo\u017cesz zakupi\u0107 jedynie jedn\u0105 sztuk\u0119 z rodzaju. Je\u015bli chcesz otrzyma\u0107 pr\u00f3bk\u0119 z rabatem -80%, zapisz si\u0119 do newslettera, a otrzymasz kod rabatowy na podany mail, na zam\u00f3wienie pr\u00f3bek. Zr\u00f3wnowa\u017cony rozw\u00f3j Jako\u015b\u0107 i zaufanie Naszym za\u0142o\u017ceniem jako przedsi\u0119biorstwa, [&hellip;]","og_url":"https:\/\/hempmont.pl\/en\/samples-oil-cbd\/","og_site_name":"Hempmont","article_modified_time":"2022-03-27T13:08:31+00:00","og_image":[{"url":"https:\/\/hempmont.pl\/wp-content\/uploads\/2021\/10\/xeu.png.pagespeed.ic_.YI_1jn-XoD.png","type":"","width":"","height":""}],"twitter_card":"summary_large_image","twitter_misc":{"Estimated reading time":"2 minutes"},"schema":{"@context":"https:\/\/schema.org","@graph":[{"@type":"WebPage","@id":"https:\/\/hempmont.pl\/probki-olejkow-cbd\/","url":"https:\/\/hempmont.pl\/probki-olejkow-cbd\/","name":"Pr\u00f3bki olejk\u00f3w CBD - Hempmont","isPartOf":{"@id":"https:\/\/hempmont.pl\/#website"},"primaryImageOfPage":{"@id":"https:\/\/hempmont.pl\/probki-olejkow-cbd\/#primaryimage"},"image":{"@id":"https:\/\/hempmont.pl\/probki-olejkow-cbd\/#primaryimage"},"thumbnailUrl":"https:\/\/hempmont.pl\/wp-content\/uploads\/2021\/10\/xeu.png.pagespeed.ic_.YI_1jn-XoD.png","datePublished":"2021-10-26T02:34:53+00:00","dateModified":"2022-03-27T13:08:31+00:00","breadcrumb":{"@id":"https:\/\/hempmont.pl\/probki-olejkow-cbd\/#breadcrumb"},"inLanguage":"en-GB","potentialAction":[{"@type":"ReadAction","target":["https:\/\/hempmont.pl\/probki-olejkow-cbd\/"]}]},{"@type":"ImageObject","inLanguage":"en-GB","@id":"https:\/\/hempmont.pl\/probki-olejkow-cbd\/#primaryimage","url":"https:\/\/hempmont.pl\/wp-content\/uploads\/2021\/10\/xeu.png.pagespeed.ic_.YI_1jn-XoD.png","contentUrl":"https:\/\/hempmont.pl\/wp-content\/uploads\/2021\/10\/xeu.png.pagespeed.ic_.YI_1jn-XoD.png"},{"@type":"BreadcrumbList","@id":"https:\/\/hempmont.pl\/probki-olejkow-cbd\/#breadcrumb","itemListElement":[{"@type":"ListItem","position":1,"name":"Strona g\u0142\u00f3wna","item":"https:\/\/hempmont.pl\/"},{"@type":"ListItem","position":2,"name":"Pr\u00f3bki olejk\u00f3w CBD"}]},{"@type":"WebSite","@id":"https:\/\/hempmont.pl\/#website","url":"https:\/\/hempmont.pl\/","name":"Hempmont","description":"","potentialAction":[{"@type":"SearchAction","target":{"@type":"EntryPoint","urlTemplate":"https:\/\/hempmont.pl\/?s={search_term_string}"},"query-input":{"@type":"PropertyValueSpecification","valueRequired":true,"valueName":"search_term_string"}}],"inLanguage":"en-GB"}]}},"_links":{"self":[{"href":"https:\/\/hempmont.pl\/en\/wp-json\/wp\/v2\/pages\/24152","targetHints":{"allow":["GET"]}}],"collection":[{"href":"https:\/\/hempmont.pl\/en\/wp-json\/wp\/v2\/pages"}],"about":[{"href":"https:\/\/hempmont.pl\/en\/wp-json\/wp\/v2\/types\/page"}],"author":[{"embeddable":true,"href":"https:\/\/hempmont.pl\/en\/wp-json\/wp\/v2\/users\/1"}],"replies":[{"embeddable":true,"href":"https:\/\/hempmont.pl\/en\/wp-json\/wp\/v2\/comments?post=24152"}],"version-history":[{"count":0,"href":"https:\/\/hempmont.pl\/en\/wp-json\/wp\/v2\/pages\/24152\/revisions"}],"wp:attachment":[{"href":"https:\/\/hempmont.pl\/en\/wp-json\/wp\/v2\/media?parent=24152"}],"curies":[{"name":"wp","href":"https:\/\/api.w.org\/{rel}","templated":true}]}}