{"id":31436,"date":"2023-01-09T23:00:07","date_gmt":"2023-01-09T22:00:07","guid":{"rendered":"https:\/\/hempmont.pl\/?post_type=product&#038;p=31436"},"modified":"2025-07-14T12:58:17","modified_gmt":"2025-07-14T10:58:17","slug":"zestaw-2xolejek-konopny-cbd-30-3600-mg-hempmont-classic-12-ml","status":"publish","type":"product","link":"https:\/\/hempmont.pl\/de\/produkt\/2x-bulk-cbd-ol-30-3600mg-hempmont\/","title":{"rendered":"Satz von 2x CBD Hanf\u00f6l 30% 3600 mg, Hempmont Classic - 12 ml"},"content":{"rendered":"<div class=\"et_pb_tab_content\">\n<div class=\"et_pb_tab_content\">\n<h4 style=\"text-align: justify;\">Satz von 2x CBD-\u00d6l 30% Hempmont<\/h4>\n<p style=\"text-align: justify;\"><strong>Satz von 2x CBD-\u00d6l der Marke Hempmont 30%<\/strong>mit mindestens 2\u00d73600 mg Cannabidiol (CBD) und anderen nat\u00fcrlich im Hanf vorkommenden Substanzen. Die nat\u00fcrlichen Hanfextrakte von Hempmont sind eine F\u00fclle von mindestens f\u00fcnfhundert in Hanf vorkommenden Substanzen mit einer breiten Palette von Verwendungsm\u00f6glichkeiten.<\/p>\n<h4 style=\"text-align: justify;\">Wichtigste Produktmerkmale:<\/h4>\n<ul style=\"text-align: justify;\">\n<li>hilft, den Schlaf zu regulieren<\/li>\n<li>enth\u00e4lt das gesamte Spektrum der Hanfverbindungen<\/li>\n<li>ist nicht psychoaktiv<\/li>\n<li>ist v\u00f6llig legal<\/li>\n<li>gepr\u00fcft von <strong>akkreditiert<\/strong> Laboratorien<\/li>\n<li>Lieferung am n\u00e4chsten Tag<\/li>\n<li>eine Flasche reicht f\u00fcr 60 Tage<\/li>\n<\/ul>\n<h4 style=\"text-align: justify;\">Eigenschaften von CBD<\/h4>\n<p style=\"text-align: justify;\">Cannabidiol ist einer der wichtigsten Wirkstoffe, die in medizinischem Marihuana und Hanf enthalten sind. Es hat ein sehr breites Wirkungsspektrum. Von den mehr als 500 Wirkstoffen, die in Hanf vorkommen, hat CBD die meisten gesundheitsf\u00f6rdernden Eigenschaften. <a href=\"https:\/\/hempmont.pl\/de\/kategoria-produktu\/olejki-cbd\/\">CBD-\u00d6le<\/a> Hanf ist nicht berauschend, da CBD keine psychoaktive Substanz ist.<br \/>\nDas Produkt kann als Allrounder verwendet werden, ohne dass man sich Gedanken \u00fcber die Wahrnehmung oder das ver\u00e4nderte Bewusstsein machen muss. Im Gegensatz zu THC hat Cannabidiol (CBD) keine Nebenwirkungen und macht nicht s\u00fcchtig. Es ist wissenschaftlich erwiesen, dass dieses Cannabinoid eine Vielzahl von positiven Eigenschaften hat, die sowohl im Heilungsprozess als auch beim Sport oder bei der Arbeit hilfreich sind.<\/p>\n<p style=\"text-align: justify;\"><strong>Neben Cannabidiol (CBD) enth\u00e4lt das \u00d6l auch andere Cannabinoide, z. B.<\/strong>CBDA, CBDV, CBN, CBC, THC, THCA, CBG, CBGA sowie Flavonoide und Terpene.<strong><br \/>\n<\/strong><\/p>\n<p style=\"text-align: justify;\"><strong>Terpene, die in dem CBD-\u00d6l von Hempmont nat\u00fcrlich vorkommen:<\/strong>\u00a0Limonen, Linalool, Myrcen, Alpha- und Beta-Pinen, Beta-Caryophyllen, Cariophyllenoxid, Humulen, Nerolidol, Phytol und viele andere.<\/p>\n<p style=\"text-align: justify;\"><strong>Weitere nat\u00fcrlich vorkommende Stoffe sind:<\/strong> Spurenelemente - Phosphor, Kalium, Magnesium, Calcium, Eisen, Natrium, Mangan, Vitamine - Vitamin E, Thiamin (B1), Riboflavin (B2), Vitamin K, sowie Chlorophyll, Alkane Stickstoffhaltige Verbindungen, Aminos\u00e4uren, Zucker, Aldehyde, Alkohole, Ketone, Flavonoide, Glykoside, Farbstoffe, Wasser und organisches Hanfsamen\u00f6l, das reich an mehrfach unges\u00e4ttigten Fetts\u00e4uren (Omega) ist.<\/p>\n<p style=\"text-align: justify;\">Das CBD-\u00d6l von Hempmont wird aus Hanfsamen hergestellt, die ohne Pestizide, Herbizide oder GVO angebaut werden. Jedes unserer Produkte ist laborgepr\u00fcft, frei von Substanzen wie Schwermetallen und mikrobiologischen Verunreinigungen wie Bakterien und Pilzen. Das Produkt enth\u00e4lt kein synthetisches CBD.<\/p>\n<h4 style=\"text-align: justify;\">Spezifikation:<\/h4>\n<p style=\"text-align: justify;\"><strong>Fassungsverm\u00f6gen der Flasche:<\/strong>\u00a02\u00d712 ml, ca. 2\u00d7240 Tropfen<br \/>\n<strong>Inhalt:<\/strong> min. 2\u00d73600 mg CBD<br \/>\n<strong>Verfallsdatum:<\/strong> 12.2026<br \/>\n<strong>Anzahl der Portionen:<\/strong>\u00a02\u00d760. 1 Dosis (4 Tropfen) enth\u00e4lt 60 mg CBD und die anderen im Hanf enthaltenen Substanzen.<br \/>\n<strong>Zusammensetzung:<\/strong> faseriger Hanfextrakt, Bio-Hanfsamen\u00f6l<\/p>\n<\/div>\n<h4 style=\"text-align: justify;\">Gebrauchsanweisung<\/h4>\n<p style=\"text-align: justify;\">Die \u00d6le von Hempmont werden mit praktischen Tropfern f\u00fcr eine einfache Dosierung geliefert. Um das CBD-\u00d6l zu verwenden, m\u00fcssen Sie:<\/p>\n<ol style=\"text-align: justify;\">\n<li>Sch\u00fctteln Sie die Flasche vor Gebrauch;<\/li>\n<li>Dr\u00fccken Sie das Gummielement an der Mutter zusammen, damit das \u00d6l in den Schlauch gelangt;<\/li>\n<li>schrauben Sie die Pipettenkappe ab;<\/li>\n<li>Nehmen Sie die Pipette vorsichtig aus der Flasche;<\/li>\n<li>Tragen Sie das \u00d6l durch leichtes Zusammendr\u00fccken der Gummikappe auf, wie in der Dosierungsanleitung angegeben.<\/li>\n<\/ol>\n<p style=\"text-align: justify;\">Das Pr\u00e4parat ist nicht f\u00fcr Kinder unter 3 Jahren, schwangere Frauen und stillende M\u00fctter bestimmt. Nicht anwenden bei \u00dcberempfindlichkeit gegen einen der Bestandteile des Pr\u00e4parats. Vor Gebrauch sch\u00fctteln.<\/p>\n<\/div>","protected":false},"excerpt":{"rendered":"<div class=\"woocommerce-product-details__short-description\">\n<div class=\"woocommerce-product-details__short-description\">\n<p style=\"text-align: justify;\">Das CBD-Hanf\u00f6l von Hempmont ist ein v\u00f6llig nat\u00fcrliches und legales Produkt, das durch CO2-Extraktion aus lokalem Hanf h\u00f6chster Qualit\u00e4t gewonnen wird. Unsere CBD-\u00d6le sind frei von unn\u00f6tigem Wachs und Chlorophyll, was die Qualit\u00e4t des Extrakts erheblich verbessert. Die CBD-\u00d6le von Hempmont sind auch eine der wenigen, die getestet werden.<\/p>\n<p style=\"text-align: justify;\"><em>Das Produkt enth\u00e4lt das gesamte Spektrum an Cannabinoiden wie CBDA, CBDV, CBN, THC, THCA, CBC, CBG, CBGA, sowie Terpene und Flavonoide.<\/em><\/p>\n<p style=\"text-align: justify;\"><strong><br \/>\n<span style=\"color: #d46a6a;\">F\u00fcr wen?<\/span><\/strong>\u00a0Zwischenbericht<strong><br \/>\nCBD-Anteil pro Portion:<\/strong>\u00a060 mg \/ 4 Tropfen<strong><br \/>\nAnzahl der Portionen pro Packung:<\/strong> 60<strong><br \/>\nCBD-Gehalt: <\/strong>30%, 3600 mg<strong><br \/>\nForm: <\/strong>Auszug <strong>\/ <\/strong>Vollspektrum-\u00d6l<\/p>\n<h6>Sie sind nicht sicher, wie Sie die richtige Dosis w\u00e4hlen?<\/h6>\n<p><a class=\"lte-btn btn-xl btn-second\" href=\"https:\/\/hempmont.pl\/de\/anwendungsleitfaden\/\">Zum Taschenrechner gehen<\/a><\/p>\n<\/div>\n<\/div>","protected":false},"featured_media":31437,"comment_status":"open","ping_status":"closed","template":"","meta":[],"product_brand":[],"product_cat":[359,517],"product_tag":[],"class_list":{"0":"post-31436","1":"product","2":"type-product","3":"status-publish","4":"has-post-thumbnail","6":"product_cat-olejki-cbd","7":"product_cat-seria-classic","10":"first","11":"instock","12":"taxable","13":"shipping-taxable","14":"purchasable","15":"product-type-simple"},"yoast_head":"<!-- This site is optimized with the Yoast SEO plugin v24.3 - https:\/\/yoast.com\/wordpress\/plugins\/seo\/ -->\n<title>Zestaw 2xOlejek konopny CBD 30% 3600 mg, Hempmont Classic - 12 ml<\/title>\n<meta name=\"description\" content=\"Olejek Konopny CBD o st\u0119\u017ceniu 30% i zawarto\u015bci 3600 mg CBD. Produkt przebadany i certyfikowany, zawieraj\u0105cy pe\u0142ne spektrum kannabinoid\u00f3w.\" \/>\n<meta name=\"robots\" content=\"index, follow, max-snippet:-1, max-image-preview:large, max-video-preview:-1\" \/>\n<link rel=\"canonical\" href=\"https:\/\/hempmont.pl\/de\/produkt\/2x-bulk-cbd-ol-30-3600mg-hempmont\/\" \/>\n<meta property=\"og:locale\" content=\"de_DE\" \/>\n<meta property=\"og:type\" content=\"article\" \/>\n<meta property=\"og:title\" content=\"Zestaw 2xOlejek konopny CBD 30% 3600 mg, Hempmont Classic - 12 ml\" \/>\n<meta property=\"og:description\" content=\"Olejek Konopny CBD o st\u0119\u017ceniu 30% i zawarto\u015bci 3600 mg CBD. Produkt przebadany i certyfikowany, zawieraj\u0105cy pe\u0142ne spektrum kannabinoid\u00f3w.\" \/>\n<meta property=\"og:url\" content=\"https:\/\/hempmont.pl\/de\/produkt\/2x-bulk-cbd-ol-30-3600mg-hempmont\/\" \/>\n<meta property=\"og:site_name\" content=\"Hempmont\" \/>\n<meta property=\"article:modified_time\" content=\"2025-07-14T10:58:17+00:00\" \/>\n<meta property=\"og:image\" content=\"https:\/\/hempmont.pl\/wp-content\/uploads\/2023\/01\/Untitled-design-2-min.webp\" \/>\n\t<meta property=\"og:image:width\" content=\"1414\" \/>\n\t<meta property=\"og:image:height\" content=\"2000\" \/>\n\t<meta property=\"og:image:type\" content=\"image\/webp\" \/>\n<meta name=\"twitter:card\" content=\"summary_large_image\" \/>\n<meta name=\"twitter:label1\" content=\"Gesch\u00e4tzte Lesezeit\" \/>\n\t<meta name=\"twitter:data1\" content=\"3\u00a0Minuten\" \/>\n<script type=\"application\/ld+json\" class=\"yoast-schema-graph\">{\"@context\":\"https:\/\/schema.org\",\"@graph\":[{\"@type\":\"WebPage\",\"@id\":\"https:\/\/hempmont.pl\/produkt\/zestaw-2xolejek-konopny-cbd-30-3600-mg-hempmont-classic-12-ml\/\",\"url\":\"https:\/\/hempmont.pl\/produkt\/zestaw-2xolejek-konopny-cbd-30-3600-mg-hempmont-classic-12-ml\/\",\"name\":\"Zestaw 2xOlejek konopny CBD 30% 3600 mg, Hempmont Classic - 12 ml\",\"isPartOf\":{\"@id\":\"https:\/\/hempmont.pl\/#website\"},\"primaryImageOfPage\":{\"@id\":\"https:\/\/hempmont.pl\/produkt\/zestaw-2xolejek-konopny-cbd-30-3600-mg-hempmont-classic-12-ml\/#primaryimage\"},\"image\":{\"@id\":\"https:\/\/hempmont.pl\/produkt\/zestaw-2xolejek-konopny-cbd-30-3600-mg-hempmont-classic-12-ml\/#primaryimage\"},\"thumbnailUrl\":\"https:\/\/hempmont.pl\/wp-content\/uploads\/2023\/01\/Untitled-design-2-min.webp\",\"datePublished\":\"2023-01-09T22:00:07+00:00\",\"dateModified\":\"2025-07-14T10:58:17+00:00\",\"description\":\"Olejek Konopny CBD o st\u0119\u017ceniu 30% i zawarto\u015bci 3600 mg CBD. Produkt przebadany i certyfikowany, zawieraj\u0105cy pe\u0142ne spektrum kannabinoid\u00f3w.\",\"breadcrumb\":{\"@id\":\"https:\/\/hempmont.pl\/produkt\/zestaw-2xolejek-konopny-cbd-30-3600-mg-hempmont-classic-12-ml\/#breadcrumb\"},\"inLanguage\":\"de\",\"potentialAction\":[{\"@type\":\"ReadAction\",\"target\":[\"https:\/\/hempmont.pl\/produkt\/zestaw-2xolejek-konopny-cbd-30-3600-mg-hempmont-classic-12-ml\/\"]}]},{\"@type\":\"ImageObject\",\"inLanguage\":\"de\",\"@id\":\"https:\/\/hempmont.pl\/produkt\/zestaw-2xolejek-konopny-cbd-30-3600-mg-hempmont-classic-12-ml\/#primaryimage\",\"url\":\"https:\/\/hempmont.pl\/wp-content\/uploads\/2023\/01\/Untitled-design-2-min.webp\",\"contentUrl\":\"https:\/\/hempmont.pl\/wp-content\/uploads\/2023\/01\/Untitled-design-2-min.webp\",\"width\":1414,\"height\":2000},{\"@type\":\"BreadcrumbList\",\"@id\":\"https:\/\/hempmont.pl\/produkt\/zestaw-2xolejek-konopny-cbd-30-3600-mg-hempmont-classic-12-ml\/#breadcrumb\",\"itemListElement\":[{\"@type\":\"ListItem\",\"position\":1,\"name\":\"Strona g\u0142\u00f3wna\",\"item\":\"https:\/\/hempmont.pl\/\"},{\"@type\":\"ListItem\",\"position\":2,\"name\":\"Sklep CBD\",\"item\":\"https:\/\/hempmont.pl\/sklep-cbd\/\"},{\"@type\":\"ListItem\",\"position\":3,\"name\":\"Zestaw 2xOlej konopny CBD 30% 3600 mg, Hempmont Classic &#8211; 12 ml\"}]},{\"@type\":\"WebSite\",\"@id\":\"https:\/\/hempmont.pl\/#website\",\"url\":\"https:\/\/hempmont.pl\/\",\"name\":\"Hempmont\",\"description\":\"\",\"potentialAction\":[{\"@type\":\"SearchAction\",\"target\":{\"@type\":\"EntryPoint\",\"urlTemplate\":\"https:\/\/hempmont.pl\/?s={search_term_string}\"},\"query-input\":{\"@type\":\"PropertyValueSpecification\",\"valueRequired\":true,\"valueName\":\"search_term_string\"}}],\"inLanguage\":\"de\"}]}<\/script>\n<!-- \/ Yoast SEO plugin. -->","yoast_head_json":{"title":"Zestaw 2xOlejek konopny CBD 30% 3600 mg, Hempmont Classic - 12 ml","description":"Olejek Konopny CBD o st\u0119\u017ceniu 30% i zawarto\u015bci 3600 mg CBD. Produkt przebadany i certyfikowany, zawieraj\u0105cy pe\u0142ne spektrum kannabinoid\u00f3w.","robots":{"index":"index","follow":"follow","max-snippet":"max-snippet:-1","max-image-preview":"max-image-preview:large","max-video-preview":"max-video-preview:-1"},"canonical":"https:\/\/hempmont.pl\/de\/produkt\/2x-bulk-cbd-ol-30-3600mg-hempmont\/","og_locale":"de_DE","og_type":"article","og_title":"Zestaw 2xOlejek konopny CBD 30% 3600 mg, Hempmont Classic - 12 ml","og_description":"Olejek Konopny CBD o st\u0119\u017ceniu 30% i zawarto\u015bci 3600 mg CBD. Produkt przebadany i certyfikowany, zawieraj\u0105cy pe\u0142ne spektrum kannabinoid\u00f3w.","og_url":"https:\/\/hempmont.pl\/de\/produkt\/2x-bulk-cbd-ol-30-3600mg-hempmont\/","og_site_name":"Hempmont","article_modified_time":"2025-07-14T10:58:17+00:00","og_image":[{"width":1414,"height":2000,"url":"https:\/\/hempmont.pl\/wp-content\/uploads\/2023\/01\/Untitled-design-2-min.webp","type":"image\/webp"}],"twitter_card":"summary_large_image","twitter_misc":{"Gesch\u00e4tzte Lesezeit":"3\u00a0Minuten"},"schema":{"@context":"https:\/\/schema.org","@graph":[{"@type":"WebPage","@id":"https:\/\/hempmont.pl\/produkt\/zestaw-2xolejek-konopny-cbd-30-3600-mg-hempmont-classic-12-ml\/","url":"https:\/\/hempmont.pl\/produkt\/zestaw-2xolejek-konopny-cbd-30-3600-mg-hempmont-classic-12-ml\/","name":"Zestaw 2xOlejek konopny CBD 30% 3600 mg, Hempmont Classic - 12 ml","isPartOf":{"@id":"https:\/\/hempmont.pl\/#website"},"primaryImageOfPage":{"@id":"https:\/\/hempmont.pl\/produkt\/zestaw-2xolejek-konopny-cbd-30-3600-mg-hempmont-classic-12-ml\/#primaryimage"},"image":{"@id":"https:\/\/hempmont.pl\/produkt\/zestaw-2xolejek-konopny-cbd-30-3600-mg-hempmont-classic-12-ml\/#primaryimage"},"thumbnailUrl":"https:\/\/hempmont.pl\/wp-content\/uploads\/2023\/01\/Untitled-design-2-min.webp","datePublished":"2023-01-09T22:00:07+00:00","dateModified":"2025-07-14T10:58:17+00:00","description":"Olejek Konopny CBD o st\u0119\u017ceniu 30% i zawarto\u015bci 3600 mg CBD. Produkt przebadany i certyfikowany, zawieraj\u0105cy pe\u0142ne spektrum kannabinoid\u00f3w.","breadcrumb":{"@id":"https:\/\/hempmont.pl\/produkt\/zestaw-2xolejek-konopny-cbd-30-3600-mg-hempmont-classic-12-ml\/#breadcrumb"},"inLanguage":"de","potentialAction":[{"@type":"ReadAction","target":["https:\/\/hempmont.pl\/produkt\/zestaw-2xolejek-konopny-cbd-30-3600-mg-hempmont-classic-12-ml\/"]}]},{"@type":"ImageObject","inLanguage":"de","@id":"https:\/\/hempmont.pl\/produkt\/zestaw-2xolejek-konopny-cbd-30-3600-mg-hempmont-classic-12-ml\/#primaryimage","url":"https:\/\/hempmont.pl\/wp-content\/uploads\/2023\/01\/Untitled-design-2-min.webp","contentUrl":"https:\/\/hempmont.pl\/wp-content\/uploads\/2023\/01\/Untitled-design-2-min.webp","width":1414,"height":2000},{"@type":"BreadcrumbList","@id":"https:\/\/hempmont.pl\/produkt\/zestaw-2xolejek-konopny-cbd-30-3600-mg-hempmont-classic-12-ml\/#breadcrumb","itemListElement":[{"@type":"ListItem","position":1,"name":"Strona g\u0142\u00f3wna","item":"https:\/\/hempmont.pl\/"},{"@type":"ListItem","position":2,"name":"Sklep CBD","item":"https:\/\/hempmont.pl\/sklep-cbd\/"},{"@type":"ListItem","position":3,"name":"Zestaw 2xOlej konopny CBD 30% 3600 mg, Hempmont Classic &#8211; 12 ml"}]},{"@type":"WebSite","@id":"https:\/\/hempmont.pl\/#website","url":"https:\/\/hempmont.pl\/","name":"Hempmont","description":"","potentialAction":[{"@type":"SearchAction","target":{"@type":"EntryPoint","urlTemplate":"https:\/\/hempmont.pl\/?s={search_term_string}"},"query-input":{"@type":"PropertyValueSpecification","valueRequired":true,"valueName":"search_term_string"}}],"inLanguage":"de"}]}},"_links":{"self":[{"href":"https:\/\/hempmont.pl\/de\/wp-json\/wp\/v2\/product\/31436","targetHints":{"allow":["GET"]}}],"collection":[{"href":"https:\/\/hempmont.pl\/de\/wp-json\/wp\/v2\/product"}],"about":[{"href":"https:\/\/hempmont.pl\/de\/wp-json\/wp\/v2\/types\/product"}],"replies":[{"embeddable":true,"href":"https:\/\/hempmont.pl\/de\/wp-json\/wp\/v2\/comments?post=31436"}],"wp:featuredmedia":[{"embeddable":true,"href":"https:\/\/hempmont.pl\/de\/wp-json\/wp\/v2\/media\/31437"}],"wp:attachment":[{"href":"https:\/\/hempmont.pl\/de\/wp-json\/wp\/v2\/media?parent=31436"}],"wp:term":[{"taxonomy":"product_brand","embeddable":true,"href":"https:\/\/hempmont.pl\/de\/wp-json\/wp\/v2\/product_brand?post=31436"},{"taxonomy":"product_cat","embeddable":true,"href":"https:\/\/hempmont.pl\/de\/wp-json\/wp\/v2\/product_cat?post=31436"},{"taxonomy":"product_tag","embeddable":true,"href":"https:\/\/hempmont.pl\/de\/wp-json\/wp\/v2\/product_tag?post=31436"}],"curies":[{"name":"wp","href":"https:\/\/api.w.org\/{rel}","templated":true}]}}