{"id":30624,"date":"2022-10-31T11:20:14","date_gmt":"2022-10-31T10:20:14","guid":{"rendered":"https:\/\/hempmont.pl\/?post_type=product&#038;p=30624"},"modified":"2025-03-26T11:11:53","modified_gmt":"2025-03-26T10:11:53","slug":"ekologiczny-susz-konopny-cbg-gold-125-hempmont-flos-3-gramy","status":"publish","type":"product","link":"https:\/\/hempmont.pl\/de\/produkt\/cannabis-blumen-cbg-gold-65-3-gramm\/","title":{"rendered":"Getrockneter Bio-Hanf CBG Gold 12.5%, Hempmont Flos - 3 Gramm"},"content":{"rendered":"<div class=\"et_pb_tab_content\">\n<h4 style=\"text-align: justify;\">Bio-Hanfsamen CBG Gold 12.5% mit au\u00dfergew\u00f6hnlichem Aroma<\/h4>\n<p style=\"text-align: justify;\">CBG trocken der Marke Hempmont mit einem Mindestgehalt von 12,5% Cannabigerol (CBG) und anderen nat\u00fcrlich vorkommenden Substanzen im Hanf.<\/p>\n<h4 style=\"text-align: justify;\">Wichtigste Produktmerkmale:<\/h4>\n<ul style=\"text-align: justify;\">\n<li>hilft bei vielen Beschwerden<\/li>\n<li>enth\u00e4lt das gesamte Spektrum der Hanfverbindungen<\/li>\n<li>ist nicht psychoaktiv<\/li>\n<li>ist v\u00f6llig legal<\/li>\n<li>gepr\u00fcft von <strong>akkreditiert<\/strong> Laboratorien<\/li>\n<li>Lieferung am n\u00e4chsten Tag<\/li>\n<li>gro\u00dfe 3-Gramm-Packung<\/li>\n<li>aus \u00f6kologischem Landbau<\/li>\n<\/ul>\n<p style=\"text-align: justify;\">Die nat\u00fcrlichen Hanfprodukte von Hempmont sind eine F\u00fclle von mindestens f\u00fcnfhundert im Hanf vorkommenden Substanzen mit einer breiten Palette von therapeutischen Anwendungen.<\/p>\n<h4 style=\"text-align: justify;\">Eigenschaften von CBG<\/h4>\n<p style=\"text-align: justify;\">CBG beeinflusst, wie auch andere Cannabinoide, die Funktion des Endocannabinoidsystems. Diese Verbindung ist ein partieller Agonist der CB1- und CB2-Rezeptoren, die f\u00fcr zahlreiche K\u00f6rperfunktionen verantwortlich sind. Einigen Quellen zufolge hat Cannabigerol st\u00e4rkere schmerzlindernde und antiarrhythmische Eigenschaften als das weit verbreitete THC.<\/p>\n<p>Das Produkt kann als vielseitiges therapeutisches Mittel eingesetzt werden, ohne dass die Wahrnehmung oder das ver\u00e4nderte Bewusstsein beeintr\u00e4chtigt werden. Cannabidiol (CBD) hat, anders als THC, keine Nebenwirkungen und macht nicht s\u00fcchtig. Es ist wissenschaftlich erwiesen, dass dieses Cannabinoid eine breite Palette positiver Eigenschaften hat, die sowohl im Heilungsprozess als auch beim Sport oder bei der Arbeit hilfreich sind.<\/p>\n<p style=\"text-align: justify;\">Neben Cannabigerol (CBG) enth\u00e4lt die Trockensubstanz vernachl\u00e4ssigbare Mengen anderer Cannabinoide, d. h. : <strong>CBDA, CBD, CBDV, CBN, CBC, THC, THCA, CBG, CBGA, <\/strong>und Flavonoide und <strong>Terpene.<br \/>\n<\/strong><\/p>\n<p style=\"text-align: justify;\"><strong>Terpene, die nat\u00fcrlich in Hempmont-Produkten vorkommen:<\/strong>\u00a0Limonen, Linalool, Myrcen, Alpha- und Beta-Pinen, Beta-Caryophyllen, Cariophyllenoxid, Humulen, Nerolidol, Phytol und viele andere.<\/p>\n<p style=\"text-align: justify;\">Weitere nat\u00fcrlich vorkommende Stoffe sind: Spurenelemente - Phosphor, Kalium, Magnesium, Kalzium, Eisen, Natrium, Mangan, Vitamine - Vitamin E, Thiamin (B1), Riboflavin (B2), Vitamin K, sowie Chlorophyll, Alkane, Stickstoffverbindungen, Aminos\u00e4uren, Zucker, Aldehyde, Alkohole, Ketone, Flavonoide, Glykoside, Farbstoffe, Wasser und Bio-Hanfsamen\u00f6l, das reich an mehrfach unges\u00e4ttigten Fetts\u00e4uren (Omega) ist.<\/p>\n<p style=\"text-align: justify;\">Das getrocknete CBG von Hempmont wird aus Hanfsamen hergestellt, bei deren Anbau keine Pestizide, Herbizide oder GVOs verwendet werden. Jedes unserer Produkte ist laborgepr\u00fcft und frei von Schadstoffen wie Schwermetallen und mikrobiellen Verunreinigungen wie Bakterien oder Pilzen.<\/p>\n<p style=\"text-align: justify;\">Das Produkt enth\u00e4lt kein synthetisches CBD.<\/p>\n<h4 style=\"text-align: justify;\"><strong>Zusammensetzung:<\/strong><\/h4>\n<p style=\"text-align: justify;\">Getrocknete Hanfbl\u00fcten, 3 Gramm<\/p>\n<h4 style=\"text-align: justify;\">Spezifikation:<\/h4>\n<p style=\"text-align: justify;\"><strong>Inhalt:<\/strong>\u00a03 Gramm<br \/>\n<strong>Verfallsdatum:<\/strong> mindestens 12 Monate<\/p>\n<h4 style=\"text-align: justify;\">Gebrauchsanweisung<\/h4>\n<p style=\"text-align: justify;\">Das getrocknete CBG von Hempmont wird f\u00fcr die Verdampfung verwendet. Geben Sie die gew\u00fcnschte Menge in den Verdampfer und inhalieren Sie dann.<\/p>\n<p style=\"text-align: justify;\">\n<\/div>","protected":false},"excerpt":{"rendered":"<div class=\"woocommerce-product-details__short-description\">\n<div class=\"page\" title=\"Seite 3\">\n<div class=\"section\">\n<div class=\"layoutArea\">\n<div class=\"column\">\n<p style=\"text-align: justify;\">Hempmont CBG Gold Hanfsamen, enth\u00e4lt das gesamte Spektrum an Phyton\u00e4hrstoffen, Terpenen, Flavonoiden und Phenolen, in einer Zusammensetzung ideal f\u00fcr Ihr Wohlbefinden. Ein Produkt polnischen Ursprungs, v\u00f6llig nat\u00fcrlich aus biologischem Indoor-Anbau. Es handelt sich um ein hochwertiges getrocknetes Produkt, frei von Stielen und Samen, mit einem sch\u00f6nen Aroma und Aussehen. Das Erzeugnis ist zur Verdampfung bestimmt.<\/p>\n<\/div>\n<\/div>\n<\/div>\n<\/div>\n<p style=\"text-align: justify;\"><strong>F\u00fcr wen? <\/strong>F\u00fcr alle<strong><br \/>\n<\/strong><strong>CBD-Anteil pro Portion: <\/strong>ND<strong><br \/>\nMenge pro Packung: <\/strong>3 Gramm<strong><br \/>\nCBG-Inhalt: <\/strong>125 mg \/ 1 Gramm<strong><br \/>\nForm: <\/strong>D\u00fcrre\u00a0<strong>\/ <\/strong>Vollspektrum-Cannabisbl\u00fcten<\/p>\n<\/div>","protected":false},"featured_media":30626,"comment_status":"open","ping_status":"closed","template":"","meta":[],"product_brand":[],"product_cat":[593],"product_tag":[],"class_list":{"0":"post-30624","1":"product","2":"type-product","3":"status-publish","4":"has-post-thumbnail","6":"product_cat-ekologiczny-susz-cbd-cbg","9":"first","10":"outofstock","11":"taxable","12":"shipping-taxable","13":"purchasable","14":"product-type-simple"},"yoast_head":"<!-- This site is optimized with the Yoast SEO plugin v24.3 - https:\/\/yoast.com\/wordpress\/plugins\/seo\/ -->\n<title>Ekologiczny susz konopny CBG Gold 12.5% - 3 gramy 100% naturalny<\/title>\n<meta name=\"description\" content=\"Ekologiczny susz Konopny CBG o st\u0119\u017ceniu 12.5%. Przebadany i certyfikowany produkt przeznaczony do waporyzacji\" \/>\n<meta name=\"robots\" content=\"index, follow, max-snippet:-1, max-image-preview:large, max-video-preview:-1\" \/>\n<link rel=\"canonical\" href=\"https:\/\/hempmont.pl\/de\/produkt\/cannabis-blumen-cbg-gold-65-3-gramm\/\" \/>\n<meta property=\"og:locale\" content=\"de_DE\" \/>\n<meta property=\"og:type\" content=\"article\" \/>\n<meta property=\"og:title\" content=\"Ekologiczny susz konopny CBG Gold 12.5% - 3 gramy 100% naturalny\" \/>\n<meta property=\"og:description\" content=\"Ekologiczny susz Konopny CBG o st\u0119\u017ceniu 12.5%. Przebadany i certyfikowany produkt przeznaczony do waporyzacji\" \/>\n<meta property=\"og:url\" content=\"https:\/\/hempmont.pl\/de\/produkt\/cannabis-blumen-cbg-gold-65-3-gramm\/\" \/>\n<meta property=\"og:site_name\" content=\"Hempmont\" \/>\n<meta property=\"article:modified_time\" content=\"2025-03-26T10:11:53+00:00\" \/>\n<meta property=\"og:image\" content=\"https:\/\/hempmont.pl\/wp-content\/uploads\/2022\/10\/susz-cbg-min.webp\" \/>\n\t<meta property=\"og:image:width\" content=\"1000\" \/>\n\t<meta property=\"og:image:height\" content=\"1000\" \/>\n\t<meta property=\"og:image:type\" content=\"image\/webp\" \/>\n<meta name=\"twitter:card\" content=\"summary_large_image\" \/>\n<meta name=\"twitter:label1\" content=\"Gesch\u00e4tzte Lesezeit\" \/>\n\t<meta name=\"twitter:data1\" content=\"3\u00a0Minuten\" \/>\n<script type=\"application\/ld+json\" class=\"yoast-schema-graph\">{\"@context\":\"https:\/\/schema.org\",\"@graph\":[{\"@type\":\"WebPage\",\"@id\":\"https:\/\/hempmont.pl\/produkt\/ekologiczny-susz-konopny-cbg-gold-125-hempmont-flos-3-gramy\/\",\"url\":\"https:\/\/hempmont.pl\/produkt\/ekologiczny-susz-konopny-cbg-gold-125-hempmont-flos-3-gramy\/\",\"name\":\"Ekologiczny susz konopny CBG Gold 12.5% - 3 gramy 100% naturalny\",\"isPartOf\":{\"@id\":\"https:\/\/hempmont.pl\/#website\"},\"primaryImageOfPage\":{\"@id\":\"https:\/\/hempmont.pl\/produkt\/ekologiczny-susz-konopny-cbg-gold-125-hempmont-flos-3-gramy\/#primaryimage\"},\"image\":{\"@id\":\"https:\/\/hempmont.pl\/produkt\/ekologiczny-susz-konopny-cbg-gold-125-hempmont-flos-3-gramy\/#primaryimage\"},\"thumbnailUrl\":\"https:\/\/hempmont.pl\/wp-content\/uploads\/2022\/10\/susz-cbg-min.webp\",\"datePublished\":\"2022-10-31T10:20:14+00:00\",\"dateModified\":\"2025-03-26T10:11:53+00:00\",\"description\":\"Ekologiczny susz Konopny CBG o st\u0119\u017ceniu 12.5%. Przebadany i certyfikowany produkt przeznaczony do waporyzacji\",\"breadcrumb\":{\"@id\":\"https:\/\/hempmont.pl\/produkt\/ekologiczny-susz-konopny-cbg-gold-125-hempmont-flos-3-gramy\/#breadcrumb\"},\"inLanguage\":\"de\",\"potentialAction\":[{\"@type\":\"ReadAction\",\"target\":[\"https:\/\/hempmont.pl\/produkt\/ekologiczny-susz-konopny-cbg-gold-125-hempmont-flos-3-gramy\/\"]}]},{\"@type\":\"ImageObject\",\"inLanguage\":\"de\",\"@id\":\"https:\/\/hempmont.pl\/produkt\/ekologiczny-susz-konopny-cbg-gold-125-hempmont-flos-3-gramy\/#primaryimage\",\"url\":\"https:\/\/hempmont.pl\/wp-content\/uploads\/2022\/10\/susz-cbg-min.webp\",\"contentUrl\":\"https:\/\/hempmont.pl\/wp-content\/uploads\/2022\/10\/susz-cbg-min.webp\",\"width\":1000,\"height\":1000,\"caption\":\"Susz konopny CBG\"},{\"@type\":\"BreadcrumbList\",\"@id\":\"https:\/\/hempmont.pl\/produkt\/ekologiczny-susz-konopny-cbg-gold-125-hempmont-flos-3-gramy\/#breadcrumb\",\"itemListElement\":[{\"@type\":\"ListItem\",\"position\":1,\"name\":\"Strona g\u0142\u00f3wna\",\"item\":\"https:\/\/hempmont.pl\/\"},{\"@type\":\"ListItem\",\"position\":2,\"name\":\"Sklep CBD\",\"item\":\"https:\/\/hempmont.pl\/sklep-cbd\/\"},{\"@type\":\"ListItem\",\"position\":3,\"name\":\"Ekologiczny susz konopny CBG Gold 12,5%, Hempmont Flos &#8211; 3 gramy\"}]},{\"@type\":\"WebSite\",\"@id\":\"https:\/\/hempmont.pl\/#website\",\"url\":\"https:\/\/hempmont.pl\/\",\"name\":\"Hempmont\",\"description\":\"\",\"potentialAction\":[{\"@type\":\"SearchAction\",\"target\":{\"@type\":\"EntryPoint\",\"urlTemplate\":\"https:\/\/hempmont.pl\/?s={search_term_string}\"},\"query-input\":{\"@type\":\"PropertyValueSpecification\",\"valueRequired\":true,\"valueName\":\"search_term_string\"}}],\"inLanguage\":\"de\"}]}<\/script>\n<!-- \/ Yoast SEO plugin. -->","yoast_head_json":{"title":"Ekologiczny susz konopny CBG Gold 12.5% - 3 gramy 100% naturalny","description":"Ekologiczny susz Konopny CBG o st\u0119\u017ceniu 12.5%. Przebadany i certyfikowany produkt przeznaczony do waporyzacji","robots":{"index":"index","follow":"follow","max-snippet":"max-snippet:-1","max-image-preview":"max-image-preview:large","max-video-preview":"max-video-preview:-1"},"canonical":"https:\/\/hempmont.pl\/de\/produkt\/cannabis-blumen-cbg-gold-65-3-gramm\/","og_locale":"de_DE","og_type":"article","og_title":"Ekologiczny susz konopny CBG Gold 12.5% - 3 gramy 100% naturalny","og_description":"Ekologiczny susz Konopny CBG o st\u0119\u017ceniu 12.5%. Przebadany i certyfikowany produkt przeznaczony do waporyzacji","og_url":"https:\/\/hempmont.pl\/de\/produkt\/cannabis-blumen-cbg-gold-65-3-gramm\/","og_site_name":"Hempmont","article_modified_time":"2025-03-26T10:11:53+00:00","og_image":[{"width":1000,"height":1000,"url":"https:\/\/hempmont.pl\/wp-content\/uploads\/2022\/10\/susz-cbg-min.webp","type":"image\/webp"}],"twitter_card":"summary_large_image","twitter_misc":{"Gesch\u00e4tzte Lesezeit":"3\u00a0Minuten"},"schema":{"@context":"https:\/\/schema.org","@graph":[{"@type":"WebPage","@id":"https:\/\/hempmont.pl\/produkt\/ekologiczny-susz-konopny-cbg-gold-125-hempmont-flos-3-gramy\/","url":"https:\/\/hempmont.pl\/produkt\/ekologiczny-susz-konopny-cbg-gold-125-hempmont-flos-3-gramy\/","name":"Ekologiczny susz konopny CBG Gold 12.5% - 3 gramy 100% naturalny","isPartOf":{"@id":"https:\/\/hempmont.pl\/#website"},"primaryImageOfPage":{"@id":"https:\/\/hempmont.pl\/produkt\/ekologiczny-susz-konopny-cbg-gold-125-hempmont-flos-3-gramy\/#primaryimage"},"image":{"@id":"https:\/\/hempmont.pl\/produkt\/ekologiczny-susz-konopny-cbg-gold-125-hempmont-flos-3-gramy\/#primaryimage"},"thumbnailUrl":"https:\/\/hempmont.pl\/wp-content\/uploads\/2022\/10\/susz-cbg-min.webp","datePublished":"2022-10-31T10:20:14+00:00","dateModified":"2025-03-26T10:11:53+00:00","description":"Ekologiczny susz Konopny CBG o st\u0119\u017ceniu 12.5%. Przebadany i certyfikowany produkt przeznaczony do waporyzacji","breadcrumb":{"@id":"https:\/\/hempmont.pl\/produkt\/ekologiczny-susz-konopny-cbg-gold-125-hempmont-flos-3-gramy\/#breadcrumb"},"inLanguage":"de","potentialAction":[{"@type":"ReadAction","target":["https:\/\/hempmont.pl\/produkt\/ekologiczny-susz-konopny-cbg-gold-125-hempmont-flos-3-gramy\/"]}]},{"@type":"ImageObject","inLanguage":"de","@id":"https:\/\/hempmont.pl\/produkt\/ekologiczny-susz-konopny-cbg-gold-125-hempmont-flos-3-gramy\/#primaryimage","url":"https:\/\/hempmont.pl\/wp-content\/uploads\/2022\/10\/susz-cbg-min.webp","contentUrl":"https:\/\/hempmont.pl\/wp-content\/uploads\/2022\/10\/susz-cbg-min.webp","width":1000,"height":1000,"caption":"Susz konopny CBG"},{"@type":"BreadcrumbList","@id":"https:\/\/hempmont.pl\/produkt\/ekologiczny-susz-konopny-cbg-gold-125-hempmont-flos-3-gramy\/#breadcrumb","itemListElement":[{"@type":"ListItem","position":1,"name":"Strona g\u0142\u00f3wna","item":"https:\/\/hempmont.pl\/"},{"@type":"ListItem","position":2,"name":"Sklep CBD","item":"https:\/\/hempmont.pl\/sklep-cbd\/"},{"@type":"ListItem","position":3,"name":"Ekologiczny susz konopny CBG Gold 12,5%, Hempmont Flos &#8211; 3 gramy"}]},{"@type":"WebSite","@id":"https:\/\/hempmont.pl\/#website","url":"https:\/\/hempmont.pl\/","name":"Hempmont","description":"","potentialAction":[{"@type":"SearchAction","target":{"@type":"EntryPoint","urlTemplate":"https:\/\/hempmont.pl\/?s={search_term_string}"},"query-input":{"@type":"PropertyValueSpecification","valueRequired":true,"valueName":"search_term_string"}}],"inLanguage":"de"}]}},"_links":{"self":[{"href":"https:\/\/hempmont.pl\/de\/wp-json\/wp\/v2\/product\/30624","targetHints":{"allow":["GET"]}}],"collection":[{"href":"https:\/\/hempmont.pl\/de\/wp-json\/wp\/v2\/product"}],"about":[{"href":"https:\/\/hempmont.pl\/de\/wp-json\/wp\/v2\/types\/product"}],"replies":[{"embeddable":true,"href":"https:\/\/hempmont.pl\/de\/wp-json\/wp\/v2\/comments?post=30624"}],"wp:featuredmedia":[{"embeddable":true,"href":"https:\/\/hempmont.pl\/de\/wp-json\/wp\/v2\/media\/30626"}],"wp:attachment":[{"href":"https:\/\/hempmont.pl\/de\/wp-json\/wp\/v2\/media?parent=30624"}],"wp:term":[{"taxonomy":"product_brand","embeddable":true,"href":"https:\/\/hempmont.pl\/de\/wp-json\/wp\/v2\/product_brand?post=30624"},{"taxonomy":"product_cat","embeddable":true,"href":"https:\/\/hempmont.pl\/de\/wp-json\/wp\/v2\/product_cat?post=30624"},{"taxonomy":"product_tag","embeddable":true,"href":"https:\/\/hempmont.pl\/de\/wp-json\/wp\/v2\/product_tag?post=30624"}],"curies":[{"name":"wp","href":"https:\/\/api.w.org\/{rel}","templated":true}]}}