{"id":26040,"date":"2022-01-04T11:38:17","date_gmt":"2022-01-04T10:38:17","guid":{"rendered":"https:\/\/hempmont.pl\/?post_type=product&#038;p=26040"},"modified":"2025-08-06T13:11:00","modified_gmt":"2025-08-06T11:11:00","slug":"kurkuma-sok-100-500-ml","status":"publish","type":"product","link":"https:\/\/hempmont.pl\/de\/produkt\/kurkumasaft-100-500-ml\/","title":{"rendered":"Kurkuma-Saft 100% 500 ml"},"content":{"rendered":"<p>Empfohlene Art der Verabreichung: 2x pro Tag 50 ml Saft (morgens und abends).<\/p>\n<p>Zutaten: Kurkuma-Rhizom NFC-Saft (80%), Zitronenfrucht NFC-Saft (20%)<\/p>\n<p>Produkt zum direkten Verzehr oder zur Verd\u00fcnnung.<\/p>\n<p>Nettoinhalt: 500 ml, Braunglasflasche (sch\u00fctzt den Saft vor N\u00e4hrstoff- und Vitaminverlusten)<\/p>","protected":false},"excerpt":{"rendered":"<p>Empfohlene Art der Verabreichung: 2x pro Tag 50 ml Saft (morgens und abends).<\/p>\n<p>Zutaten: Kurkuma-Rhizom NFC-Saft (80%), Zitronenfrucht NFC-Saft (20%)<\/p>\n<p>Produkt zum direkten Verzehr oder zur Verd\u00fcnnung.<\/p>\n<p>Nettoinhalt: 500 ml, Braunglasflasche (sch\u00fctzt den Saft vor N\u00e4hrstoff- und Vitaminverlusten)<\/p>","protected":false},"featured_media":26041,"comment_status":"open","ping_status":"closed","template":"","meta":[],"product_brand":[],"product_cat":[543],"product_tag":[],"class_list":{"0":"post-26040","1":"product","2":"type-product","3":"status-publish","4":"has-post-thumbnail","6":"product_cat-sok-z-owocow","9":"first","10":"instock","11":"taxable","12":"shipping-taxable","13":"purchasable","14":"product-type-simple"},"yoast_head":"<!-- This site is optimized with the Yoast SEO plugin v24.3 - https:\/\/yoast.com\/wordpress\/plugins\/seo\/ -->\n<title>Kurkuma sok 100% 500 ml - Hempmont<\/title>\n<meta name=\"robots\" content=\"index, follow, max-snippet:-1, max-image-preview:large, max-video-preview:-1\" \/>\n<link rel=\"canonical\" href=\"https:\/\/hempmont.pl\/de\/produkt\/kurkumasaft-100-500-ml\/\" \/>\n<meta property=\"og:locale\" content=\"de_DE\" \/>\n<meta property=\"og:type\" content=\"article\" \/>\n<meta property=\"og:title\" content=\"Kurkuma sok 100% 500 ml - Hempmont\" \/>\n<meta property=\"og:description\" content=\"Proponowany spos\u00f3b podania: 2x dziennie po 50 ml soku (rano i wieczorem).  Sk\u0142ad: sok NFC z k\u0142\u0105czy kurkumy (80%), sok NFC z owoc\u00f3w cytryny zwyczajnej (20%)  Produkt do bezpo\u015bredniego spo\u017cycia lub rozcie\u0144czenia.  Obj\u0119to\u015b\u0107 netto: 500 ml, butelka szklana z br\u0105zowego szk\u0142a (zabezpiecza sok przed utrat\u0105 w\u0142a\u015bciwo\u015bci od\u017cywczych i witami\" \/>\n<meta property=\"og:url\" content=\"https:\/\/hempmont.pl\/de\/produkt\/kurkumasaft-100-500-ml\/\" \/>\n<meta property=\"og:site_name\" content=\"Hempmont\" \/>\n<meta property=\"article:modified_time\" content=\"2025-08-06T11:11:00+00:00\" \/>\n<meta property=\"og:image\" content=\"https:\/\/hempmont.pl\/wp-content\/uploads\/2022\/01\/sok-z-kurkumy-100.jpg\" \/>\n\t<meta property=\"og:image:width\" content=\"256\" \/>\n\t<meta property=\"og:image:height\" content=\"500\" \/>\n\t<meta property=\"og:image:type\" content=\"image\/jpeg\" \/>\n<meta name=\"twitter:card\" content=\"summary_large_image\" \/>\n<meta name=\"twitter:label1\" content=\"Gesch\u00e4tzte Lesezeit\" \/>\n\t<meta name=\"twitter:data1\" content=\"1\u00a0Minute\" \/>\n<script type=\"application\/ld+json\" class=\"yoast-schema-graph\">{\"@context\":\"https:\/\/schema.org\",\"@graph\":[{\"@type\":\"WebPage\",\"@id\":\"https:\/\/hempmont.pl\/produkt\/kurkuma-sok-100-500-ml\/\",\"url\":\"https:\/\/hempmont.pl\/produkt\/kurkuma-sok-100-500-ml\/\",\"name\":\"Kurkuma sok 100% 500 ml - Hempmont\",\"isPartOf\":{\"@id\":\"https:\/\/hempmont.pl\/#website\"},\"primaryImageOfPage\":{\"@id\":\"https:\/\/hempmont.pl\/produkt\/kurkuma-sok-100-500-ml\/#primaryimage\"},\"image\":{\"@id\":\"https:\/\/hempmont.pl\/produkt\/kurkuma-sok-100-500-ml\/#primaryimage\"},\"thumbnailUrl\":\"https:\/\/hempmont.pl\/wp-content\/uploads\/2022\/01\/sok-z-kurkumy-100.jpg\",\"datePublished\":\"2022-01-04T10:38:17+00:00\",\"dateModified\":\"2025-08-06T11:11:00+00:00\",\"breadcrumb\":{\"@id\":\"https:\/\/hempmont.pl\/produkt\/kurkuma-sok-100-500-ml\/#breadcrumb\"},\"inLanguage\":\"de\",\"potentialAction\":[{\"@type\":\"ReadAction\",\"target\":[\"https:\/\/hempmont.pl\/produkt\/kurkuma-sok-100-500-ml\/\"]}]},{\"@type\":\"ImageObject\",\"inLanguage\":\"de\",\"@id\":\"https:\/\/hempmont.pl\/produkt\/kurkuma-sok-100-500-ml\/#primaryimage\",\"url\":\"https:\/\/hempmont.pl\/wp-content\/uploads\/2022\/01\/sok-z-kurkumy-100.jpg\",\"contentUrl\":\"https:\/\/hempmont.pl\/wp-content\/uploads\/2022\/01\/sok-z-kurkumy-100.jpg\",\"width\":256,\"height\":500},{\"@type\":\"BreadcrumbList\",\"@id\":\"https:\/\/hempmont.pl\/produkt\/kurkuma-sok-100-500-ml\/#breadcrumb\",\"itemListElement\":[{\"@type\":\"ListItem\",\"position\":1,\"name\":\"Strona g\u0142\u00f3wna\",\"item\":\"https:\/\/hempmont.pl\/\"},{\"@type\":\"ListItem\",\"position\":2,\"name\":\"Sklep CBD\",\"item\":\"https:\/\/hempmont.pl\/sklep-cbd\/\"},{\"@type\":\"ListItem\",\"position\":3,\"name\":\"Kurkuma sok 100% 500 ml\"}]},{\"@type\":\"WebSite\",\"@id\":\"https:\/\/hempmont.pl\/#website\",\"url\":\"https:\/\/hempmont.pl\/\",\"name\":\"Hempmont\",\"description\":\"\",\"potentialAction\":[{\"@type\":\"SearchAction\",\"target\":{\"@type\":\"EntryPoint\",\"urlTemplate\":\"https:\/\/hempmont.pl\/?s={search_term_string}\"},\"query-input\":{\"@type\":\"PropertyValueSpecification\",\"valueRequired\":true,\"valueName\":\"search_term_string\"}}],\"inLanguage\":\"de\"}]}<\/script>\n<!-- \/ Yoast SEO plugin. -->","yoast_head_json":{"title":"Kurkuma sok 100% 500 ml - Hempmont","robots":{"index":"index","follow":"follow","max-snippet":"max-snippet:-1","max-image-preview":"max-image-preview:large","max-video-preview":"max-video-preview:-1"},"canonical":"https:\/\/hempmont.pl\/de\/produkt\/kurkumasaft-100-500-ml\/","og_locale":"de_DE","og_type":"article","og_title":"Kurkuma sok 100% 500 ml - Hempmont","og_description":"Proponowany spos\u00f3b podania: 2x dziennie po 50 ml soku (rano i wieczorem).  Sk\u0142ad: sok NFC z k\u0142\u0105czy kurkumy (80%), sok NFC z owoc\u00f3w cytryny zwyczajnej (20%)  Produkt do bezpo\u015bredniego spo\u017cycia lub rozcie\u0144czenia.  Obj\u0119to\u015b\u0107 netto: 500 ml, butelka szklana z br\u0105zowego szk\u0142a (zabezpiecza sok przed utrat\u0105 w\u0142a\u015bciwo\u015bci od\u017cywczych i witami","og_url":"https:\/\/hempmont.pl\/de\/produkt\/kurkumasaft-100-500-ml\/","og_site_name":"Hempmont","article_modified_time":"2025-08-06T11:11:00+00:00","og_image":[{"width":256,"height":500,"url":"https:\/\/hempmont.pl\/wp-content\/uploads\/2022\/01\/sok-z-kurkumy-100.jpg","type":"image\/jpeg"}],"twitter_card":"summary_large_image","twitter_misc":{"Gesch\u00e4tzte Lesezeit":"1\u00a0Minute"},"schema":{"@context":"https:\/\/schema.org","@graph":[{"@type":"WebPage","@id":"https:\/\/hempmont.pl\/produkt\/kurkuma-sok-100-500-ml\/","url":"https:\/\/hempmont.pl\/produkt\/kurkuma-sok-100-500-ml\/","name":"Kurkuma sok 100% 500 ml - Hempmont","isPartOf":{"@id":"https:\/\/hempmont.pl\/#website"},"primaryImageOfPage":{"@id":"https:\/\/hempmont.pl\/produkt\/kurkuma-sok-100-500-ml\/#primaryimage"},"image":{"@id":"https:\/\/hempmont.pl\/produkt\/kurkuma-sok-100-500-ml\/#primaryimage"},"thumbnailUrl":"https:\/\/hempmont.pl\/wp-content\/uploads\/2022\/01\/sok-z-kurkumy-100.jpg","datePublished":"2022-01-04T10:38:17+00:00","dateModified":"2025-08-06T11:11:00+00:00","breadcrumb":{"@id":"https:\/\/hempmont.pl\/produkt\/kurkuma-sok-100-500-ml\/#breadcrumb"},"inLanguage":"de","potentialAction":[{"@type":"ReadAction","target":["https:\/\/hempmont.pl\/produkt\/kurkuma-sok-100-500-ml\/"]}]},{"@type":"ImageObject","inLanguage":"de","@id":"https:\/\/hempmont.pl\/produkt\/kurkuma-sok-100-500-ml\/#primaryimage","url":"https:\/\/hempmont.pl\/wp-content\/uploads\/2022\/01\/sok-z-kurkumy-100.jpg","contentUrl":"https:\/\/hempmont.pl\/wp-content\/uploads\/2022\/01\/sok-z-kurkumy-100.jpg","width":256,"height":500},{"@type":"BreadcrumbList","@id":"https:\/\/hempmont.pl\/produkt\/kurkuma-sok-100-500-ml\/#breadcrumb","itemListElement":[{"@type":"ListItem","position":1,"name":"Strona g\u0142\u00f3wna","item":"https:\/\/hempmont.pl\/"},{"@type":"ListItem","position":2,"name":"Sklep CBD","item":"https:\/\/hempmont.pl\/sklep-cbd\/"},{"@type":"ListItem","position":3,"name":"Kurkuma sok 100% 500 ml"}]},{"@type":"WebSite","@id":"https:\/\/hempmont.pl\/#website","url":"https:\/\/hempmont.pl\/","name":"Hempmont","description":"","potentialAction":[{"@type":"SearchAction","target":{"@type":"EntryPoint","urlTemplate":"https:\/\/hempmont.pl\/?s={search_term_string}"},"query-input":{"@type":"PropertyValueSpecification","valueRequired":true,"valueName":"search_term_string"}}],"inLanguage":"de"}]}},"_links":{"self":[{"href":"https:\/\/hempmont.pl\/de\/wp-json\/wp\/v2\/product\/26040","targetHints":{"allow":["GET"]}}],"collection":[{"href":"https:\/\/hempmont.pl\/de\/wp-json\/wp\/v2\/product"}],"about":[{"href":"https:\/\/hempmont.pl\/de\/wp-json\/wp\/v2\/types\/product"}],"replies":[{"embeddable":true,"href":"https:\/\/hempmont.pl\/de\/wp-json\/wp\/v2\/comments?post=26040"}],"wp:featuredmedia":[{"embeddable":true,"href":"https:\/\/hempmont.pl\/de\/wp-json\/wp\/v2\/media\/26041"}],"wp:attachment":[{"href":"https:\/\/hempmont.pl\/de\/wp-json\/wp\/v2\/media?parent=26040"}],"wp:term":[{"taxonomy":"product_brand","embeddable":true,"href":"https:\/\/hempmont.pl\/de\/wp-json\/wp\/v2\/product_brand?post=26040"},{"taxonomy":"product_cat","embeddable":true,"href":"https:\/\/hempmont.pl\/de\/wp-json\/wp\/v2\/product_cat?post=26040"},{"taxonomy":"product_tag","embeddable":true,"href":"https:\/\/hempmont.pl\/de\/wp-json\/wp\/v2\/product_tag?post=26040"}],"curies":[{"name":"wp","href":"https:\/\/api.w.org\/{rel}","templated":true}]}}