{"id":25076,"date":"2021-11-18T19:33:25","date_gmt":"2021-11-18T18:33:25","guid":{"rendered":"https:\/\/hempmont.pl\/?post_type=product&#038;p=25076"},"modified":"2025-09-05T11:20:11","modified_gmt":"2025-09-05T09:20:11","slug":"olejek-konopny-cbd-10-1200-mg-hempmont-isopure-12-ml","status":"publish","type":"product","link":"https:\/\/hempmont.pl\/de\/produkt\/cbd-ol-10-1200-mg-hempmont-isopure-12-ml\/","title":{"rendered":"CBD Hanf\u00f6l 10% 1200 mg, Hempmont IsoPure\u00ae - 12 ml"},"content":{"rendered":"<div class=\"et_pb_tab_content\">\n<h3>CBD-\u00d6l 10%, Hempmont IsoPure<\/h3>\n<p>CBD-\u00d6l 10% von Hempmont, mit mindestens 1200 mg Cannabidiol (CBD)<\/p>\n<h3>Wichtigste Produktmerkmale:<\/h3>\n<ul>\n<li>hilft, den Schlaf zu regulieren<\/li>\n<li>enth\u00e4lt das gesamte Spektrum der Hanfverbindungen<\/li>\n<li>ist nicht psychoaktiv<\/li>\n<li>ist v\u00f6llig legal<\/li>\n<li>gepr\u00fcft von <strong>akkreditiert<\/strong> Laboratorien<\/li>\n<li>Lieferung am n\u00e4chsten Tag<\/li>\n<li>eine Flasche reicht f\u00fcr 60 Tage<\/li>\n<\/ul>\n<p>Die nat\u00fcrlichen Hanfextrakte von Hempmont sind eine F\u00fclle von mindestens f\u00fcnfhundert im Hanf vorkommenden Stoffen mit einer breiten Palette von therapeutischen Anwendungen.<\/p>\n<h3>Eigenschaften von CBD<\/h3>\n<p>Cannabidiol ist einer der wichtigsten Wirkstoffe, die in medizinischem Marihuana und Hanf enthalten sind. Es hat ein sehr breites Wirkungsspektrum. Von den mehr als 500 Wirkstoffen, die in Hanf vorkommen, hat CBD die meisten gesundheitsf\u00f6rdernden Eigenschaften. <a href=\"https:\/\/hempmont.pl\/de\/kategoria-produktu\/olejki-cbd\/\">CBD-\u00d6le<\/a> Hanf ist nicht berauschend, da CBD keine psychoaktive Substanz ist.<br \/>\nDas Produkt kann als vielseitiges therapeutisches Mittel eingesetzt werden, ohne dass die Wahrnehmung oder das ver\u00e4nderte Bewusstsein beeintr\u00e4chtigt werden. Cannabidiol (CBD) hat, anders als THC, keine Nebenwirkungen und macht nicht s\u00fcchtig. Es ist wissenschaftlich erwiesen, dass dieses Cannabinoid eine breite Palette positiver Eigenschaften hat, die sowohl im Heilungsprozess als auch beim Sport oder bei der Arbeit hilfreich sind.<\/p>\n<p>Abgesehen von Cannabidiol (CBD) enthalten IsoPure-\u00d6le keine R\u00fcckst\u00e4nde anderer Cannabinoide, z. B. : <strong>CBDA, CBDV, CBN, CBC, THC, THCA, CBG, CBGA.<\/strong><\/p>\n<p>Das CBD-\u00d6l von Hempmont wird aus Hanfsamen hergestellt, die ohne Pestizide, Herbizide oder GVO angebaut werden. Jedes unserer Produkte ist laborgepr\u00fcft und frei von Schadstoffen wie Schwermetallen und mikrobiologischen Verunreinigungen wie Bakterien und Pilzen.<\/p>\n<p>Das Produkt enth\u00e4lt kein synthetisches CBD.<\/p>\n<p>Zutaten: nat\u00fcrlich isoliertes CBD, Bio-Hanfsamen\u00f6l<\/p>\n<h3>Spezifikation:<\/h3>\n<p><strong>Fassungsverm\u00f6gen der Flasche:<\/strong>\u00a012 ml, ca. 240 Tropfen<br \/>\n<strong>Inhalt:<\/strong>\u00a01200 mg CBD<br \/>\n<strong>Verfallsdatum:<\/strong> mindestens 12 Monate<\/p>\n<p>1 Tropfen enth\u00e4lt 5 mg CBD, 1 ml enth\u00e4lt ca. 100 mg CBD<\/p>\n<\/div>\n<h3>Gebrauchsanweisung<\/h3>\n<p>Die \u00d6le von Hempmont werden mit praktischen Tropfern f\u00fcr eine einfache Dosierung geliefert. Um das CBD-\u00d6l zu verwenden, m\u00fcssen Sie:<\/p>\n<ol>\n<li>Sch\u00fctteln Sie die Flasche vor Gebrauch;<\/li>\n<li>Dr\u00fccken Sie das Gummielement an der Mutter zusammen, damit das \u00d6l in den Schlauch gelangt;<\/li>\n<li>schrauben Sie die Pipettenkappe ab;<\/li>\n<li>Nehmen Sie die Pipette vorsichtig aus der Flasche;<\/li>\n<li>Tragen Sie das \u00d6l durch leichtes Zusammendr\u00fccken der Gummikappe auf, wie in der Dosierungsanleitung angegeben.<\/li>\n<\/ol>\n<h3>Verwendung von<\/h3>\n<p>1 Dosis (4 Tropfen) enth\u00e4lt 20 mg CBD (Cannabidiol).<\/p>\n<p>Das Pr\u00e4parat ist nicht f\u00fcr Kinder unter 3 Jahren, schwangere Frauen und stillende M\u00fctter bestimmt. Nicht anwenden bei \u00dcberempfindlichkeit gegen einen der Bestandteile des Pr\u00e4parats. Vor Gebrauch sch\u00fctteln.<\/p>","protected":false},"excerpt":{"rendered":"<div class=\"woocommerce-product-details__short-description\">\n<p>Hempmont IsoPure CBD Hanf\u00f6l ist ein Hanfprodukt, das aus nat\u00fcrlich isoliertem CBD hergestellt wird - v\u00f6llig frei von \u03949-THC und anderen Spuren von Cannabinoiden und Hanfverbindungen. Das Isolat wird mit Hilfe der CO2-Technologie ohne den Einsatz von L\u00f6sungsmitteln extrahiert. Dank der angewandten Verfahren k\u00f6nnen wir ein Produkt von h\u00f6chster Qualit\u00e4t erhalten - vollkommen nat\u00fcrlich, sicher und frei von Verunreinigungen.<\/p>\n<p>Das Produkt enth\u00e4lt ein enges Spektrum an Cannabinoiden.<\/p>\n<p>Die CBD-Konzentration in der Flasche betr\u00e4gt 10%, eine 12 ml Flasche enth\u00e4lt mindestens 1200 mg CBD.<\/p>\n<p>Originales und zertifiziertes Produkt.<\/p>\n<p><strong>F\u00fcr wen? <\/strong>F\u00fcr Anf\u00e4nger<strong><br \/>\n<\/strong><strong>CBD-Anteil pro Portion: <\/strong>20mg \/ 4 Tropfen<strong><br \/>\nAnzahl der Portionen pro Packung: <\/strong>60<strong><br \/>\nCBD-Gehalt: <\/strong>1200 mg<strong><br \/>\nForm: <\/strong>Ein Schmalspur\u00f6l \/ hergestellt aus nat\u00fcrlich isoliertem CBD.<strong><br \/>\n<\/strong><\/p>\n<\/div>","protected":false},"featured_media":25479,"comment_status":"open","ping_status":"closed","template":"","meta":[],"product_brand":[],"product_cat":[359,541],"product_tag":[],"class_list":{"0":"post-25076","1":"product","2":"type-product","3":"status-publish","4":"has-post-thumbnail","6":"product_cat-olejki-cbd","7":"product_cat-seria-isopure","10":"first","11":"outofstock","12":"sale","13":"taxable","14":"shipping-taxable","15":"purchasable","16":"product-type-simple"},"yoast_head":"<!-- This site is optimized with the Yoast SEO plugin v24.3 - https:\/\/yoast.com\/wordpress\/plugins\/seo\/ -->\n<title>Olejek CBD 10% IsoPure - olej konopny 1200mg CBD - Hempmont.pl<\/title>\n<meta name=\"description\" content=\"Olejek Konopny CBD o st\u0119\u017ceniu 10% i zawarto\u015bci 1200mg CBD. Produkt przebadany i certyfikowany, zawieraj\u0105cy w\u0105skie spektrum kannabinoid\u00f3w.\" \/>\n<meta name=\"robots\" content=\"index, follow, max-snippet:-1, max-image-preview:large, max-video-preview:-1\" \/>\n<link rel=\"canonical\" href=\"https:\/\/hempmont.pl\/de\/produkt\/cbd-ol-10-1200-mg-hempmont-isopure-12-ml\/\" \/>\n<meta property=\"og:locale\" content=\"de_DE\" \/>\n<meta property=\"og:type\" content=\"article\" \/>\n<meta property=\"og:title\" content=\"Olejek CBD 10% IsoPure - olej konopny 1200mg CBD - Hempmont.pl\" \/>\n<meta property=\"og:description\" content=\"Olejek Konopny CBD o st\u0119\u017ceniu 10% i zawarto\u015bci 1200mg CBD. Produkt przebadany i certyfikowany, zawieraj\u0105cy w\u0105skie spektrum kannabinoid\u00f3w.\" \/>\n<meta property=\"og:url\" content=\"https:\/\/hempmont.pl\/de\/produkt\/cbd-ol-10-1200-mg-hempmont-isopure-12-ml\/\" \/>\n<meta property=\"og:site_name\" content=\"Hempmont\" \/>\n<meta property=\"article:modified_time\" content=\"2025-09-05T09:20:11+00:00\" \/>\n<meta property=\"og:image\" content=\"https:\/\/hempmont.pl\/wp-content\/uploads\/2021\/11\/wiz_isopure10-min.webp\" \/>\n\t<meta property=\"og:image:width\" content=\"1984\" \/>\n\t<meta property=\"og:image:height\" content=\"1984\" \/>\n\t<meta property=\"og:image:type\" content=\"image\/webp\" \/>\n<meta name=\"twitter:card\" content=\"summary_large_image\" \/>\n<meta name=\"twitter:label1\" content=\"Gesch\u00e4tzte Lesezeit\" \/>\n\t<meta name=\"twitter:data1\" content=\"2\u00a0Minuten\" \/>\n<script type=\"application\/ld+json\" class=\"yoast-schema-graph\">{\"@context\":\"https:\/\/schema.org\",\"@graph\":[{\"@type\":\"WebPage\",\"@id\":\"https:\/\/hempmont.pl\/produkt\/olejek-konopny-cbd-10-1200-mg-hempmont-isopure-12-ml\/\",\"url\":\"https:\/\/hempmont.pl\/produkt\/olejek-konopny-cbd-10-1200-mg-hempmont-isopure-12-ml\/\",\"name\":\"Olejek CBD 10% IsoPure - olej konopny 1200mg CBD - Hempmont.pl\",\"isPartOf\":{\"@id\":\"https:\/\/hempmont.pl\/#website\"},\"primaryImageOfPage\":{\"@id\":\"https:\/\/hempmont.pl\/produkt\/olejek-konopny-cbd-10-1200-mg-hempmont-isopure-12-ml\/#primaryimage\"},\"image\":{\"@id\":\"https:\/\/hempmont.pl\/produkt\/olejek-konopny-cbd-10-1200-mg-hempmont-isopure-12-ml\/#primaryimage\"},\"thumbnailUrl\":\"https:\/\/hempmont.pl\/wp-content\/uploads\/2021\/11\/wiz_isopure10-min.webp\",\"datePublished\":\"2021-11-18T18:33:25+00:00\",\"dateModified\":\"2025-09-05T09:20:11+00:00\",\"description\":\"Olejek Konopny CBD o st\u0119\u017ceniu 10% i zawarto\u015bci 1200mg CBD. Produkt przebadany i certyfikowany, zawieraj\u0105cy w\u0105skie spektrum kannabinoid\u00f3w.\",\"breadcrumb\":{\"@id\":\"https:\/\/hempmont.pl\/produkt\/olejek-konopny-cbd-10-1200-mg-hempmont-isopure-12-ml\/#breadcrumb\"},\"inLanguage\":\"de\",\"potentialAction\":[{\"@type\":\"ReadAction\",\"target\":[\"https:\/\/hempmont.pl\/produkt\/olejek-konopny-cbd-10-1200-mg-hempmont-isopure-12-ml\/\"]}]},{\"@type\":\"ImageObject\",\"inLanguage\":\"de\",\"@id\":\"https:\/\/hempmont.pl\/produkt\/olejek-konopny-cbd-10-1200-mg-hempmont-isopure-12-ml\/#primaryimage\",\"url\":\"https:\/\/hempmont.pl\/wp-content\/uploads\/2021\/11\/wiz_isopure10-min.webp\",\"contentUrl\":\"https:\/\/hempmont.pl\/wp-content\/uploads\/2021\/11\/wiz_isopure10-min.webp\",\"width\":1984,\"height\":1984,\"caption\":\"Hempmont Olejek CBD IsoPure 10%\"},{\"@type\":\"BreadcrumbList\",\"@id\":\"https:\/\/hempmont.pl\/produkt\/olejek-konopny-cbd-10-1200-mg-hempmont-isopure-12-ml\/#breadcrumb\",\"itemListElement\":[{\"@type\":\"ListItem\",\"position\":1,\"name\":\"Strona g\u0142\u00f3wna\",\"item\":\"https:\/\/hempmont.pl\/\"},{\"@type\":\"ListItem\",\"position\":2,\"name\":\"Sklep CBD\",\"item\":\"https:\/\/hempmont.pl\/sklep-cbd\/\"},{\"@type\":\"ListItem\",\"position\":3,\"name\":\"Olej konopny CBD 10% 1200 mg, Hempmont IsoPure\u00ae &#8211; 12 ml\"}]},{\"@type\":\"WebSite\",\"@id\":\"https:\/\/hempmont.pl\/#website\",\"url\":\"https:\/\/hempmont.pl\/\",\"name\":\"Hempmont\",\"description\":\"\",\"potentialAction\":[{\"@type\":\"SearchAction\",\"target\":{\"@type\":\"EntryPoint\",\"urlTemplate\":\"https:\/\/hempmont.pl\/?s={search_term_string}\"},\"query-input\":{\"@type\":\"PropertyValueSpecification\",\"valueRequired\":true,\"valueName\":\"search_term_string\"}}],\"inLanguage\":\"de\"}]}<\/script>\n<!-- \/ Yoast SEO plugin. -->","yoast_head_json":{"title":"Olejek CBD 10% IsoPure - olej konopny 1200mg CBD - Hempmont.pl","description":"Olejek Konopny CBD o st\u0119\u017ceniu 10% i zawarto\u015bci 1200mg CBD. Produkt przebadany i certyfikowany, zawieraj\u0105cy w\u0105skie spektrum kannabinoid\u00f3w.","robots":{"index":"index","follow":"follow","max-snippet":"max-snippet:-1","max-image-preview":"max-image-preview:large","max-video-preview":"max-video-preview:-1"},"canonical":"https:\/\/hempmont.pl\/de\/produkt\/cbd-ol-10-1200-mg-hempmont-isopure-12-ml\/","og_locale":"de_DE","og_type":"article","og_title":"Olejek CBD 10% IsoPure - olej konopny 1200mg CBD - Hempmont.pl","og_description":"Olejek Konopny CBD o st\u0119\u017ceniu 10% i zawarto\u015bci 1200mg CBD. Produkt przebadany i certyfikowany, zawieraj\u0105cy w\u0105skie spektrum kannabinoid\u00f3w.","og_url":"https:\/\/hempmont.pl\/de\/produkt\/cbd-ol-10-1200-mg-hempmont-isopure-12-ml\/","og_site_name":"Hempmont","article_modified_time":"2025-09-05T09:20:11+00:00","og_image":[{"width":1984,"height":1984,"url":"https:\/\/hempmont.pl\/wp-content\/uploads\/2021\/11\/wiz_isopure10-min.webp","type":"image\/webp"}],"twitter_card":"summary_large_image","twitter_misc":{"Gesch\u00e4tzte Lesezeit":"2\u00a0Minuten"},"schema":{"@context":"https:\/\/schema.org","@graph":[{"@type":"WebPage","@id":"https:\/\/hempmont.pl\/produkt\/olejek-konopny-cbd-10-1200-mg-hempmont-isopure-12-ml\/","url":"https:\/\/hempmont.pl\/produkt\/olejek-konopny-cbd-10-1200-mg-hempmont-isopure-12-ml\/","name":"Olejek CBD 10% IsoPure - olej konopny 1200mg CBD - Hempmont.pl","isPartOf":{"@id":"https:\/\/hempmont.pl\/#website"},"primaryImageOfPage":{"@id":"https:\/\/hempmont.pl\/produkt\/olejek-konopny-cbd-10-1200-mg-hempmont-isopure-12-ml\/#primaryimage"},"image":{"@id":"https:\/\/hempmont.pl\/produkt\/olejek-konopny-cbd-10-1200-mg-hempmont-isopure-12-ml\/#primaryimage"},"thumbnailUrl":"https:\/\/hempmont.pl\/wp-content\/uploads\/2021\/11\/wiz_isopure10-min.webp","datePublished":"2021-11-18T18:33:25+00:00","dateModified":"2025-09-05T09:20:11+00:00","description":"Olejek Konopny CBD o st\u0119\u017ceniu 10% i zawarto\u015bci 1200mg CBD. Produkt przebadany i certyfikowany, zawieraj\u0105cy w\u0105skie spektrum kannabinoid\u00f3w.","breadcrumb":{"@id":"https:\/\/hempmont.pl\/produkt\/olejek-konopny-cbd-10-1200-mg-hempmont-isopure-12-ml\/#breadcrumb"},"inLanguage":"de","potentialAction":[{"@type":"ReadAction","target":["https:\/\/hempmont.pl\/produkt\/olejek-konopny-cbd-10-1200-mg-hempmont-isopure-12-ml\/"]}]},{"@type":"ImageObject","inLanguage":"de","@id":"https:\/\/hempmont.pl\/produkt\/olejek-konopny-cbd-10-1200-mg-hempmont-isopure-12-ml\/#primaryimage","url":"https:\/\/hempmont.pl\/wp-content\/uploads\/2021\/11\/wiz_isopure10-min.webp","contentUrl":"https:\/\/hempmont.pl\/wp-content\/uploads\/2021\/11\/wiz_isopure10-min.webp","width":1984,"height":1984,"caption":"Hempmont Olejek CBD IsoPure 10%"},{"@type":"BreadcrumbList","@id":"https:\/\/hempmont.pl\/produkt\/olejek-konopny-cbd-10-1200-mg-hempmont-isopure-12-ml\/#breadcrumb","itemListElement":[{"@type":"ListItem","position":1,"name":"Strona g\u0142\u00f3wna","item":"https:\/\/hempmont.pl\/"},{"@type":"ListItem","position":2,"name":"Sklep CBD","item":"https:\/\/hempmont.pl\/sklep-cbd\/"},{"@type":"ListItem","position":3,"name":"Olej konopny CBD 10% 1200 mg, Hempmont IsoPure\u00ae &#8211; 12 ml"}]},{"@type":"WebSite","@id":"https:\/\/hempmont.pl\/#website","url":"https:\/\/hempmont.pl\/","name":"Hempmont","description":"","potentialAction":[{"@type":"SearchAction","target":{"@type":"EntryPoint","urlTemplate":"https:\/\/hempmont.pl\/?s={search_term_string}"},"query-input":{"@type":"PropertyValueSpecification","valueRequired":true,"valueName":"search_term_string"}}],"inLanguage":"de"}]}},"_links":{"self":[{"href":"https:\/\/hempmont.pl\/de\/wp-json\/wp\/v2\/product\/25076","targetHints":{"allow":["GET"]}}],"collection":[{"href":"https:\/\/hempmont.pl\/de\/wp-json\/wp\/v2\/product"}],"about":[{"href":"https:\/\/hempmont.pl\/de\/wp-json\/wp\/v2\/types\/product"}],"replies":[{"embeddable":true,"href":"https:\/\/hempmont.pl\/de\/wp-json\/wp\/v2\/comments?post=25076"}],"wp:featuredmedia":[{"embeddable":true,"href":"https:\/\/hempmont.pl\/de\/wp-json\/wp\/v2\/media\/25479"}],"wp:attachment":[{"href":"https:\/\/hempmont.pl\/de\/wp-json\/wp\/v2\/media?parent=25076"}],"wp:term":[{"taxonomy":"product_brand","embeddable":true,"href":"https:\/\/hempmont.pl\/de\/wp-json\/wp\/v2\/product_brand?post=25076"},{"taxonomy":"product_cat","embeddable":true,"href":"https:\/\/hempmont.pl\/de\/wp-json\/wp\/v2\/product_cat?post=25076"},{"taxonomy":"product_tag","embeddable":true,"href":"https:\/\/hempmont.pl\/de\/wp-json\/wp\/v2\/product_tag?post=25076"}],"curies":[{"name":"wp","href":"https:\/\/api.w.org\/{rel}","templated":true}]}}