{"id":20738,"date":"2021-03-27T13:35:20","date_gmt":"2021-03-27T12:35:20","guid":{"rendered":"https:\/\/hempmont.pl\/?page_id=20738"},"modified":"2022-01-21T15:45:05","modified_gmt":"2022-01-21T14:45:05","slug":"promocja","status":"publish","type":"page","link":"https:\/\/hempmont.pl\/de\/forderung\/","title":{"rendered":"F\u00f6rderung"},"content":{"rendered":"<div data-elementor-type=\"wp-page\" data-elementor-id=\"20738\" class=\"elementor elementor-20738\">\n\t\t\t\t\t\t<section class=\"elementor-section elementor-top-section elementor-element elementor-element-93c8383 elementor-section-boxed elementor-section-height-default elementor-section-height-default\" data-id=\"93c8383\" data-element_type=\"section\">\n\t\t\t\t\t\t<div class=\"elementor-container elementor-column-gap-default\">\n\t\t\t\t\t<div class=\"elementor-column elementor-col-100 elementor-top-column elementor-element elementor-element-5055c14\" data-id=\"5055c14\" data-element_type=\"column\">\n\t\t\t<div class=\"elementor-widget-wrap elementor-element-populated\">\n\t\t\t\t\t\t<div class=\"elementor-element elementor-element-61c9e2c lte-heading-style-header-subheader elementor-widget elementor-widget-lte-header\" data-id=\"61c9e2c\" data-element_type=\"widget\" data-widget_type=\"lte-header.default\">\n\t\t\t\t<div class=\"elementor-widget-container\">\n\t\t\t\t\t<div class=\"lte-heading lte-style-header-subheader lte-subcolor-main has-subheader heading-tag-h3 heading-subtag-h6\"><div class=\"lte-heading-content\"><h6 class=\"lte-subheader\">Beginn der F\u00f6rderung<\/h6><h3 class=\"lte-header\">Die Aktion beginnt in:<\/h3><\/div><\/div>\t\t\t\t<\/div>\n\t\t\t\t<\/div>\n\t\t\t\t\t<\/div>\n\t\t<\/div>\n\t\t\t\t\t<\/div>\n\t\t<\/section>\n\t\t\t\t<section class=\"elementor-section elementor-top-section elementor-element elementor-element-c5f3a23 elementor-section-boxed elementor-section-height-default elementor-section-height-default\" data-id=\"c5f3a23\" data-element_type=\"section\">\n\t\t\t\t\t\t<div class=\"elementor-container elementor-column-gap-default\">\n\t\t\t\t\t<div class=\"elementor-column elementor-col-100 elementor-top-column elementor-element elementor-element-292506f\" data-id=\"292506f\" data-element_type=\"column\">\n\t\t\t<div class=\"elementor-widget-wrap elementor-element-populated\">\n\t\t\t\t\t\t<div class=\"elementor-element elementor-element-2d43f08 elementor-countdown--label-block elementor-widget elementor-widget-countdown\" data-id=\"2d43f08\" data-element_type=\"widget\" data-widget_type=\"countdown.default\">\n\t\t\t\t<div class=\"elementor-widget-container\">\n\t\t\t\t\t\t\t<div data-expire-actions=\"[{&quot;type&quot;:&quot;message&quot;}]\" class=\"elementor-countdown-wrapper\" data-date=\"1642798800\">\n\t\t\t<div class=\"elementor-countdown-item\"><span class=\"elementor-countdown-digits elementor-countdown-days\"><\/span> <span class=\"elementor-countdown-label\">Tage<\/span><\/div><div class=\"elementor-countdown-item\"><span class=\"elementor-countdown-digits elementor-countdown-hours\"><\/span> <span class=\"elementor-countdown-label\">Stunden<\/span><\/div><div class=\"elementor-countdown-item\"><span class=\"elementor-countdown-digits elementor-countdown-minutes\"><\/span> <span class=\"elementor-countdown-label\">Protokoll<\/span><\/div><div class=\"elementor-countdown-item\"><span class=\"elementor-countdown-digits elementor-countdown-seconds\"><\/span> <span class=\"elementor-countdown-label\">Sekunden<\/span><\/div>\t\t<\/div>\n\t\t\t\t\t\t<div class=\"elementor-countdown-expire--message\">\n\t\t\t\t\tDie Aktion hat gerade begonnen und l\u00e4uft bis Mitternacht! Bitte besuchen Sie\t\t\t\t<\/div>\n\t\t\t\t\t\t\t\t<\/div>\n\t\t\t\t<\/div>\n\t\t\t\t\t<\/div>\n\t\t<\/div>\n\t\t\t\t\t<\/div>\n\t\t<\/section>\n\t\t\t\t<section class=\"elementor-section elementor-top-section elementor-element elementor-element-57e08e0 elementor-section-boxed elementor-section-height-default elementor-section-height-default\" data-id=\"57e08e0\" data-element_type=\"section\">\n\t\t\t\t\t\t<div class=\"elementor-container elementor-column-gap-default\">\n\t\t\t\t\t<div class=\"elementor-column elementor-col-100 elementor-top-column elementor-element elementor-element-19808c4\" data-id=\"19808c4\" data-element_type=\"column\">\n\t\t\t<div class=\"elementor-widget-wrap elementor-element-populated\">\n\t\t\t\t\t\t<div class=\"elementor-element elementor-element-cd77295 elementor-widget elementor-widget-spacer\" data-id=\"cd77295\" data-element_type=\"widget\" data-widget_type=\"spacer.default\">\n\t\t\t\t<div class=\"elementor-widget-container\">\n\t\t\t\t\t\t\t<div class=\"elementor-spacer\">\n\t\t\t<div class=\"elementor-spacer-inner\"><\/div>\n\t\t<\/div>\n\t\t\t\t\t\t<\/div>\n\t\t\t\t<\/div>\n\t\t\t\t<div class=\"elementor-element elementor-element-4a2b255 elementor-widget elementor-widget-image\" data-id=\"4a2b255\" data-element_type=\"widget\" data-widget_type=\"image.default\">\n\t\t\t\t<div class=\"elementor-widget-container\">\n\t\t\t\t\t\t\t\t\t\t\t\t\t\t\t<img decoding=\"async\" src=\"https:\/\/hempmont.pl\/wp-content\/uploads\/2021\/03\/render_classic.png\" title=\"\" alt=\"\" loading=\"lazy\" \/>\t\t\t\t\t\t\t\t\t\t\t\t\t\t\t<\/div>\n\t\t\t\t<\/div>\n\t\t\t\t\t<\/div>\n\t\t<\/div>\n\t\t\t\t\t<\/div>\n\t\t<\/section>\n\t\t\t\t<section class=\"elementor-section elementor-top-section elementor-element elementor-element-0933dd8 elementor-section-boxed elementor-section-height-default elementor-section-height-default\" data-id=\"0933dd8\" data-element_type=\"section\">\n\t\t\t\t\t\t<div class=\"elementor-container elementor-column-gap-default\">\n\t\t\t\t\t<div class=\"elementor-column elementor-col-100 elementor-top-column elementor-element elementor-element-2e0efa2\" data-id=\"2e0efa2\" data-element_type=\"column\">\n\t\t\t<div class=\"elementor-widget-wrap elementor-element-populated\">\n\t\t\t\t\t\t<div class=\"elementor-element elementor-element-189568f elementor-widget elementor-widget-text-editor\" data-id=\"189568f\" data-element_type=\"widget\" data-widget_type=\"text-editor.default\">\n\t\t\t\t<div class=\"elementor-widget-container\">\n\t\t\t\t\t\t\t\t\t<h2 style=\"text-align: center;\">Hempmont CBD \u00d6le in einer exklusiven Aktion -40%!\u00a0<\/h2><p>Bereits am 21. Januar<strong style=\"font-family: var(--font-main), sans-serif; letter-spacing: var(--font-main-letterspacing); color: var(--black);\">\u00a0um 21:00 Uhr<\/strong><span style=\"font-family: var(--font-main), sans-serif; letter-spacing: var(--font-main-letterspacing); background-color: var(--white); color: var(--black);\">werden Sie in der Lage sein <\/span><span style=\"font-family: var(--font-main), sans-serif; letter-spacing: var(--font-main-letterspacing); background-color: var(--white); color: var(--black);\">Kaufen Sie unser <\/span><strong style=\"font-family: var(--font-main), sans-serif; letter-spacing: var(--font-main-letterspacing); color: var(--black);\">CBD-\u00d6le zu einem fast halbierten Preis!<\/strong><span style=\"font-family: var(--font-main), sans-serif; letter-spacing: var(--font-main-letterspacing); background-color: var(--white); color: var(--black);\"> Dies ist die ideale Gelegenheit, unsere einzigartigen Produkte zu probieren oder sie an einen lieben Menschen zu verschenken.<\/span><\/p><p><strong><em>Regeln f\u00fcr die Bef\u00f6rderung<\/em><\/strong><\/p><p>(1) Das Angebot gilt nur bis\u00a0<strong>Ende des Tages<\/strong>, beginnend mit <strong>21:00 bis 00:00 Uhr.<\/strong>\u00a0 \u00a0Wenn das gesamte Sortiment fr\u00fcher ausverkauft ist, endet die Aktion auch fr\u00fcher.<\/p><p>2. ein Benutzer kann kaufen <strong>jede Menge. Das Limit gilt nicht f\u00fcr diese Aktion.<\/strong><\/p><p><span style=\"font-family: var(--font-main), sans-serif; letter-spacing: var(--font-main-letterspacing); color: var(--black); background-color: var(--white);\">(3) Die Aktion gilt nur f\u00fcr die auf dem Portal aufgef\u00fchrten Angebote. <\/span><strong style=\"font-family: var(--font-main), sans-serif; letter-spacing: var(--font-main-letterspacing); color: var(--black);\">Allegro.pl unter folgendem Link<\/strong><strong><br \/><\/strong><\/p><p>4. von 21:00 bis 00:00 Uhr werden die Preise der Hempmont-\u00d6le auf dem Konto des folgenden allegro.de-Verk\u00e4ufers erm\u00e4\u00dfigt.<\/p><p>5. Wir w\u00e4ren dankbar f\u00fcr <strong>Bewertung des Produkts und des Verk\u00e4ufers<\/strong> nach Erhalt der Sendung \ud83d\ude42<\/p>\t\t\t\t\t\t\t\t<\/div>\n\t\t\t\t<\/div>\n\t\t\t\t\t<\/div>\n\t\t<\/div>\n\t\t\t\t\t<\/div>\n\t\t<\/section>\n\t\t\t\t<section class=\"elementor-section elementor-top-section elementor-element elementor-element-9935f2c elementor-section-boxed elementor-section-height-default elementor-section-height-default\" data-id=\"9935f2c\" data-element_type=\"section\">\n\t\t\t\t\t\t<div class=\"elementor-container elementor-column-gap-default\">\n\t\t\t\t\t<div class=\"elementor-column elementor-col-100 elementor-top-column elementor-element elementor-element-3dc4e83\" data-id=\"3dc4e83\" data-element_type=\"column\">\n\t\t\t<div class=\"elementor-widget-wrap elementor-element-populated\">\n\t\t\t\t\t\t<div class=\"elementor-element elementor-element-be4ee27 elementor-widget elementor-widget-spacer\" data-id=\"be4ee27\" data-element_type=\"widget\" data-widget_type=\"spacer.default\">\n\t\t\t\t<div class=\"elementor-widget-container\">\n\t\t\t\t\t\t\t<div class=\"elementor-spacer\">\n\t\t\t<div class=\"elementor-spacer-inner\"><\/div>\n\t\t<\/div>\n\t\t\t\t\t\t<\/div>\n\t\t\t\t<\/div>\n\t\t\t\t<div class=\"elementor-element elementor-element-6a94fdd elementor-widget elementor-widget-lte-button\" data-id=\"6a94fdd\" data-element_type=\"widget\" data-widget_type=\"lte-button.default\">\n\t\t\t\t<div class=\"elementor-widget-container\">\n\t\t\t\t\t<div class=\"lte-btn-wrap\">\r\n\t<a href=\"https:\/\/allegro.pl\/uzytkownik\/hempmont-pl\"  class=\"lte-btn btn-lg color-hover-default\"><span class=\"lte-btn-inner\"><span class=\"lte-btn-before\"><\/span>Zu den Sonderangeboten auf Allegro.de<span class=\"lte-btn-after\"><\/span><\/span><\/a><\/div>\t\t\t\t<\/div>\n\t\t\t\t<\/div>\n\t\t\t\t<div class=\"elementor-element elementor-element-f7e7909 elementor-widget elementor-widget-spacer\" data-id=\"f7e7909\" data-element_type=\"widget\" data-widget_type=\"spacer.default\">\n\t\t\t\t<div class=\"elementor-widget-container\">\n\t\t\t\t\t\t\t<div class=\"elementor-spacer\">\n\t\t\t<div class=\"elementor-spacer-inner\"><\/div>\n\t\t<\/div>\n\t\t\t\t\t\t<\/div>\n\t\t\t\t<\/div>\n\t\t\t\t\t<\/div>\n\t\t<\/div>\n\t\t\t\t\t<\/div>\n\t\t<\/section>\n\t\t\t\t<section class=\"elementor-section elementor-top-section elementor-element elementor-element-5f7a906 elementor-section-boxed elementor-section-height-default elementor-section-height-default\" data-id=\"5f7a906\" data-element_type=\"section\">\n\t\t\t\t\t\t<div class=\"elementor-container elementor-column-gap-default\">\n\t\t\t\t\t<div class=\"elementor-column elementor-col-100 elementor-top-column elementor-element elementor-element-7e2ea58\" data-id=\"7e2ea58\" data-element_type=\"column\">\n\t\t\t<div class=\"elementor-widget-wrap elementor-element-populated\">\n\t\t\t\t\t\t<div class=\"elementor-element elementor-element-eb5f32d elementor--h-position-center elementor--v-position-middle elementor-arrows-position-inside elementor-pagination-position-inside elementor-widget elementor-widget-slides\" data-id=\"eb5f32d\" data-element_type=\"widget\" data-settings=\"{&quot;navigation&quot;:&quot;both&quot;,&quot;autoplay&quot;:&quot;yes&quot;,&quot;pause_on_hover&quot;:&quot;yes&quot;,&quot;pause_on_interaction&quot;:&quot;yes&quot;,&quot;autoplay_speed&quot;:5000,&quot;infinite&quot;:&quot;yes&quot;,&quot;transition&quot;:&quot;slide&quot;,&quot;transition_speed&quot;:500}\" data-widget_type=\"slides.default\">\n\t\t\t\t<div class=\"elementor-widget-container\">\n\t\t\t\t\t\t\t<div class=\"elementor-swiper\">\n\t\t\t<div class=\"elementor-slides-wrapper elementor-main-swiper swiper-container\" dir=\"ltr\" data-animation=\"fadeInUp\">\n\t\t\t\t<div class=\"swiper-wrapper elementor-slides\">\n\t\t\t\t\t\t\t\t\t\t<div class=\"elementor-repeater-item-95ea970 swiper-slide\"><div class=\"swiper-slide-bg\"><\/div><div class=\"swiper-slide-inner\" ><div class=\"swiper-slide-contents\"><div class=\"elementor-slide-heading\">Regul\u00e4rer Preis \/ Aktionspreis<\/div><div class=\"elementor-slide-description\">Hempmont Classic CBD 5% - \u00a349 \/ \u00a325 <div>\nHempmont Classic CBD 10% - \u00a399 \/ \u00a345  <div>\n<div>\nHempmont Classic CBD 30% - \u00a3199 \/ \u00a3110  <div>\n\n-- <div>\nHempmont Apeks CBD 5% - \u00a349 \/ \u00a330 <div>\nHempmont Apeks CBD 10% - \u00a399 \/ \u00a350  <div>\n<div>\nHempmont Apeks CBD 30% - \u00a3199 \/ \u00a3120  <div>\nHempmont RAW CBD 20% - \u00a3139 \/ \u00a390\n<div>\n<div>\nHempmont RAW CBD-Paste 70% - \u00a3240 \/ \u00a3319\n<div>\n--\n<div>\nHempmont IsoPure CBD 10% - \u00a335 \/ \u00a359\n<div>\nHempmont IsoPure CBD 30% - \u00a362 \/ \u00a399\n\n<\/div><a href=\"https:\/\/allegro.pl\/listing?string=olejek%20cbd%20hempmont\" class=\"elementor-button elementor-slide-button elementor-size-sm\">Allegro.pl<\/a><\/div><\/div><\/div>\t\t\t\t<\/div>\n\t\t\t\t\t\t\t<\/div>\n\t\t<\/div>\n\t\t\t\t\t\t<\/div>\n\t\t\t\t<\/div>\n\t\t\t\t\t<\/div>\n\t\t<\/div>\n\t\t\t\t\t<\/div>\n\t\t<\/section>\n\t\t\t\t<section class=\"elementor-section elementor-top-section elementor-element elementor-element-76b0bbf elementor-section-boxed elementor-section-height-default elementor-section-height-default\" data-id=\"76b0bbf\" data-element_type=\"section\">\n\t\t\t\t\t\t<div class=\"elementor-container elementor-column-gap-default\">\n\t\t\t\t\t<div class=\"elementor-column elementor-col-100 elementor-top-column elementor-element elementor-element-37146d5\" data-id=\"37146d5\" data-element_type=\"column\">\n\t\t\t<div class=\"elementor-widget-wrap elementor-element-populated\">\n\t\t\t\t\t\t<div class=\"elementor-element elementor-element-fad3c87 elementor-widget elementor-widget-text-editor\" data-id=\"fad3c87\" data-element_type=\"widget\" data-widget_type=\"text-editor.default\">\n\t\t\t\t<div class=\"elementor-widget-container\">\n\t\t\t\t\t\t\t\t\t<p><span style=\"color: #999999;\"><em>*Im Falle eines Mangels an \u00d6len aus der Classic-Serie werden wir Apeks-\u00d6le mit dem gleichen CBD-Gehalt schicken.<\/em><\/span><\/p>\t\t\t\t\t\t\t\t<\/div>\n\t\t\t\t<\/div>\n\t\t\t\t\t<\/div>\n\t\t<\/div>\n\t\t\t\t\t<\/div>\n\t\t<\/section>\n\t\t\t\t<\/div>","protected":false},"excerpt":{"rendered":"<p>Promotion Start Die Promotion beginnt in: Tage Stunden Minuten Sekunden Die Aktion hat gerade begonnen und l\u00e4uft bis Mitternacht! Willkommen Hempmont CBD-\u00d6le in einer exklusiven Aktion -40%!  Ab dem 21. Januar um 21 Uhr k\u00f6nnen Sie unsere CBD-\u00d6le zu einem um fast die H\u00e4lfte reduzierten Preis erwerben! Dies ist die perfekte Gelegenheit, um unsere einzigartigen Produkte zu probieren oder zu verschenken [...]<\/p>","protected":false},"author":1,"featured_media":0,"parent":0,"menu_order":0,"comment_status":"closed","ping_status":"closed","template":"","meta":{"footnotes":""},"class_list":["post-20738","page","type-page","status-publish","hentry"],"yoast_head":"<!-- This site is optimized with the Yoast SEO plugin v24.3 - https:\/\/yoast.com\/wordpress\/plugins\/seo\/ -->\n<title>Promocja - Hempmont<\/title>\n<meta name=\"robots\" content=\"index, follow, max-snippet:-1, max-image-preview:large, max-video-preview:-1\" \/>\n<link rel=\"canonical\" href=\"https:\/\/hempmont.pl\/de\/forderung\/\" \/>\n<meta property=\"og:locale\" content=\"de_DE\" \/>\n<meta property=\"og:type\" content=\"article\" \/>\n<meta property=\"og:title\" content=\"Promocja - Hempmont\" \/>\n<meta property=\"og:description\" content=\"Start promocji Promocja rozpocznie si\u0119 za: Dni Godzin Minut Sekund Promocja w\u0142a\u015bnie si\u0119 zacz\u0119\u0142a i trwa do p\u00f3\u0142nocy! Zapraszamy Olejki CBD Hempmont w wyj\u0105tkowej promocji -40%!\u00a0 Ju\u017c 21 stycznia\u00a0o godzinie 21:00, b\u0119dziesz m\u00f3g\u0142 naby\u0107 nasze olejki CBD w cenie obni\u017conej niemal o po\u0142ow\u0119! Jest to idealna okazja na spr\u00f3bowanie naszych wyj\u0105tkowych produkt\u00f3w lub do obdarowania [&hellip;]\" \/>\n<meta property=\"og:url\" content=\"https:\/\/hempmont.pl\/de\/forderung\/\" \/>\n<meta property=\"og:site_name\" content=\"Hempmont\" \/>\n<meta property=\"article:modified_time\" content=\"2022-01-21T14:45:05+00:00\" \/>\n<meta property=\"og:image\" content=\"https:\/\/hempmont.pl\/wp-content\/uploads\/2021\/03\/render_classic.png\" \/>\n<meta name=\"twitter:card\" content=\"summary_large_image\" \/>\n<meta name=\"twitter:label1\" content=\"Gesch\u00e4tzte Lesezeit\" \/>\n\t<meta name=\"twitter:data1\" content=\"2\u00a0Minuten\" \/>\n<script type=\"application\/ld+json\" class=\"yoast-schema-graph\">{\"@context\":\"https:\/\/schema.org\",\"@graph\":[{\"@type\":\"WebPage\",\"@id\":\"https:\/\/hempmont.pl\/promocja\/\",\"url\":\"https:\/\/hempmont.pl\/promocja\/\",\"name\":\"Promocja - Hempmont\",\"isPartOf\":{\"@id\":\"https:\/\/hempmont.pl\/#website\"},\"primaryImageOfPage\":{\"@id\":\"https:\/\/hempmont.pl\/promocja\/#primaryimage\"},\"image\":{\"@id\":\"https:\/\/hempmont.pl\/promocja\/#primaryimage\"},\"thumbnailUrl\":\"https:\/\/hempmont.pl\/wp-content\/uploads\/2021\/03\/render_classic.png\",\"datePublished\":\"2021-03-27T12:35:20+00:00\",\"dateModified\":\"2022-01-21T14:45:05+00:00\",\"breadcrumb\":{\"@id\":\"https:\/\/hempmont.pl\/promocja\/#breadcrumb\"},\"inLanguage\":\"de\",\"potentialAction\":[{\"@type\":\"ReadAction\",\"target\":[\"https:\/\/hempmont.pl\/promocja\/\"]}]},{\"@type\":\"ImageObject\",\"inLanguage\":\"de\",\"@id\":\"https:\/\/hempmont.pl\/promocja\/#primaryimage\",\"url\":\"https:\/\/hempmont.pl\/wp-content\/uploads\/2021\/03\/render_classic.png\",\"contentUrl\":\"https:\/\/hempmont.pl\/wp-content\/uploads\/2021\/03\/render_classic.png\"},{\"@type\":\"BreadcrumbList\",\"@id\":\"https:\/\/hempmont.pl\/promocja\/#breadcrumb\",\"itemListElement\":[{\"@type\":\"ListItem\",\"position\":1,\"name\":\"Strona g\u0142\u00f3wna\",\"item\":\"https:\/\/hempmont.pl\/\"},{\"@type\":\"ListItem\",\"position\":2,\"name\":\"Promocja\"}]},{\"@type\":\"WebSite\",\"@id\":\"https:\/\/hempmont.pl\/#website\",\"url\":\"https:\/\/hempmont.pl\/\",\"name\":\"Hempmont\",\"description\":\"\",\"potentialAction\":[{\"@type\":\"SearchAction\",\"target\":{\"@type\":\"EntryPoint\",\"urlTemplate\":\"https:\/\/hempmont.pl\/?s={search_term_string}\"},\"query-input\":{\"@type\":\"PropertyValueSpecification\",\"valueRequired\":true,\"valueName\":\"search_term_string\"}}],\"inLanguage\":\"de\"}]}<\/script>\n<!-- \/ Yoast SEO plugin. -->","yoast_head_json":{"title":"Promocja - Hempmont","robots":{"index":"index","follow":"follow","max-snippet":"max-snippet:-1","max-image-preview":"max-image-preview:large","max-video-preview":"max-video-preview:-1"},"canonical":"https:\/\/hempmont.pl\/de\/forderung\/","og_locale":"de_DE","og_type":"article","og_title":"Promocja - Hempmont","og_description":"Start promocji Promocja rozpocznie si\u0119 za: Dni Godzin Minut Sekund Promocja w\u0142a\u015bnie si\u0119 zacz\u0119\u0142a i trwa do p\u00f3\u0142nocy! Zapraszamy Olejki CBD Hempmont w wyj\u0105tkowej promocji -40%!\u00a0 Ju\u017c 21 stycznia\u00a0o godzinie 21:00, b\u0119dziesz m\u00f3g\u0142 naby\u0107 nasze olejki CBD w cenie obni\u017conej niemal o po\u0142ow\u0119! Jest to idealna okazja na spr\u00f3bowanie naszych wyj\u0105tkowych produkt\u00f3w lub do obdarowania [&hellip;]","og_url":"https:\/\/hempmont.pl\/de\/forderung\/","og_site_name":"Hempmont","article_modified_time":"2022-01-21T14:45:05+00:00","og_image":[{"url":"https:\/\/hempmont.pl\/wp-content\/uploads\/2021\/03\/render_classic.png","type":"","width":"","height":""}],"twitter_card":"summary_large_image","twitter_misc":{"Gesch\u00e4tzte Lesezeit":"2\u00a0Minuten"},"schema":{"@context":"https:\/\/schema.org","@graph":[{"@type":"WebPage","@id":"https:\/\/hempmont.pl\/promocja\/","url":"https:\/\/hempmont.pl\/promocja\/","name":"Promocja - Hempmont","isPartOf":{"@id":"https:\/\/hempmont.pl\/#website"},"primaryImageOfPage":{"@id":"https:\/\/hempmont.pl\/promocja\/#primaryimage"},"image":{"@id":"https:\/\/hempmont.pl\/promocja\/#primaryimage"},"thumbnailUrl":"https:\/\/hempmont.pl\/wp-content\/uploads\/2021\/03\/render_classic.png","datePublished":"2021-03-27T12:35:20+00:00","dateModified":"2022-01-21T14:45:05+00:00","breadcrumb":{"@id":"https:\/\/hempmont.pl\/promocja\/#breadcrumb"},"inLanguage":"de","potentialAction":[{"@type":"ReadAction","target":["https:\/\/hempmont.pl\/promocja\/"]}]},{"@type":"ImageObject","inLanguage":"de","@id":"https:\/\/hempmont.pl\/promocja\/#primaryimage","url":"https:\/\/hempmont.pl\/wp-content\/uploads\/2021\/03\/render_classic.png","contentUrl":"https:\/\/hempmont.pl\/wp-content\/uploads\/2021\/03\/render_classic.png"},{"@type":"BreadcrumbList","@id":"https:\/\/hempmont.pl\/promocja\/#breadcrumb","itemListElement":[{"@type":"ListItem","position":1,"name":"Strona g\u0142\u00f3wna","item":"https:\/\/hempmont.pl\/"},{"@type":"ListItem","position":2,"name":"Promocja"}]},{"@type":"WebSite","@id":"https:\/\/hempmont.pl\/#website","url":"https:\/\/hempmont.pl\/","name":"Hempmont","description":"","potentialAction":[{"@type":"SearchAction","target":{"@type":"EntryPoint","urlTemplate":"https:\/\/hempmont.pl\/?s={search_term_string}"},"query-input":{"@type":"PropertyValueSpecification","valueRequired":true,"valueName":"search_term_string"}}],"inLanguage":"de"}]}},"_links":{"self":[{"href":"https:\/\/hempmont.pl\/de\/wp-json\/wp\/v2\/pages\/20738","targetHints":{"allow":["GET"]}}],"collection":[{"href":"https:\/\/hempmont.pl\/de\/wp-json\/wp\/v2\/pages"}],"about":[{"href":"https:\/\/hempmont.pl\/de\/wp-json\/wp\/v2\/types\/page"}],"author":[{"embeddable":true,"href":"https:\/\/hempmont.pl\/de\/wp-json\/wp\/v2\/users\/1"}],"replies":[{"embeddable":true,"href":"https:\/\/hempmont.pl\/de\/wp-json\/wp\/v2\/comments?post=20738"}],"version-history":[{"count":0,"href":"https:\/\/hempmont.pl\/de\/wp-json\/wp\/v2\/pages\/20738\/revisions"}],"wp:attachment":[{"href":"https:\/\/hempmont.pl\/de\/wp-json\/wp\/v2\/media?parent=20738"}],"curies":[{"name":"wp","href":"https:\/\/api.w.org\/{rel}","templated":true}]}}