{"id":20122,"date":"2021-03-17T17:45:33","date_gmt":"2021-03-17T16:45:33","guid":{"rendered":"http:\/\/beta.hempmont.pl\/?page_id=20122"},"modified":"2024-10-02T18:57:41","modified_gmt":"2024-10-02T16:57:41","slug":"dostawa-i-platnosc","status":"publish","type":"page","link":"https:\/\/hempmont.pl\/de\/lieferung-und-zahlung\/","title":{"rendered":"Lieferung und Bezahlung"},"content":{"rendered":"<div data-elementor-type=\"wp-page\" data-elementor-id=\"20122\" class=\"elementor elementor-20122\">\n\t\t\t\t\t\t<section class=\"elementor-section elementor-top-section elementor-element elementor-element-2a06234 elementor-section-boxed elementor-section-height-default elementor-section-height-default\" data-id=\"2a06234\" data-element_type=\"section\">\n\t\t\t\t\t\t<div class=\"elementor-container elementor-column-gap-default\">\n\t\t\t\t\t<div class=\"elementor-column elementor-col-100 elementor-top-column elementor-element elementor-element-67b298f\" data-id=\"67b298f\" data-element_type=\"column\">\n\t\t\t<div class=\"elementor-widget-wrap elementor-element-populated\">\n\t\t\t\t\t\t<div class=\"elementor-element elementor-element-6dfa8b1 elementor-widget elementor-widget-text-editor\" data-id=\"6dfa8b1\" data-element_type=\"widget\" data-widget_type=\"text-editor.default\">\n\t\t\t\t<div class=\"elementor-widget-container\">\n\t\t\t\t\t\t\t\t\t<p><strong>Aktuelle Sonderangebote:<\/strong><br>Ab einem Bestellwert von 100 PLN ist ein kostenloser Versand per InPost Parcel Post m\u00f6glich, ab 150 PLN zus\u00e4tzlich per InPost Courier.<\/p>\n<p><strong>Gesch\u00e4tzte Lieferfrist in Polen<br><\/strong>Erteilte Auftr\u00e4ge&nbsp;<strong>bis 14 Uhr<\/strong> mit Versand durch InPost-Kurier oder Paczkomaty InPost, werden gesendet <strong>noch am selben Tag und am n\u00e4chsten Arbeitstag zugestellt.<\/strong> Bestellungen, die nach dieser Zeit aufgegeben werden, werden am n\u00e4chsten Tag versandt.<\/p>\n<p><strong>Preisliste f\u00fcr die Zustellung von Paketen innerhalb Polens<\/strong><br>- Kurier InPost - 12,00 z\u0142 (Vorauszahlung)<br>- Paczkomaty - 9,90 PLN (Vorauszahlung)&nbsp;<br>- Kurier InPost Nachnahme - 16,90 z\u0142 (Zahlung bei Lieferung)&nbsp;<\/p>\n<p><strong>Kosten f\u00fcr die Lieferung innerhalb der Europ\u00e4ischen Union&nbsp;<\/strong><br>- DPD oder DHL Kurierdienst - 69 PLN Lieferzeit ca. 3 Tage.<\/p>\n<p><strong>Pakete innerhalb Polens werden in 95% bereits am n\u00e4chsten Arbeitstag zugestellt.&nbsp;<\/strong><br>Sie erhalten von uns per E-Mail eine Sendungsverfolgungsnummer, wenn Sie Ihr Paket abschicken, so dass Sie die voraussichtliche Zustellungszeit per Kurier absch\u00e4tzen k\u00f6nnen.<\/p>\n<p><strong>Garantie f\u00fcr eine diskrete Verpackung.<br><\/strong>Aus R\u00fccksicht auf die Privatsph\u00e4re unserer Kunden versenden wir die Pakete so, dass ihr Inhalt nicht erkennbar ist.<\/p>\n<p><strong>Legalit\u00e4t von CBD-Produkten in Europa.<br><\/strong>Bevor Sie in ein anderes Land bestellen, machen Sie sich bitte mit den gesetzlichen Bestimmungen des Landes vertraut, in das Sie bestellen m\u00f6chten.<\/p>\n<p style=\"text-align: center;\"><strong>Die Zahlungen f\u00fcr die Bestellung werden \u00fcber den Expresszahlungsanbieter PayU abgewickelt<\/strong><\/p>\t\t\t\t\t\t\t\t<\/div>\n\t\t\t\t<\/div>\n\t\t\t\t<div class=\"elementor-element elementor-element-fa58f28 elementor-widget elementor-widget-spacer\" data-id=\"fa58f28\" data-element_type=\"widget\" data-widget_type=\"spacer.default\">\n\t\t\t\t<div class=\"elementor-widget-container\">\n\t\t\t\t\t\t\t<div class=\"elementor-spacer\">\n\t\t\t<div class=\"elementor-spacer-inner\"><\/div>\n\t\t<\/div>\n\t\t\t\t\t\t<\/div>\n\t\t\t\t<\/div>\n\t\t\t\t\t<\/div>\n\t\t<\/div>\n\t\t\t\t\t<\/div>\n\t\t<\/section>\n\t\t\t\t<section class=\"elementor-section elementor-top-section elementor-element elementor-element-a8af7bc elementor-section-boxed elementor-section-height-default elementor-section-height-default\" data-id=\"a8af7bc\" data-element_type=\"section\">\n\t\t\t\t\t\t<div class=\"elementor-container elementor-column-gap-default\">\n\t\t\t\t\t<div class=\"elementor-column elementor-col-100 elementor-top-column elementor-element elementor-element-8f363d8\" data-id=\"8f363d8\" data-element_type=\"column\">\n\t\t\t<div class=\"elementor-widget-wrap elementor-element-populated\">\n\t\t\t\t\t\t<div class=\"elementor-element elementor-element-2ee4efd elementor-widget elementor-widget-image\" data-id=\"2ee4efd\" data-element_type=\"widget\" data-widget_type=\"image.default\">\n\t\t\t\t<div class=\"elementor-widget-container\">\n\t\t\t\t\t\t\t\t\t\t\t\t\t\t\t<img fetchpriority=\"high\" decoding=\"async\" width=\"900\" height=\"422\" src=\"https:\/\/hempmont.pl\/wp-content\/uploads\/2021\/03\/metody-platnosci.png\" class=\"attachment-large size-large wp-image-20523\" alt=\"Zahlungsmethoden Hempmont.co.uk\" srcset=\"https:\/\/hempmont.pl\/wp-content\/uploads\/2021\/03\/metody-platnosci.png 900w, https:\/\/hempmont.pl\/wp-content\/uploads\/2021\/03\/metody-platnosci-300x141.png 300w, https:\/\/hempmont.pl\/wp-content\/uploads\/2021\/03\/metody-platnosci-768x360.png 768w, https:\/\/hempmont.pl\/wp-content\/uploads\/2021\/03\/metody-platnosci-100x47.png 100w, https:\/\/hempmont.pl\/wp-content\/uploads\/2021\/03\/metody-platnosci-800x375.png 800w, https:\/\/hempmont.pl\/wp-content\/uploads\/2021\/03\/metody-platnosci-600x281.png 600w\" sizes=\"(max-width: 900px) 100vw, 900px\" \/>\t\t\t\t\t\t\t\t\t\t\t\t\t\t\t<\/div>\n\t\t\t\t<\/div>\n\t\t\t\t\t<\/div>\n\t\t<\/div>\n\t\t\t\t\t<\/div>\n\t\t<\/section>\n\t\t\t\t<\/div>","protected":false},"excerpt":{"rendered":"<p>Aktuelle Aktionen:Ab einem Bestellwert von 100 PLN ist ein kostenloser Versand per Paketpost InPost m\u00f6glich, ab 150 PLN zus\u00e4tzlich per Kurier InPost. Gesch\u00e4tzte Lieferzeit in PolenBestellungen, die vor 14 Uhr mit Versand per InPost-Kurier oder Paczkomaty InPost aufgegeben werden, werden noch am selben Tag versandt und am n\u00e4chsten Werktag zugestellt. Bestellungen, die nach dieser Uhrzeit aufgegeben werden, werden am n\u00e4chsten Tag ausgeliefert. [...]<\/p>","protected":false},"author":1,"featured_media":0,"parent":0,"menu_order":0,"comment_status":"closed","ping_status":"closed","template":"","meta":{"footnotes":""},"class_list":["post-20122","page","type-page","status-publish","hentry"],"yoast_head":"<!-- This site is optimized with the Yoast SEO plugin v24.3 - https:\/\/yoast.com\/wordpress\/plugins\/seo\/ -->\n<title>Dostawa i p\u0142atno\u015b\u0107 - Hempmont<\/title>\n<meta name=\"robots\" content=\"index, follow, max-snippet:-1, max-image-preview:large, max-video-preview:-1\" \/>\n<link rel=\"canonical\" href=\"https:\/\/hempmont.pl\/de\/lieferung-und-zahlung\/\" \/>\n<meta property=\"og:locale\" content=\"de_DE\" \/>\n<meta property=\"og:type\" content=\"article\" \/>\n<meta property=\"og:title\" content=\"Dostawa i p\u0142atno\u015b\u0107 - Hempmont\" \/>\n<meta property=\"og:description\" content=\"Aktualne promocje:Do ka\u017cdego zam\u00f3wienia powy\u017cej 100z\u0142, dost\u0119pna jest darmowa wysy\u0142ka poprzez Paczkomat InPost, natomiast powy\u017cej 150z\u0142, dodatkowo&nbsp;Kurierem InPost. Szacunkowy czas dostawy na terenie PolskiZam\u00f3wienia z\u0142o\u017cone&nbsp;do godziny 14 z wysy\u0142k\u0105 kurierem InPost lub Paczkomaty InPost, s\u0105 wysy\u0142ane tego samego dnia i dostarczane w nast\u0119pny dzie\u0144 roboczy. Zam\u00f3wienia z\u0142o\u017cone po tej godzinie, wysy\u0142ane s\u0105 w dniu kolejnym. [&hellip;]\" \/>\n<meta property=\"og:url\" content=\"https:\/\/hempmont.pl\/de\/lieferung-und-zahlung\/\" \/>\n<meta property=\"og:site_name\" content=\"Hempmont\" \/>\n<meta property=\"article:modified_time\" content=\"2024-10-02T16:57:41+00:00\" \/>\n<meta property=\"og:image\" content=\"https:\/\/hempmont.pl\/wp-content\/uploads\/2021\/03\/metody-platnosci.png\" \/>\n<meta name=\"twitter:card\" content=\"summary_large_image\" \/>\n<meta name=\"twitter:label1\" content=\"Gesch\u00e4tzte Lesezeit\" \/>\n\t<meta name=\"twitter:data1\" content=\"2\u00a0Minuten\" \/>\n<script type=\"application\/ld+json\" class=\"yoast-schema-graph\">{\"@context\":\"https:\/\/schema.org\",\"@graph\":[{\"@type\":\"WebPage\",\"@id\":\"https:\/\/hempmont.pl\/dostawa-i-platnosc\/\",\"url\":\"https:\/\/hempmont.pl\/dostawa-i-platnosc\/\",\"name\":\"Dostawa i p\u0142atno\u015b\u0107 - Hempmont\",\"isPartOf\":{\"@id\":\"https:\/\/hempmont.pl\/#website\"},\"primaryImageOfPage\":{\"@id\":\"https:\/\/hempmont.pl\/dostawa-i-platnosc\/#primaryimage\"},\"image\":{\"@id\":\"https:\/\/hempmont.pl\/dostawa-i-platnosc\/#primaryimage\"},\"thumbnailUrl\":\"https:\/\/hempmont.pl\/wp-content\/uploads\/2021\/03\/metody-platnosci.png\",\"datePublished\":\"2021-03-17T16:45:33+00:00\",\"dateModified\":\"2024-10-02T16:57:41+00:00\",\"breadcrumb\":{\"@id\":\"https:\/\/hempmont.pl\/dostawa-i-platnosc\/#breadcrumb\"},\"inLanguage\":\"de\",\"potentialAction\":[{\"@type\":\"ReadAction\",\"target\":[\"https:\/\/hempmont.pl\/dostawa-i-platnosc\/\"]}]},{\"@type\":\"ImageObject\",\"inLanguage\":\"de\",\"@id\":\"https:\/\/hempmont.pl\/dostawa-i-platnosc\/#primaryimage\",\"url\":\"https:\/\/hempmont.pl\/wp-content\/uploads\/2021\/03\/metody-platnosci.png\",\"contentUrl\":\"https:\/\/hempmont.pl\/wp-content\/uploads\/2021\/03\/metody-platnosci.png\"},{\"@type\":\"BreadcrumbList\",\"@id\":\"https:\/\/hempmont.pl\/dostawa-i-platnosc\/#breadcrumb\",\"itemListElement\":[{\"@type\":\"ListItem\",\"position\":1,\"name\":\"Strona g\u0142\u00f3wna\",\"item\":\"https:\/\/hempmont.pl\/\"},{\"@type\":\"ListItem\",\"position\":2,\"name\":\"Dostawa i p\u0142atno\u015b\u0107\"}]},{\"@type\":\"WebSite\",\"@id\":\"https:\/\/hempmont.pl\/#website\",\"url\":\"https:\/\/hempmont.pl\/\",\"name\":\"Hempmont\",\"description\":\"\",\"potentialAction\":[{\"@type\":\"SearchAction\",\"target\":{\"@type\":\"EntryPoint\",\"urlTemplate\":\"https:\/\/hempmont.pl\/?s={search_term_string}\"},\"query-input\":{\"@type\":\"PropertyValueSpecification\",\"valueRequired\":true,\"valueName\":\"search_term_string\"}}],\"inLanguage\":\"de\"}]}<\/script>\n<!-- \/ Yoast SEO plugin. -->","yoast_head_json":{"title":"Dostawa i p\u0142atno\u015b\u0107 - Hempmont","robots":{"index":"index","follow":"follow","max-snippet":"max-snippet:-1","max-image-preview":"max-image-preview:large","max-video-preview":"max-video-preview:-1"},"canonical":"https:\/\/hempmont.pl\/de\/lieferung-und-zahlung\/","og_locale":"de_DE","og_type":"article","og_title":"Dostawa i p\u0142atno\u015b\u0107 - Hempmont","og_description":"Aktualne promocje:Do ka\u017cdego zam\u00f3wienia powy\u017cej 100z\u0142, dost\u0119pna jest darmowa wysy\u0142ka poprzez Paczkomat InPost, natomiast powy\u017cej 150z\u0142, dodatkowo&nbsp;Kurierem InPost. Szacunkowy czas dostawy na terenie PolskiZam\u00f3wienia z\u0142o\u017cone&nbsp;do godziny 14 z wysy\u0142k\u0105 kurierem InPost lub Paczkomaty InPost, s\u0105 wysy\u0142ane tego samego dnia i dostarczane w nast\u0119pny dzie\u0144 roboczy. Zam\u00f3wienia z\u0142o\u017cone po tej godzinie, wysy\u0142ane s\u0105 w dniu kolejnym. [&hellip;]","og_url":"https:\/\/hempmont.pl\/de\/lieferung-und-zahlung\/","og_site_name":"Hempmont","article_modified_time":"2024-10-02T16:57:41+00:00","og_image":[{"url":"https:\/\/hempmont.pl\/wp-content\/uploads\/2021\/03\/metody-platnosci.png","type":"","width":"","height":""}],"twitter_card":"summary_large_image","twitter_misc":{"Gesch\u00e4tzte Lesezeit":"2\u00a0Minuten"},"schema":{"@context":"https:\/\/schema.org","@graph":[{"@type":"WebPage","@id":"https:\/\/hempmont.pl\/dostawa-i-platnosc\/","url":"https:\/\/hempmont.pl\/dostawa-i-platnosc\/","name":"Dostawa i p\u0142atno\u015b\u0107 - Hempmont","isPartOf":{"@id":"https:\/\/hempmont.pl\/#website"},"primaryImageOfPage":{"@id":"https:\/\/hempmont.pl\/dostawa-i-platnosc\/#primaryimage"},"image":{"@id":"https:\/\/hempmont.pl\/dostawa-i-platnosc\/#primaryimage"},"thumbnailUrl":"https:\/\/hempmont.pl\/wp-content\/uploads\/2021\/03\/metody-platnosci.png","datePublished":"2021-03-17T16:45:33+00:00","dateModified":"2024-10-02T16:57:41+00:00","breadcrumb":{"@id":"https:\/\/hempmont.pl\/dostawa-i-platnosc\/#breadcrumb"},"inLanguage":"de","potentialAction":[{"@type":"ReadAction","target":["https:\/\/hempmont.pl\/dostawa-i-platnosc\/"]}]},{"@type":"ImageObject","inLanguage":"de","@id":"https:\/\/hempmont.pl\/dostawa-i-platnosc\/#primaryimage","url":"https:\/\/hempmont.pl\/wp-content\/uploads\/2021\/03\/metody-platnosci.png","contentUrl":"https:\/\/hempmont.pl\/wp-content\/uploads\/2021\/03\/metody-platnosci.png"},{"@type":"BreadcrumbList","@id":"https:\/\/hempmont.pl\/dostawa-i-platnosc\/#breadcrumb","itemListElement":[{"@type":"ListItem","position":1,"name":"Strona g\u0142\u00f3wna","item":"https:\/\/hempmont.pl\/"},{"@type":"ListItem","position":2,"name":"Dostawa i p\u0142atno\u015b\u0107"}]},{"@type":"WebSite","@id":"https:\/\/hempmont.pl\/#website","url":"https:\/\/hempmont.pl\/","name":"Hempmont","description":"","potentialAction":[{"@type":"SearchAction","target":{"@type":"EntryPoint","urlTemplate":"https:\/\/hempmont.pl\/?s={search_term_string}"},"query-input":{"@type":"PropertyValueSpecification","valueRequired":true,"valueName":"search_term_string"}}],"inLanguage":"de"}]}},"_links":{"self":[{"href":"https:\/\/hempmont.pl\/de\/wp-json\/wp\/v2\/pages\/20122","targetHints":{"allow":["GET"]}}],"collection":[{"href":"https:\/\/hempmont.pl\/de\/wp-json\/wp\/v2\/pages"}],"about":[{"href":"https:\/\/hempmont.pl\/de\/wp-json\/wp\/v2\/types\/page"}],"author":[{"embeddable":true,"href":"https:\/\/hempmont.pl\/de\/wp-json\/wp\/v2\/users\/1"}],"replies":[{"embeddable":true,"href":"https:\/\/hempmont.pl\/de\/wp-json\/wp\/v2\/comments?post=20122"}],"version-history":[{"count":3,"href":"https:\/\/hempmont.pl\/de\/wp-json\/wp\/v2\/pages\/20122\/revisions"}],"predecessor-version":[{"id":37791,"href":"https:\/\/hempmont.pl\/de\/wp-json\/wp\/v2\/pages\/20122\/revisions\/37791"}],"wp:attachment":[{"href":"https:\/\/hempmont.pl\/de\/wp-json\/wp\/v2\/media?parent=20122"}],"curies":[{"name":"wp","href":"https:\/\/api.w.org\/{rel}","templated":true}]}}