{"id":13611,"date":"2020-04-13T22:21:39","date_gmt":"2020-04-13T22:21:39","guid":{"rendered":"http:\/\/beta.hempmont.pl\/?page_id=13611"},"modified":"2023-11-23T11:29:26","modified_gmt":"2023-11-23T10:29:26","slug":"kontakt","status":"publish","type":"page","link":"https:\/\/hempmont.pl\/de\/kontakt\/","title":{"rendered":"Kontakt"},"content":{"rendered":"<div data-elementor-type=\"wp-page\" data-elementor-id=\"13611\" class=\"elementor elementor-13611\">\n\t\t\t\t\t\t<section class=\"elementor-section elementor-top-section elementor-element elementor-element-3724f34 elementor-section-boxed elementor-section-height-default elementor-section-height-default\" data-id=\"3724f34\" data-element_type=\"section\">\n\t\t\t\t\t\t<div class=\"elementor-container elementor-column-gap-no\">\n\t\t\t\t\t<div class=\"elementor-column elementor-col-100 elementor-top-column elementor-element elementor-element-9b8c152\" data-id=\"9b8c152\" data-element_type=\"column\">\n\t\t\t<div class=\"elementor-widget-wrap elementor-element-populated\">\n\t\t\t\t\t\t<div class=\"elementor-element elementor-element-e42573f lte-contacts-icons elementor-widget elementor-widget-lte-icons\" data-id=\"e42573f\" data-element_type=\"widget\" data-widget_type=\"lte-icons.default\">\n\t\t\t\t<div class=\"elementor-widget-container\">\n\t\t\t\t\t<ul class=\"lte-block-icon has-descr  icons-count-4 lte-icon-space-md lte-icon-shape-circle lte-icon-background-gray lte-icon-border-disabled lte-icon-color-main lte-icon-divider-dashed lte-icon-inner-padding-no lte-icon-padding-disabled lte-icon-size-small lte-header-color-main lte-icon-type-top lte-icon-align- layout-cols4 lte-additional-disabled\"><li class=\"col-lg-3 col-md-3 col-sm-6 col-ms-6 col-xs-6\"><div   class=\"lte-inner\"><i aria-hidden=\"true\" class=\"icon icon-mail\"><\/i><span class=\"lte-icon-content\"> <span class=\"lte-header lte-h6\"> E-Mail 24\/7 <\/span> <span class=\"lte-descr\">pomoc@hempmont.pl<br \/>\n<\/span><\/span><\/div><\/li><li class=\"col-lg-3 col-md-3 col-sm-6 col-ms-6 col-xs-6\"><div   class=\"lte-inner\"><i aria-hidden=\"true\" class=\"icon icon-clock-2\"><\/i><span class=\"lte-icon-content\"> <span class=\"lte-header lte-h6\"> Arbeitszeiten <\/span> <span class=\"lte-descr\">Montag - Freitag<br \/>\n9:00 - 16:00<\/span><\/span><\/div><\/li><li class=\"col-lg-3 col-md-3 col-sm-6 col-ms-6 col-xs-6\"><div   class=\"lte-inner\"><i aria-hidden=\"true\" class=\"icon icon-call\"><\/i><span class=\"lte-icon-content\"> <span class=\"lte-header lte-h6\"> Hotline\/Bestellungen <\/span> <span class=\"lte-descr\">+48 792 337 367<\/span><\/span><\/div><\/li><li class=\"col-lg-3 col-md-3 col-sm-6 col-ms-6 col-xs-6\"><div   class=\"lte-inner\"><i aria-hidden=\"true\" class=\"icon icon-avatar\"><\/i><span class=\"lte-icon-content\"> <span class=\"lte-header lte-h6\"> Chat mit einem Berater <\/span> <span class=\"lte-descr\">Jeden Tag bis 21 Uhr. Klicken Sie auf die untere rechte Ecke, um das Gespr\u00e4ch zu beginnen. <\/span><\/span><\/div><\/li><\/ul>\t\t\t\t<\/div>\n\t\t\t\t<\/div>\n\t\t\t\t<div class=\"elementor-element elementor-element-16d0b91 elementor-widget elementor-widget-spacer\" data-id=\"16d0b91\" data-element_type=\"widget\" data-widget_type=\"spacer.default\">\n\t\t\t\t<div class=\"elementor-widget-container\">\n\t\t\t\t\t\t\t<div class=\"elementor-spacer\">\n\t\t\t<div class=\"elementor-spacer-inner\"><\/div>\n\t\t<\/div>\n\t\t\t\t\t\t<\/div>\n\t\t\t\t<\/div>\n\t\t\t\t\t<\/div>\n\t\t<\/div>\n\t\t\t\t\t<\/div>\n\t\t<\/section>\n\t\t\t\t<section class=\"elementor-section elementor-top-section elementor-element elementor-element-5195b5e elementor-section-boxed elementor-section-height-default elementor-section-height-default\" data-id=\"5195b5e\" data-element_type=\"section\">\n\t\t\t\t\t\t<div class=\"elementor-container elementor-column-gap-default\">\n\t\t\t\t\t<div class=\"elementor-column elementor-col-33 elementor-top-column elementor-element elementor-element-53e5d6c\" data-id=\"53e5d6c\" data-element_type=\"column\">\n\t\t\t<div class=\"elementor-widget-wrap elementor-element-populated\">\n\t\t\t\t\t\t<div class=\"elementor-element elementor-element-ed10cfb elementor-widget elementor-widget-spacer\" data-id=\"ed10cfb\" data-element_type=\"widget\" data-widget_type=\"spacer.default\">\n\t\t\t\t<div class=\"elementor-widget-container\">\n\t\t\t\t\t\t\t<div class=\"elementor-spacer\">\n\t\t\t<div class=\"elementor-spacer-inner\"><\/div>\n\t\t<\/div>\n\t\t\t\t\t\t<\/div>\n\t\t\t\t<\/div>\n\t\t\t\t<div class=\"elementor-element elementor-element-f666c81 lte-heading-style-header-dash elementor-widget elementor-widget-lte-header\" data-id=\"f666c81\" data-element_type=\"widget\" data-widget_type=\"lte-header.default\">\n\t\t\t\t<div class=\"elementor-widget-container\">\n\t\t\t\t\t<div class=\"lte-heading lte-style-header-dash lte-subcolor-main heading-tag-h4 heading-subtag-h6\"><div class=\"lte-heading-content\"><h4 class=\"lte-header\">Adresse<\/h4><\/div><\/div>\t\t\t\t<\/div>\n\t\t\t\t<\/div>\n\t\t\t\t<div class=\"elementor-element elementor-element-c2ed0d5 elementor-widget elementor-widget-text-editor\" data-id=\"c2ed0d5\" data-element_type=\"widget\" data-widget_type=\"text-editor.default\">\n\t\t\t\t<div class=\"elementor-widget-container\">\n\t\t\t\t\t\t\t\t\t<p>Korrespondenz:<br \/>Hempmont<br \/>al. Jerozolimskie 89\/43<br \/>02-001 Warsaw<\/p>\t\t\t\t\t\t\t\t<\/div>\n\t\t\t\t<\/div>\n\t\t\t\t\t<\/div>\n\t\t<\/div>\n\t\t\t\t<div class=\"elementor-column elementor-col-66 elementor-top-column elementor-element elementor-element-5b15c79\" data-id=\"5b15c79\" data-element_type=\"column\">\n\t\t\t<div class=\"elementor-widget-wrap elementor-element-populated\">\n\t\t\t\t\t\t<div class=\"elementor-element elementor-element-8bd9bb5 elementor-widget elementor-widget-spacer\" data-id=\"8bd9bb5\" data-element_type=\"widget\" data-widget_type=\"spacer.default\">\n\t\t\t\t<div class=\"elementor-widget-container\">\n\t\t\t\t\t\t\t<div class=\"elementor-spacer\">\n\t\t\t<div class=\"elementor-spacer-inner\"><\/div>\n\t\t<\/div>\n\t\t\t\t\t\t<\/div>\n\t\t\t\t<\/div>\n\t\t\t\t<div class=\"elementor-element elementor-element-c76a175 lte-heading-style-header-dash elementor-widget elementor-widget-lte-header\" data-id=\"c76a175\" data-element_type=\"widget\" data-widget_type=\"lte-header.default\">\n\t\t\t\t<div class=\"elementor-widget-container\">\n\t\t\t\t\t<div class=\"lte-heading lte-style-header-dash lte-subcolor-main heading-tag-h4 heading-subtag-h6\"><div class=\"lte-heading-content\"><h4 class=\"lte-header\">Nachricht senden<\/h4><\/div><\/div>\t\t\t\t<\/div>\n\t\t\t\t<\/div>\n\t\t\t\t<div class=\"elementor-element elementor-element-89ff2b2 elementor-widget elementor-widget-text-editor\" data-id=\"89ff2b2\" data-element_type=\"widget\" data-widget_type=\"text-editor.default\">\n\t\t\t\t<div class=\"elementor-widget-container\">\n\t\t\t\t\t\t\t\t\t<p>Wenn Sie Hilfe bei der Auswahl des richtigen Produkts ben\u00f6tigen oder eine andere Frage zu unseren Produkten haben, f\u00fcllen Sie das Formular aus und unsere Spezialisten werden sich innerhalb von 6 Stunden mit Ihnen in Verbindung setzen oder Ihre Frage beantworten.<\/p>\t\t\t\t\t\t\t\t<\/div>\n\t\t\t\t<\/div>\n\t\t\t\t<div class=\"elementor-element elementor-element-9d9add7 elementor-widget elementor-widget-lte-cf7\" data-id=\"9d9add7\" data-element_type=\"widget\" data-widget_type=\"lte-cf7.default\">\n\t\t\t\t<div class=\"elementor-widget-container\">\n\t\t\t\t\t<div class=\"lte-contact-form-7 lte-padding- lte-full-width-no\">\n<div class=\"wpcf7 no-js\" id=\"wpcf7-f12000-o1\" lang=\"en-US\" dir=\"ltr\" data-wpcf7-id=\"12000\">\n<div class=\"screen-reader-response\"><p role=\"status\" aria-live=\"polite\" aria-atomic=\"true\"><\/p> <ul><\/ul><\/div>\n<form action=\"\/de\/wp-json\/wp\/v2\/pages\/13611#wpcf7-f12000-o1\" method=\"post\" class=\"wpcf7-form init\" aria-label=\"Kontakt-Formular\" novalidate=\"novalidate\" data-status=\"init\" data-trp-original-action=\"\/de\/wp-json\/wp\/v2\/pages\/13611#wpcf7-f12000-o1\">\n<div style=\"display: none;\">\n<input type=\"hidden\" name=\"_wpcf7\" value=\"12000\" \/>\n<input type=\"hidden\" name=\"_wpcf7_version\" value=\"6.0.3\" \/>\n<input type=\"hidden\" name=\"_wpcf7_locale\" value=\"en_US\" \/>\n<input type=\"hidden\" name=\"_wpcf7_unit_tag\" value=\"wpcf7-f12000-o1\" \/>\n<input type=\"hidden\" name=\"_wpcf7_container_post\" value=\"0\" \/>\n<input type=\"hidden\" name=\"_wpcf7_posted_data_hash\" value=\"\" \/>\n<\/div>\n<div class=\"row\">\n\t<div class=\"col-lg-6 col-md-12 col-xs-12\">\n\t\t<p><span class=\"wpcf7-form-control-wrap\" data-name=\"field-name\"><input size=\"40\" maxlength=\"400\" class=\"wpcf7-form-control wpcf7-text wpcf7-validates-as-required\" aria-required=\"true\" aria-invalid=\"false\" placeholder=\"Ihr Name\" value=\"\" type=\"text\" name=\"field-name\" \/><\/span>\n\t\t<\/p>\n\t<\/div>\n\t<div class=\"col-lg-6 col-md-12 col-xs-12\">\n\t\t<p><span class=\"wpcf7-form-control-wrap\" data-name=\"field-email\"><input size=\"40\" maxlength=\"400\" class=\"wpcf7-form-control wpcf7-email wpcf7-validates-as-required wpcf7-text wpcf7-validates-as-email\" aria-required=\"true\" aria-invalid=\"false\" placeholder=\"Deine E-Mail\" value=\"\" type=\"email\" name=\"field-email\" \/><\/span>\n\t\t<\/p>\n\t<\/div>\n\t<div class=\"col-lg-12 col-md-12 col-xs-12\">\n\t\t<p><span class=\"wpcf7-form-control-wrap\" data-name=\"field-message\"><textarea cols=\"40\" rows=\"10\" maxlength=\"2000\" class=\"wpcf7-form-control wpcf7-textarea\" aria-invalid=\"false\" placeholder=\"Nachricht\" name=\"field-message\"><\/textarea><\/span>\n\t\t<\/p>\n\t\t<div class=\"row\">\n\t\t\t<div class=\"col-lg-6 col-md-12 col-xs-12\">\n\t\t\t\t<p><span class=\"wpcf7-form-control-wrap\" data-name=\"quiz-818\"><label><span class=\"wpcf7-quiz-label\">Spam-Filter. Was ist das Ergebnis der Addition von 2 und 3?<\/span> <input size=\"40\" class=\"wpcf7-form-control wpcf7-quiz\" autocomplete=\"off\" aria-required=\"true\" aria-invalid=\"false\" type=\"text\" name=\"quiz-818\" \/><\/label><input type=\"hidden\" name=\"_wpcf7_quiz_answer_quiz-818\" value=\"5588f0d10fda244f730bfe7a5bec0210\" \/><\/span>\n\t\t\t\t<\/p>\n\t\t\t\t<div class=\"row\">\n\t\t\t\t<\/div>\n\t\t\t<\/div>\n\t\t\t<p><input class=\"wpcf7-form-control wpcf7-submit has-spinner\" type=\"submit\" value=\"Senden Sie\" \/>\n\t\t\t<\/p>\n\t\t<\/div>\n\t<\/div>\n<\/div><input type=\"hidden\" id=\"ct_checkjs_cf7_e3796ae838835da0b6f6ea37bcf8bcb7\" name=\"ct_checkjs_cf7\" value=\"0\" \/><script >setTimeout(function(){var ct_input_name = \"ct_checkjs_cf7_e3796ae838835da0b6f6ea37bcf8bcb7\";if (document.getElementById(ct_input_name) !== null) {var ct_input_value = document.getElementById(ct_input_name).value;document.getElementById(ct_input_name).value = document.getElementById(ct_input_name).value.replace(ct_input_value, '1933028321');}}, 1000);<\/script><label id=\"apbct_label_id_74086\" class=\"apbct_special_field\"><input\n                    class=\"apbct_special_field apbct__email_id__wp_contact_form_7\"\n                    name=\"apbct_email_id__wp_contact_form_7\"\n                    type=\"text\" size=\"30\" maxlength=\"200\" autocomplete=\"off\"\n                    value=\"\"\n                \/><\/label><div class=\"wpcf7-response-output\" aria-hidden=\"true\"><\/div>\n<label id=\"apbct_label_id_5985\" class=\"apbct_special_field\"><input\n                    class=\"apbct_special_field apbct__email_id__elementor_form\"\n                    name=\"apbct_email_id__elementor_form\"\n                    type=\"text\" size=\"30\" maxlength=\"200\" autocomplete=\"off\"\n                    value=\"\"\n                \/><\/label><input type=\"hidden\" name=\"trp-form-language\" value=\"de\"\/><\/form>\n<\/div>\n<\/div>\t\t\t\t<\/div>\n\t\t\t\t<\/div>\n\t\t\t\t\t<\/div>\n\t\t<\/div>\n\t\t\t\t\t<\/div>\n\t\t<\/section>\n\t\t\t\t<\/div>","protected":false},"excerpt":{"rendered":"<p>Email 24\/7 pomoc@hempmont.pl Gesch\u00e4ftszeiten Montag - Freitag 9:00 - 16:00 Uhr Hotline \/ Bestellungen +48 792 337 367 Chat mit einem Berater T\u00e4glich bis 21:00 Uhr. Klicken Sie unten rechts, um ein Gespr\u00e4ch zu beginnen. Adresse Korrespondenz:Hempmontal. Jerozolimskie 89\/4302-001 Warschau Senden Sie eine Nachricht Wenn Sie Hilfe bei der Auswahl des richtigen Produkts ben\u00f6tigen oder eine andere Frage zu unseren Produkten haben, f\u00fcllen Sie bitte [...].<\/p>","protected":false},"author":1,"featured_media":31687,"parent":0,"menu_order":0,"comment_status":"closed","ping_status":"closed","template":"page-templates\/full-width.php","meta":{"footnotes":""},"class_list":["post-13611","page","type-page","status-publish","has-post-thumbnail","hentry"],"yoast_head":"<!-- This site is optimized with the Yoast SEO plugin v24.3 - https:\/\/yoast.com\/wordpress\/plugins\/seo\/ -->\n<title>Skontaktuj si\u0119 z nami! Hempmont CBD Solutions - Hempmont<\/title>\n<meta name=\"description\" content=\"Skontaktuj si\u0119 z nami i dowiedz wi\u0119cej o CBD. Zapewniamy kompleksow\u0105 pomoc w doborze i sprzeda\u017cy legalnych konopi.\" \/>\n<meta name=\"robots\" content=\"noindex, nofollow\" \/>\n<meta property=\"og:locale\" content=\"de_DE\" \/>\n<meta property=\"og:type\" content=\"article\" \/>\n<meta property=\"og:title\" content=\"Skontaktuj si\u0119 z nami! Hempmont CBD Solutions - Hempmont\" \/>\n<meta property=\"og:description\" content=\"Skontaktuj si\u0119 z nami i dowiedz wi\u0119cej o CBD. Zapewniamy kompleksow\u0105 pomoc w doborze i sprzeda\u017cy legalnych konopi.\" \/>\n<meta property=\"og:url\" content=\"https:\/\/hempmont.pl\/de\/kontakt\/\" \/>\n<meta property=\"og:site_name\" content=\"Hempmont\" \/>\n<meta property=\"article:modified_time\" content=\"2023-11-23T10:29:26+00:00\" \/>\n<meta property=\"og:image\" content=\"https:\/\/hempmont.pl\/wp-content\/uploads\/2023\/01\/IMG_7602-min-21-7.jpg\" \/>\n\t<meta property=\"og:image:width\" content=\"1405\" \/>\n\t<meta property=\"og:image:height\" content=\"727\" \/>\n\t<meta property=\"og:image:type\" content=\"image\/jpeg\" \/>\n<meta name=\"twitter:card\" content=\"summary_large_image\" \/>\n<meta name=\"twitter:label1\" content=\"Gesch\u00e4tzte Lesezeit\" \/>\n\t<meta name=\"twitter:data1\" content=\"1\u00a0Minute\" \/>\n<script type=\"application\/ld+json\" class=\"yoast-schema-graph\">{\"@context\":\"https:\/\/schema.org\",\"@graph\":[{\"@type\":\"WebPage\",\"@id\":\"https:\/\/hempmont.pl\/kontakt\/\",\"url\":\"https:\/\/hempmont.pl\/kontakt\/\",\"name\":\"Skontaktuj si\u0119 z nami! Hempmont CBD Solutions - Hempmont\",\"isPartOf\":{\"@id\":\"https:\/\/hempmont.pl\/#website\"},\"primaryImageOfPage\":{\"@id\":\"https:\/\/hempmont.pl\/kontakt\/#primaryimage\"},\"image\":{\"@id\":\"https:\/\/hempmont.pl\/kontakt\/#primaryimage\"},\"thumbnailUrl\":\"https:\/\/hempmont.pl\/wp-content\/uploads\/2023\/01\/IMG_7602-min-21-7.jpg\",\"datePublished\":\"2020-04-13T22:21:39+00:00\",\"dateModified\":\"2023-11-23T10:29:26+00:00\",\"description\":\"Skontaktuj si\u0119 z nami i dowiedz wi\u0119cej o CBD. Zapewniamy kompleksow\u0105 pomoc w doborze i sprzeda\u017cy legalnych konopi.\",\"breadcrumb\":{\"@id\":\"https:\/\/hempmont.pl\/kontakt\/#breadcrumb\"},\"inLanguage\":\"de\",\"potentialAction\":[{\"@type\":\"ReadAction\",\"target\":[\"https:\/\/hempmont.pl\/kontakt\/\"]}]},{\"@type\":\"ImageObject\",\"inLanguage\":\"de\",\"@id\":\"https:\/\/hempmont.pl\/kontakt\/#primaryimage\",\"url\":\"https:\/\/hempmont.pl\/wp-content\/uploads\/2023\/01\/IMG_7602-min-21-7.jpg\",\"contentUrl\":\"https:\/\/hempmont.pl\/wp-content\/uploads\/2023\/01\/IMG_7602-min-21-7.jpg\",\"width\":1405,\"height\":727},{\"@type\":\"BreadcrumbList\",\"@id\":\"https:\/\/hempmont.pl\/kontakt\/#breadcrumb\",\"itemListElement\":[{\"@type\":\"ListItem\",\"position\":1,\"name\":\"Strona g\u0142\u00f3wna\",\"item\":\"https:\/\/hempmont.pl\/\"},{\"@type\":\"ListItem\",\"position\":2,\"name\":\"Kontakt\"}]},{\"@type\":\"WebSite\",\"@id\":\"https:\/\/hempmont.pl\/#website\",\"url\":\"https:\/\/hempmont.pl\/\",\"name\":\"Hempmont\",\"description\":\"\",\"potentialAction\":[{\"@type\":\"SearchAction\",\"target\":{\"@type\":\"EntryPoint\",\"urlTemplate\":\"https:\/\/hempmont.pl\/?s={search_term_string}\"},\"query-input\":{\"@type\":\"PropertyValueSpecification\",\"valueRequired\":true,\"valueName\":\"search_term_string\"}}],\"inLanguage\":\"de\"}]}<\/script>\n<!-- \/ Yoast SEO plugin. -->","yoast_head_json":{"title":"Skontaktuj si\u0119 z nami! Hempmont CBD Solutions - Hempmont","description":"Skontaktuj si\u0119 z nami i dowiedz wi\u0119cej o CBD. Zapewniamy kompleksow\u0105 pomoc w doborze i sprzeda\u017cy legalnych konopi.","robots":{"index":"noindex","follow":"nofollow"},"og_locale":"de_DE","og_type":"article","og_title":"Skontaktuj si\u0119 z nami! Hempmont CBD Solutions - Hempmont","og_description":"Skontaktuj si\u0119 z nami i dowiedz wi\u0119cej o CBD. Zapewniamy kompleksow\u0105 pomoc w doborze i sprzeda\u017cy legalnych konopi.","og_url":"https:\/\/hempmont.pl\/de\/kontakt\/","og_site_name":"Hempmont","article_modified_time":"2023-11-23T10:29:26+00:00","og_image":[{"width":1405,"height":727,"url":"https:\/\/hempmont.pl\/wp-content\/uploads\/2023\/01\/IMG_7602-min-21-7.jpg","type":"image\/jpeg"}],"twitter_card":"summary_large_image","twitter_misc":{"Gesch\u00e4tzte Lesezeit":"1\u00a0Minute"},"schema":{"@context":"https:\/\/schema.org","@graph":[{"@type":"WebPage","@id":"https:\/\/hempmont.pl\/kontakt\/","url":"https:\/\/hempmont.pl\/kontakt\/","name":"Skontaktuj si\u0119 z nami! Hempmont CBD Solutions - Hempmont","isPartOf":{"@id":"https:\/\/hempmont.pl\/#website"},"primaryImageOfPage":{"@id":"https:\/\/hempmont.pl\/kontakt\/#primaryimage"},"image":{"@id":"https:\/\/hempmont.pl\/kontakt\/#primaryimage"},"thumbnailUrl":"https:\/\/hempmont.pl\/wp-content\/uploads\/2023\/01\/IMG_7602-min-21-7.jpg","datePublished":"2020-04-13T22:21:39+00:00","dateModified":"2023-11-23T10:29:26+00:00","description":"Skontaktuj si\u0119 z nami i dowiedz wi\u0119cej o CBD. Zapewniamy kompleksow\u0105 pomoc w doborze i sprzeda\u017cy legalnych konopi.","breadcrumb":{"@id":"https:\/\/hempmont.pl\/kontakt\/#breadcrumb"},"inLanguage":"de","potentialAction":[{"@type":"ReadAction","target":["https:\/\/hempmont.pl\/kontakt\/"]}]},{"@type":"ImageObject","inLanguage":"de","@id":"https:\/\/hempmont.pl\/kontakt\/#primaryimage","url":"https:\/\/hempmont.pl\/wp-content\/uploads\/2023\/01\/IMG_7602-min-21-7.jpg","contentUrl":"https:\/\/hempmont.pl\/wp-content\/uploads\/2023\/01\/IMG_7602-min-21-7.jpg","width":1405,"height":727},{"@type":"BreadcrumbList","@id":"https:\/\/hempmont.pl\/kontakt\/#breadcrumb","itemListElement":[{"@type":"ListItem","position":1,"name":"Strona g\u0142\u00f3wna","item":"https:\/\/hempmont.pl\/"},{"@type":"ListItem","position":2,"name":"Kontakt"}]},{"@type":"WebSite","@id":"https:\/\/hempmont.pl\/#website","url":"https:\/\/hempmont.pl\/","name":"Hempmont","description":"","potentialAction":[{"@type":"SearchAction","target":{"@type":"EntryPoint","urlTemplate":"https:\/\/hempmont.pl\/?s={search_term_string}"},"query-input":{"@type":"PropertyValueSpecification","valueRequired":true,"valueName":"search_term_string"}}],"inLanguage":"de"}]}},"_links":{"self":[{"href":"https:\/\/hempmont.pl\/de\/wp-json\/wp\/v2\/pages\/13611","targetHints":{"allow":["GET"]}}],"collection":[{"href":"https:\/\/hempmont.pl\/de\/wp-json\/wp\/v2\/pages"}],"about":[{"href":"https:\/\/hempmont.pl\/de\/wp-json\/wp\/v2\/types\/page"}],"author":[{"embeddable":true,"href":"https:\/\/hempmont.pl\/de\/wp-json\/wp\/v2\/users\/1"}],"replies":[{"embeddable":true,"href":"https:\/\/hempmont.pl\/de\/wp-json\/wp\/v2\/comments?post=13611"}],"version-history":[{"count":8,"href":"https:\/\/hempmont.pl\/de\/wp-json\/wp\/v2\/pages\/13611\/revisions"}],"predecessor-version":[{"id":35317,"href":"https:\/\/hempmont.pl\/de\/wp-json\/wp\/v2\/pages\/13611\/revisions\/35317"}],"wp:featuredmedia":[{"embeddable":true,"href":"https:\/\/hempmont.pl\/de\/wp-json\/wp\/v2\/media\/31687"}],"wp:attachment":[{"href":"https:\/\/hempmont.pl\/de\/wp-json\/wp\/v2\/media?parent=13611"}],"curies":[{"name":"wp","href":"https:\/\/api.w.org\/{rel}","templated":true}]}}